{"id":75,"date":"2020-06-02T09:36:54","date_gmt":"2020-06-02T07:36:54","guid":{"rendered":"https:\/\/octaedro.com\/octaedro-infantil\/producto\/import-placeholder-for-17367\/"},"modified":"2020-06-02T11:57:09","modified_gmt":"2020-06-02T09:57:09","slug":"ensenar-y-aprender","status":"publish","type":"product","link":"https:\/\/octaedro.com\/octaedro-infantil\/producto\/ensenar-y-aprender\/","title":{"rendered":"Ense\u00f1ar y aprender"},"content":{"rendered":"<p>Las motivaciones que nos impulsan a editar este libro son m\u00faltiples, pero nos gustar\u00eda referirnos especialmente a tres de ellas: el pensamiento de Vigotski, el tema ense\u00f1ar-aprender y el autor del texto.Posiblemente, el pensamiento de Vigotski sea el m\u00e1s actual, considerado y debatido de los viejos pensamientos psicopedag\u00f3gicos del siglo XX. Conceptos como los de la zona de desarrollo proximal, el di\u00e1logo entre el ni\u00f1o y su futuro, y el ver, reconocer y considerar a cada ni\u00f1o como un ser \u00fanico e irrepetible, una persona que vive y se construye en sociedad, son de una gran trascendencia para nuestro trabajo de cada d\u00eda en la escuela. Ense\u00f1ar-aprender, el tema central del libro, se muestra con una clara concepci\u00f3n de reciprocidad, de di\u00e1logo, de colaboraci\u00f3n, en un sistema vivo de relaciones, como un todo indisociable.<\/p>\n","protected":false},"excerpt":{"rendered":"<p>Las motivaciones que nos impulsan a editar este libro son m\u00faltiples, pero nos gustar\u00eda referirnos especialmente a tres de ellas: el pensamiento de Vigotski, el tema ense\u00f1ar-aprender y el autor del texto.Posiblemente, el pensamiento de Vigotski sea el m\u00e1s actual, considerado y debatido de los viejos pensamientos psicopedag\u00f3gicos del siglo XX. Conceptos como los de la zona de desarrollo proximal, el di\u00e1logo entre el ni\u00f1o y su futuro, y el ver, reconocer y considerar a cada ni\u00f1o como un ser \u00fanico e irrepetible, una persona que vive y se construye en sociedad, son de una gran trascendencia para nuestro trabajo de cada d\u00eda en la escuela. Ense\u00f1ar-aprender, el tema central del libro, se muestra con una clara concepci\u00f3n de reciprocidad, de di\u00e1logo, de colaboraci\u00f3n, en un sistema vivo de relaciones, como un todo indisociable.<\/p>\n","protected":false},"featured_media":105,"comment_status":"open","ping_status":"closed","template":"","meta":{"_et_pb_use_builder":"","_et_pb_old_content":"","_et_gb_content_width":""},"product_brand":[],"product_cat":[19,32],"product_tag":[25],"class_list":{"0":"post-75","1":"product","2":"type-product","3":"status-publish","4":"has-post-thumbnail","6":"product_cat-editorial-octaedro","7":"product_cat-temas-de-infancia","8":"product_tag-edicion-impresa","10":"first","11":"instock","12":"shipping-taxable","13":"product-type-external"},"_links":{"self":[{"href":"https:\/\/octaedro.com\/octaedro-infantil\/wp-json\/wp\/v2\/product\/75","targetHints":{"allow":["GET"]}}],"collection":[{"href":"https:\/\/octaedro.com\/octaedro-infantil\/wp-json\/wp\/v2\/product"}],"about":[{"href":"https:\/\/octaedro.com\/octaedro-infantil\/wp-json\/wp\/v2\/types\/product"}],"replies":[{"embeddable":true,"href":"https:\/\/octaedro.com\/octaedro-infantil\/wp-json\/wp\/v2\/comments?post=75"}],"wp:featuredmedia":[{"embeddable":true,"href":"https:\/\/octaedro.com\/octaedro-infantil\/wp-json\/wp\/v2\/media\/105"}],"wp:attachment":[{"href":"https:\/\/octaedro.com\/octaedro-infantil\/wp-json\/wp\/v2\/media?parent=75"}],"wp:term":[{"taxonomy":"product_brand","embeddable":true,"href":"https:\/\/octaedro.com\/octaedro-infantil\/wp-json\/wp\/v2\/product_brand?post=75"},{"taxonomy":"product_cat","embeddable":true,"href":"https:\/\/octaedro.com\/octaedro-infantil\/wp-json\/wp\/v2\/product_cat?post=75"},{"taxonomy":"product_tag","embeddable":true,"href":"https:\/\/octaedro.com\/octaedro-infantil\/wp-json\/wp\/v2\/product_tag?post=75"}],"curies":[{"name":"wp","href":"https:\/\/api.w.org\/{rel}","templated":true}]}}