{"id":70,"date":"2020-06-02T09:36:54","date_gmt":"2020-06-02T07:36:54","guid":{"rendered":"https:\/\/octaedro.com\/octaedro-infantil\/producto\/import-placeholder-for-17351\/"},"modified":"2020-06-02T11:57:12","modified_gmt":"2020-06-02T09:57:12","slug":"la-mediacion-artistica","status":"publish","type":"product","link":"https:\/\/octaedro.com\/octaedro-infantil\/producto\/la-mediacion-artistica\/","title":{"rendered":"La mediaci\u00f3n art\u00edstica"},"content":{"rendered":"<p>Las artes son una herramienta valiosa y \u00fatil para trabajar en contextos sociales y comunitarios. En los centros donde se atiende a personas con problemas sociales diversos, se desarrollan talleres y proyectos de teatro, danza, fotograf\u00eda, v\u00eddeo, m\u00fasica, artes pl\u00e1sticas y visuales y de escritura creativa, en los que los sujetos se implican en procesos de creaci\u00f3n. Esta obra pone la atenci\u00f3n en los procesos personales, grupales y comunitarios que las artes desarrollan y en c\u00f3mo acompa\u00f1ar esos procesos desde una perspectiva socioeducativa.<\/p>\n","protected":false},"excerpt":{"rendered":"<p>Las artes son una herramienta valiosa y \u00fatil para trabajar en contextos sociales y comunitarios. En los centros donde se atiende a personas con problemas sociales diversos, se desarrollan talleres y proyectos de teatro, danza, fotograf\u00eda, v\u00eddeo, m\u00fasica, artes pl\u00e1sticas y visuales y de escritura creativa, en los que los sujetos se implican en procesos de creaci\u00f3n. Esta obra pone la atenci\u00f3n en los procesos personales, grupales y comunitarios que las artes desarrollan y en c\u00f3mo acompa\u00f1ar esos procesos desde una perspectiva socioeducativa.<\/p>\n","protected":false},"featured_media":100,"comment_status":"open","ping_status":"closed","template":"","meta":{"_et_pb_use_builder":"","_et_pb_old_content":"","_et_gb_content_width":""},"product_brand":[],"product_cat":[19,22],"product_tag":[23],"class_list":{"0":"post-70","1":"product","2":"type-product","3":"status-publish","4":"has-post-thumbnail","6":"product_cat-editorial-octaedro","7":"product_cat-libros-para-profesorado-y-profesionales","8":"product_tag-edicion-impresa-edicion-digital-epub","10":"first","11":"instock","12":"shipping-taxable","13":"product-type-external"},"_links":{"self":[{"href":"https:\/\/octaedro.com\/octaedro-infantil\/wp-json\/wp\/v2\/product\/70","targetHints":{"allow":["GET"]}}],"collection":[{"href":"https:\/\/octaedro.com\/octaedro-infantil\/wp-json\/wp\/v2\/product"}],"about":[{"href":"https:\/\/octaedro.com\/octaedro-infantil\/wp-json\/wp\/v2\/types\/product"}],"replies":[{"embeddable":true,"href":"https:\/\/octaedro.com\/octaedro-infantil\/wp-json\/wp\/v2\/comments?post=70"}],"wp:featuredmedia":[{"embeddable":true,"href":"https:\/\/octaedro.com\/octaedro-infantil\/wp-json\/wp\/v2\/media\/100"}],"wp:attachment":[{"href":"https:\/\/octaedro.com\/octaedro-infantil\/wp-json\/wp\/v2\/media?parent=70"}],"wp:term":[{"taxonomy":"product_brand","embeddable":true,"href":"https:\/\/octaedro.com\/octaedro-infantil\/wp-json\/wp\/v2\/product_brand?post=70"},{"taxonomy":"product_cat","embeddable":true,"href":"https:\/\/octaedro.com\/octaedro-infantil\/wp-json\/wp\/v2\/product_cat?post=70"},{"taxonomy":"product_tag","embeddable":true,"href":"https:\/\/octaedro.com\/octaedro-infantil\/wp-json\/wp\/v2\/product_tag?post=70"}],"curies":[{"name":"wp","href":"https:\/\/api.w.org\/{rel}","templated":true}]}}