{"id":66,"date":"2020-06-02T09:36:54","date_gmt":"2020-06-02T07:36:54","guid":{"rendered":"https:\/\/octaedro.com\/octaedro-infantil\/producto\/import-placeholder-for-17056\/"},"modified":"2020-06-02T11:57:15","modified_gmt":"2020-06-02T09:57:15","slug":"literatura-infantil-y-juvenil-y-educacion-literaria","status":"publish","type":"product","link":"https:\/\/octaedro.com\/octaedro-infantil\/producto\/literatura-infantil-y-juvenil-y-educacion-literaria\/","title":{"rendered":"Literatura infantil y juvenil y educaci\u00f3n literaria"},"content":{"rendered":"<p>En el libro que el lector tiene en sus manos su autor reivindica el car\u00e1cter literario de la Literatura Infantil y Juvenil, al tiempo que defiende la necesidad de la formaci\u00f3n de la competencia literaria, como paso previo imprescindible para la <em>educaci\u00f3n literaria,<\/em> a la que se llegar\u00e1 tras recorrer un camino en el que son muy importantes las lecturas infantiles y juveniles, particularmente las primeras lecturas, para cuya selecci\u00f3n, adem\u00e1s, el profesor debe tener los criterios y los conocimientos necesarios para hacerla en las mejores condiciones.<br \/>\nEn 1974 la editorial Castalia propuso a catorce profesores universitarios (entre otros, Emilio Alarcos, Eugenio de Bustos, Manuel Alvar, Rafael Lapesa, Francisco Yndur\u00e1in o Zamora Vicente) un cuestionario sobre el estudio de la literatura en Espa\u00f1a, en unos momentos en que se hablaba de crisis no parece resuelta; al contrario, se ha extendido al resto de las humanidades, permaneciendo completamente vivas las respuestas de muchos de aquellos profesores fue demandaban un cambio en la ense\u00f1anza de la Literatura y una mayor presencia de la misma en los planes de estudio de las diferentes etapas educativas.<br \/>\nDirigido a profesores de Primaria, Secundaria y Bachillerato, as\u00ed como a alumnos que estudien Magisterio o Filolog\u00edas, el libro que el lector tiene en sus manos ofrece claves para enfrentarse a la ense\u00f1anza de la Literatura con criterios y m\u00e9todos diferentes a los historicistas que han prevalecido hasta ahora.<\/p>\n","protected":false},"excerpt":{"rendered":"<p>En el libro que el lector tiene en sus manos su autor reivindica el car\u00e1cter literario de la Literatura Infantil y Juvenil, al tiempo que defiende la necesidad de la formaci\u00f3n de la competencia literaria, como paso previo imprescindible para la <em>educaci\u00f3n literaria,<\/em> a la que se llegar\u00e1 tras recorrer un camino en el que son muy importantes las lecturas infantiles y juveniles, particularmente las primeras lecturas, para cuya selecci\u00f3n, adem\u00e1s, el profesor debe tener los criterios y los conocimientos necesarios para hacerla en las mejores condiciones.<br \/>\nEn 1974 la editorial Castalia propuso a catorce profesores universitarios (entre otros, Emilio Alarcos, Eugenio de Bustos, Manuel Alvar, Rafael Lapesa, Francisco Yndur\u00e1in o Zamora Vicente) un cuestionario sobre el estudio de la literatura en Espa\u00f1a, en unos momentos en que se hablaba de crisis no parece resuelta; al contrario, se ha extendido al resto de las humanidades, permaneciendo completamente vivas las respuestas de muchos de aquellos profesores fue demandaban un cambio en la ense\u00f1anza de la Literatura y una mayor presencia de la misma en los planes de estudio de las diferentes etapas educativas.<br \/>\nDirigido a profesores de Primaria, Secundaria y Bachillerato, as\u00ed como a alumnos que estudien Magisterio o Filolog\u00edas, el libro que el lector tiene en sus manos ofrece claves para enfrentarse a la ense\u00f1anza de la Literatura con criterios y m\u00e9todos diferentes a los historicistas que han prevalecido hasta ahora.<\/p>\n","protected":false},"featured_media":96,"comment_status":"open","ping_status":"closed","template":"","meta":{"_et_pb_use_builder":"","_et_pb_old_content":"","_et_gb_content_width":""},"product_brand":[],"product_cat":[19,22],"product_tag":[27],"class_list":{"0":"post-66","1":"product","2":"type-product","3":"status-publish","4":"has-post-thumbnail","6":"product_cat-editorial-octaedro","7":"product_cat-libros-para-profesorado-y-profesionales","8":"product_tag-edicion-impresa-edicion-digital-pdf","10":"first","11":"instock","12":"shipping-taxable","13":"product-type-external"},"_links":{"self":[{"href":"https:\/\/octaedro.com\/octaedro-infantil\/wp-json\/wp\/v2\/product\/66","targetHints":{"allow":["GET"]}}],"collection":[{"href":"https:\/\/octaedro.com\/octaedro-infantil\/wp-json\/wp\/v2\/product"}],"about":[{"href":"https:\/\/octaedro.com\/octaedro-infantil\/wp-json\/wp\/v2\/types\/product"}],"replies":[{"embeddable":true,"href":"https:\/\/octaedro.com\/octaedro-infantil\/wp-json\/wp\/v2\/comments?post=66"}],"wp:featuredmedia":[{"embeddable":true,"href":"https:\/\/octaedro.com\/octaedro-infantil\/wp-json\/wp\/v2\/media\/96"}],"wp:attachment":[{"href":"https:\/\/octaedro.com\/octaedro-infantil\/wp-json\/wp\/v2\/media?parent=66"}],"wp:term":[{"taxonomy":"product_brand","embeddable":true,"href":"https:\/\/octaedro.com\/octaedro-infantil\/wp-json\/wp\/v2\/product_brand?post=66"},{"taxonomy":"product_cat","embeddable":true,"href":"https:\/\/octaedro.com\/octaedro-infantil\/wp-json\/wp\/v2\/product_cat?post=66"},{"taxonomy":"product_tag","embeddable":true,"href":"https:\/\/octaedro.com\/octaedro-infantil\/wp-json\/wp\/v2\/product_tag?post=66"}],"curies":[{"name":"wp","href":"https:\/\/api.w.org\/{rel}","templated":true}]}}