{"id":63,"date":"2020-06-02T09:36:53","date_gmt":"2020-06-02T07:36:53","guid":{"rendered":"https:\/\/octaedro.com\/octaedro-infantil\/producto\/import-placeholder-for-16982\/"},"modified":"2021-11-15T13:42:51","modified_gmt":"2021-11-15T12:42:51","slug":"como-educar-en-valores-civicos-a-los-peques","status":"publish","type":"product","link":"https:\/\/octaedro.com\/octaedro-infantil\/producto\/como-educar-en-valores-civicos-a-los-peques\/","title":{"rendered":"\u00bfC\u00f3mo educar en valores c\u00edvicos a los peques?"},"content":{"rendered":"<p>En qu\u00e9 valores debo educar a mis hijos, a mis alumnos, es una pregunta que se hacen la mayor\u00eda de familias y docentes. Paralela a esta pregunta y tan importante como la primera tambi\u00e9n nos preguntamos: \u00bfy c\u00f3mo puedo hacer estos sin soltarles una moralina que por un o\u00eddo les entra y por otro les sale?<br \/>\nEn esta publicaci\u00f3n presentamos, desde nuestra humildad, una propuesta diferente, original, incluso atrevida. En ella ser\u00e1s t\u00fa quien se atreva a pensar y a construir con ellos valores universales tales como el respeto al otro, el bien com\u00fan, el di\u00e1logo, la autonom\u00eda o la capacidad cr\u00edtica\u2026 virtudes todas ellas que podr\u00e1s descubrir a trav\u00e9s de cuentos ( adaptados para ni\u00f1os de Infantil y primer ciclo de Primaria) y tambi\u00e9n \u2013y aqu\u00ed reside la peculiaridad de esta metodolog\u00eda- ponerte manos a la obra para construir un taller donde objetos cotidianos como una escalera, un puente, una l\u00e1mpara, un pozo o un espejo te sirvan para poder aprender valores jugando y pensando a la vez.<\/p>\n","protected":false},"excerpt":{"rendered":"<p>En qu\u00e9 valores debo educar a mis hijos, a mis alumnos, es una pregunta que se hacen la mayor\u00eda de familias y docentes. Paralela a esta pregunta y tan importante como la primera tambi\u00e9n nos preguntamos: \u00bfy c\u00f3mo puedo hacer estos sin soltarles una moralina que por un o\u00eddo les entra y por otro les sale?<br \/>\nEn esta publicaci\u00f3n presentamos, desde nuestra humildad, una propuesta diferente, original, incluso atrevida. En ella ser\u00e1s t\u00fa quien se atreva a pensar y a construir con ellos valores universales tales como el respeto al otro, el bien com\u00fan, el di\u00e1logo, la autonom\u00eda o la capacidad cr\u00edtica\u2026 virtudes todas ellas que podr\u00e1s descubrir a trav\u00e9s de cuentos ( adaptados para ni\u00f1os de Infantil y primer ciclo de Primaria) y tambi\u00e9n \u2013y aqu\u00ed reside la peculiaridad de esta metodolog\u00eda- ponerte manos a la obra para construir un taller donde objetos cotidianos como una escalera, un puente, una l\u00e1mpara, un pozo o un espejo te sirvan para poder aprender valores jugando y pensando a la vez.<\/p>\n","protected":false},"featured_media":93,"comment_status":"open","ping_status":"closed","template":"","meta":{"_et_pb_use_builder":"","_et_pb_old_content":"","_et_gb_content_width":""},"product_brand":[],"product_cat":[19,22],"product_tag":[27],"class_list":{"0":"post-63","1":"product","2":"type-product","3":"status-publish","4":"has-post-thumbnail","6":"product_cat-editorial-octaedro","7":"product_cat-libros-para-profesorado-y-profesionales","8":"product_tag-edicion-impresa-edicion-digital-pdf","10":"first","11":"instock","12":"shipping-taxable","13":"product-type-external"},"_links":{"self":[{"href":"https:\/\/octaedro.com\/octaedro-infantil\/wp-json\/wp\/v2\/product\/63","targetHints":{"allow":["GET"]}}],"collection":[{"href":"https:\/\/octaedro.com\/octaedro-infantil\/wp-json\/wp\/v2\/product"}],"about":[{"href":"https:\/\/octaedro.com\/octaedro-infantil\/wp-json\/wp\/v2\/types\/product"}],"replies":[{"embeddable":true,"href":"https:\/\/octaedro.com\/octaedro-infantil\/wp-json\/wp\/v2\/comments?post=63"}],"wp:featuredmedia":[{"embeddable":true,"href":"https:\/\/octaedro.com\/octaedro-infantil\/wp-json\/wp\/v2\/media\/93"}],"wp:attachment":[{"href":"https:\/\/octaedro.com\/octaedro-infantil\/wp-json\/wp\/v2\/media?parent=63"}],"wp:term":[{"taxonomy":"product_brand","embeddable":true,"href":"https:\/\/octaedro.com\/octaedro-infantil\/wp-json\/wp\/v2\/product_brand?post=63"},{"taxonomy":"product_cat","embeddable":true,"href":"https:\/\/octaedro.com\/octaedro-infantil\/wp-json\/wp\/v2\/product_cat?post=63"},{"taxonomy":"product_tag","embeddable":true,"href":"https:\/\/octaedro.com\/octaedro-infantil\/wp-json\/wp\/v2\/product_tag?post=63"}],"curies":[{"name":"wp","href":"https:\/\/api.w.org\/{rel}","templated":true}]}}