{"id":59,"date":"2020-06-02T09:36:53","date_gmt":"2020-06-02T07:36:53","guid":{"rendered":"https:\/\/octaedro.com\/octaedro-infantil\/producto\/import-placeholder-for-16762\/"},"modified":"2020-06-02T11:57:19","modified_gmt":"2020-06-02T09:57:19","slug":"prevenir-la-obesidad-infantil","status":"publish","type":"product","link":"https:\/\/octaedro.com\/octaedro-infantil\/producto\/prevenir-la-obesidad-infantil\/","title":{"rendered":"Prevenir la obesidad infantil"},"content":{"rendered":"<p>Hoy en Espa\u00f1a, el 24% de los ni\u00f1os y ni\u00f1as entre 10 y 14 a\u00f1os sufren de sobrepeso u obesidad. Es un epidemia mundial que afecta, por ahora, a mil millones de personas en el mundo\u2026 Las razones son m\u00faltiples y las consecuencias a menudo dram\u00e1ticas. Una de las causas importantes es el modo de vida actual, que estandariza el gusto y el olfato. Este mal moderno deber combatida, prioritariamente en la infancia, y la escuela, lugar de vida y de salud, tiene el deber de luchar contra los malos h\u00e1bitos alimentarios.<br \/>\nEste libro contiene numerosas propuestas de actividades y responde a los siguientes interrogantes: \u00bfC\u00f3mo se puede ejercitar el sentido del gusto y del olfato en el ni\u00f1o? \u00bfC\u00f3mo explotar en clase proyectos que requieran el ejercicio de estos sentidos? \u00bfC\u00f3mo dirigir experiencias divertidas y crear \u201clibros para probar y oler\u201d? \u00bfC\u00f3mo crear juegos destinados a afinar las discriminaciones olfativas y gustativas?<br \/>\nEst\u00e1 dirigido a los profesionales de la educaci\u00f3n y de la salud, y a los padres.<\/p>\n","protected":false},"excerpt":{"rendered":"<p>Hoy en Espa\u00f1a, el 24% de los ni\u00f1os y ni\u00f1as entre 10 y 14 a\u00f1os sufren de sobrepeso u obesidad. Es un epidemia mundial que afecta, por ahora, a mil millones de personas en el mundo\u2026 Las razones son m\u00faltiples y las consecuencias a menudo dram\u00e1ticas. Una de las causas importantes es el modo de vida actual, que estandariza el gusto y el olfato. Este mal moderno deber combatida, prioritariamente en la infancia, y la escuela, lugar de vida y de salud, tiene el deber de luchar contra los malos h\u00e1bitos alimentarios.<br \/>\nEste libro contiene numerosas propuestas de actividades y responde a los siguientes interrogantes: \u00bfC\u00f3mo se puede ejercitar el sentido del gusto y del olfato en el ni\u00f1o? \u00bfC\u00f3mo explotar en clase proyectos que requieran el ejercicio de estos sentidos? \u00bfC\u00f3mo dirigir experiencias divertidas y crear \u201clibros para probar y oler\u201d? \u00bfC\u00f3mo crear juegos destinados a afinar las discriminaciones olfativas y gustativas?<br \/>\nEst\u00e1 dirigido a los profesionales de la educaci\u00f3n y de la salud, y a los padres.<\/p>\n","protected":false},"featured_media":89,"comment_status":"open","ping_status":"closed","template":"","meta":{"_et_pb_use_builder":"","_et_pb_old_content":"","_et_gb_content_width":""},"product_brand":[],"product_cat":[19,22],"product_tag":[25],"class_list":{"0":"post-59","1":"product","2":"type-product","3":"status-publish","4":"has-post-thumbnail","6":"product_cat-editorial-octaedro","7":"product_cat-libros-para-profesorado-y-profesionales","8":"product_tag-edicion-impresa","10":"first","11":"instock","12":"shipping-taxable","13":"product-type-external"},"_links":{"self":[{"href":"https:\/\/octaedro.com\/octaedro-infantil\/wp-json\/wp\/v2\/product\/59","targetHints":{"allow":["GET"]}}],"collection":[{"href":"https:\/\/octaedro.com\/octaedro-infantil\/wp-json\/wp\/v2\/product"}],"about":[{"href":"https:\/\/octaedro.com\/octaedro-infantil\/wp-json\/wp\/v2\/types\/product"}],"replies":[{"embeddable":true,"href":"https:\/\/octaedro.com\/octaedro-infantil\/wp-json\/wp\/v2\/comments?post=59"}],"wp:featuredmedia":[{"embeddable":true,"href":"https:\/\/octaedro.com\/octaedro-infantil\/wp-json\/wp\/v2\/media\/89"}],"wp:attachment":[{"href":"https:\/\/octaedro.com\/octaedro-infantil\/wp-json\/wp\/v2\/media?parent=59"}],"wp:term":[{"taxonomy":"product_brand","embeddable":true,"href":"https:\/\/octaedro.com\/octaedro-infantil\/wp-json\/wp\/v2\/product_brand?post=59"},{"taxonomy":"product_cat","embeddable":true,"href":"https:\/\/octaedro.com\/octaedro-infantil\/wp-json\/wp\/v2\/product_cat?post=59"},{"taxonomy":"product_tag","embeddable":true,"href":"https:\/\/octaedro.com\/octaedro-infantil\/wp-json\/wp\/v2\/product_tag?post=59"}],"curies":[{"name":"wp","href":"https:\/\/api.w.org\/{rel}","templated":true}]}}