{"id":56,"date":"2020-06-02T09:36:53","date_gmt":"2020-06-02T07:36:53","guid":{"rendered":"https:\/\/octaedro.com\/octaedro-infantil\/producto\/import-placeholder-for-16756\/"},"modified":"2020-06-02T11:57:21","modified_gmt":"2020-06-02T09:57:21","slug":"mi-hijo-padece-transtornos-del-desarrollo","status":"publish","type":"product","link":"https:\/\/octaedro.com\/octaedro-infantil\/producto\/mi-hijo-padece-transtornos-del-desarrollo\/","title":{"rendered":"Mi hijo padece transtornos del desarrollo"},"content":{"rendered":"<p>Autismo, s\u00edndrome de Asperger, discordancia psic\u00f3tica, psicosis deficitaria precoz\u2026 Todos estos trastornos se re\u00fanen bajo la apelaci\u00f3n gen\u00e9rica de trastornos generalizados del desarrollo. En ciertos ni\u00f1os, los s\u00edntomas manifestados pueden ser importantes e impedir una escolarizaci\u00f3n y una socializaci\u00f3n normales. En otros, son menos graves: a pesar de las dificultades de relacionarse con los dem\u00e1s, algunos problemas de aprendizaje y ciertas \u201crarezas\u201d, el ni\u00f1o lleva una vida normal, teniendo incluso buenos resultados en la escuela. Tanto en un caso como en el otro, el diagn\u00f3stico puede plantear problemas y los padres pueden igualmente encontrar dificultades en su b\u00fasqueda de un \u201cbuen m\u00e9dico\u201d, que sabr\u00e1 establecer el \u201cel buen diagn\u00f3stico\u201d y aconsejar una terapia adaptada.<br \/>\nEste libro informativo y pr\u00e1ctico, se dirige prioritariamente a los padres, aport\u00e1ndoles una informaci\u00f3n clara y sint\u00e9tica sobre los distintos trastornos.<br \/>\nResponde a preguntas simples: \u00bfde qu\u00e9 se trata? \u00bfCu\u00e1les son los signos indicadores de un trastorno? \u00bfCu\u00e1les son los controles terap\u00e9uticos posibles? El autor explica el papel y los instrumentos de los especialistas susceptibles de intervenir, los ex\u00e1menes m\u00e9dicos preventivos, los m\u00e9todos de reeducaci\u00f3n y los diferentes tipos de terapias. Un punto espec\u00edfico aborda los problemas ligados a la escolaridad y las ayudas que permiten a un ni\u00f1o llevar una escolaridad normal, alternativas (clases especializadas, centros medicoeducativos).<\/p>\n","protected":false},"excerpt":{"rendered":"<p>Autismo, s\u00edndrome de Asperger, discordancia psic\u00f3tica, psicosis deficitaria precoz\u2026 Todos estos trastornos se re\u00fanen bajo la apelaci\u00f3n gen\u00e9rica de trastornos generalizados del desarrollo. En ciertos ni\u00f1os, los s\u00edntomas manifestados pueden ser importantes e impedir una escolarizaci\u00f3n y una socializaci\u00f3n normales. En otros, son menos graves: a pesar de las dificultades de relacionarse con los dem\u00e1s, algunos problemas de aprendizaje y ciertas \u201crarezas\u201d, el ni\u00f1o lleva una vida normal, teniendo incluso buenos resultados en la escuela. Tanto en un caso como en el otro, el diagn\u00f3stico puede plantear problemas y los padres pueden igualmente encontrar dificultades en su b\u00fasqueda de un \u201cbuen m\u00e9dico\u201d, que sabr\u00e1 establecer el \u201cel buen diagn\u00f3stico\u201d y aconsejar una terapia adaptada.<br \/>\nEste libro informativo y pr\u00e1ctico, se dirige prioritariamente a los padres, aport\u00e1ndoles una informaci\u00f3n clara y sint\u00e9tica sobre los distintos trastornos.<br \/>\nResponde a preguntas simples: \u00bfde qu\u00e9 se trata? \u00bfCu\u00e1les son los signos indicadores de un trastorno? \u00bfCu\u00e1les son los controles terap\u00e9uticos posibles? El autor explica el papel y los instrumentos de los especialistas susceptibles de intervenir, los ex\u00e1menes m\u00e9dicos preventivos, los m\u00e9todos de reeducaci\u00f3n y los diferentes tipos de terapias. Un punto espec\u00edfico aborda los problemas ligados a la escolaridad y las ayudas que permiten a un ni\u00f1o llevar una escolaridad normal, alternativas (clases especializadas, centros medicoeducativos).<\/p>\n","protected":false},"featured_media":86,"comment_status":"open","ping_status":"closed","template":"","meta":{"_et_pb_use_builder":"","_et_pb_old_content":"","_et_gb_content_width":""},"product_brand":[],"product_cat":[19,28],"product_tag":[25],"class_list":{"0":"post-56","1":"product","2":"type-product","3":"status-publish","4":"has-post-thumbnail","6":"product_cat-editorial-octaedro","7":"product_cat-libros-para-madres-y-padres","8":"product_tag-edicion-impresa","10":"first","11":"instock","12":"shipping-taxable","13":"product-type-external"},"_links":{"self":[{"href":"https:\/\/octaedro.com\/octaedro-infantil\/wp-json\/wp\/v2\/product\/56","targetHints":{"allow":["GET"]}}],"collection":[{"href":"https:\/\/octaedro.com\/octaedro-infantil\/wp-json\/wp\/v2\/product"}],"about":[{"href":"https:\/\/octaedro.com\/octaedro-infantil\/wp-json\/wp\/v2\/types\/product"}],"replies":[{"embeddable":true,"href":"https:\/\/octaedro.com\/octaedro-infantil\/wp-json\/wp\/v2\/comments?post=56"}],"wp:featuredmedia":[{"embeddable":true,"href":"https:\/\/octaedro.com\/octaedro-infantil\/wp-json\/wp\/v2\/media\/86"}],"wp:attachment":[{"href":"https:\/\/octaedro.com\/octaedro-infantil\/wp-json\/wp\/v2\/media?parent=56"}],"wp:term":[{"taxonomy":"product_brand","embeddable":true,"href":"https:\/\/octaedro.com\/octaedro-infantil\/wp-json\/wp\/v2\/product_brand?post=56"},{"taxonomy":"product_cat","embeddable":true,"href":"https:\/\/octaedro.com\/octaedro-infantil\/wp-json\/wp\/v2\/product_cat?post=56"},{"taxonomy":"product_tag","embeddable":true,"href":"https:\/\/octaedro.com\/octaedro-infantil\/wp-json\/wp\/v2\/product_tag?post=56"}],"curies":[{"name":"wp","href":"https:\/\/api.w.org\/{rel}","templated":true}]}}