{"id":55,"date":"2020-06-02T09:36:53","date_gmt":"2020-06-02T07:36:53","guid":{"rendered":"https:\/\/octaedro.com\/octaedro-infantil\/producto\/import-placeholder-for-16754\/"},"modified":"2021-11-15T13:42:48","modified_gmt":"2021-11-15T12:42:48","slug":"mi-bebe-esta-alterado","status":"publish","type":"product","link":"https:\/\/octaedro.com\/octaedro-infantil\/producto\/mi-bebe-esta-alterado\/","title":{"rendered":"Mi bebe est\u00e1 alterado"},"content":{"rendered":"<p>\u00bfQu\u00e9 hacer frente a un beb\u00e9 que no para de llorar, que no duerme por la noche, que se muestra angustiado o triste, que renuncia a alimentarse o que no soporta la separaci\u00f3n? Para una madre sin experiencia, admitir que no todo es id\u00edlico, que a veces se siente deprimida o confusa, es a menudo muy culpabilizador. Pero estos trastornos de la relaci\u00f3n \u2013t\u00e9rmino gen\u00e9rico que designa el conjunto de las dificultades del beb\u00e9- son hoy en d\u00eda bien conocidos por los especialistas. Existen respuestas.<br \/>\nEste libro, informativo y pr\u00e1ctico, se dirige prioritariamente a los padres, aport\u00e1ndoles una informaci\u00f3n clara y sint\u00e9tica sobre los distintos problemas de origen psicol\u00f3gico que pueden afectar al beb\u00e9 o a su madre.<br \/>\nResponde a preguntas simples: \u00bfde qu\u00e9 se trata? \u00bfPor qu\u00e9 algunos beb\u00e9s duermen peor que otros? \u00bfC\u00f3mo tratar un trastorno del sue\u00f1o? La autora da ejemplos concretos de controles terap\u00e9uticos y luego explica el papel de los especialistas susceptibles de intervenir (en particular el pediatra y el psiquiatra infantil), los ex\u00e1menes e instrumentos de evaluaci\u00f3n que pueden se utilizados, el papel de las consultas padres-beb\u00e9 y las diferentes t\u00e9cnicas de intervenci\u00f3n precoz (psicoterapias, seguimiento interactivo, etc.).<\/p>\n","protected":false},"excerpt":{"rendered":"<p>\u00bfQu\u00e9 hacer frente a un beb\u00e9 que no para de llorar, que no duerme por la noche, que se muestra angustiado o triste, que renuncia a alimentarse o que no soporta la separaci\u00f3n? Para una madre sin experiencia, admitir que no todo es id\u00edlico, que a veces se siente deprimida o confusa, es a menudo muy culpabilizador. Pero estos trastornos de la relaci\u00f3n \u2013t\u00e9rmino gen\u00e9rico que designa el conjunto de las dificultades del beb\u00e9- son hoy en d\u00eda bien conocidos por los especialistas. Existen respuestas.<br \/>\nEste libro, informativo y pr\u00e1ctico, se dirige prioritariamente a los padres, aport\u00e1ndoles una informaci\u00f3n clara y sint\u00e9tica sobre los distintos problemas de origen psicol\u00f3gico que pueden afectar al beb\u00e9 o a su madre.<br \/>\nResponde a preguntas simples: \u00bfde qu\u00e9 se trata? \u00bfPor qu\u00e9 algunos beb\u00e9s duermen peor que otros? \u00bfC\u00f3mo tratar un trastorno del sue\u00f1o? La autora da ejemplos concretos de controles terap\u00e9uticos y luego explica el papel de los especialistas susceptibles de intervenir (en particular el pediatra y el psiquiatra infantil), los ex\u00e1menes e instrumentos de evaluaci\u00f3n que pueden se utilizados, el papel de las consultas padres-beb\u00e9 y las diferentes t\u00e9cnicas de intervenci\u00f3n precoz (psicoterapias, seguimiento interactivo, etc.).<\/p>\n","protected":false},"featured_media":85,"comment_status":"open","ping_status":"closed","template":"","meta":{"_et_pb_use_builder":"","_et_pb_old_content":"","_et_gb_content_width":""},"product_brand":[],"product_cat":[19,28],"product_tag":[25],"class_list":{"0":"post-55","1":"product","2":"type-product","3":"status-publish","4":"has-post-thumbnail","6":"product_cat-editorial-octaedro","7":"product_cat-libros-para-madres-y-padres","8":"product_tag-edicion-impresa","10":"first","11":"instock","12":"shipping-taxable","13":"product-type-external"},"_links":{"self":[{"href":"https:\/\/octaedro.com\/octaedro-infantil\/wp-json\/wp\/v2\/product\/55","targetHints":{"allow":["GET"]}}],"collection":[{"href":"https:\/\/octaedro.com\/octaedro-infantil\/wp-json\/wp\/v2\/product"}],"about":[{"href":"https:\/\/octaedro.com\/octaedro-infantil\/wp-json\/wp\/v2\/types\/product"}],"replies":[{"embeddable":true,"href":"https:\/\/octaedro.com\/octaedro-infantil\/wp-json\/wp\/v2\/comments?post=55"}],"wp:featuredmedia":[{"embeddable":true,"href":"https:\/\/octaedro.com\/octaedro-infantil\/wp-json\/wp\/v2\/media\/85"}],"wp:attachment":[{"href":"https:\/\/octaedro.com\/octaedro-infantil\/wp-json\/wp\/v2\/media?parent=55"}],"wp:term":[{"taxonomy":"product_brand","embeddable":true,"href":"https:\/\/octaedro.com\/octaedro-infantil\/wp-json\/wp\/v2\/product_brand?post=55"},{"taxonomy":"product_cat","embeddable":true,"href":"https:\/\/octaedro.com\/octaedro-infantil\/wp-json\/wp\/v2\/product_cat?post=55"},{"taxonomy":"product_tag","embeddable":true,"href":"https:\/\/octaedro.com\/octaedro-infantil\/wp-json\/wp\/v2\/product_tag?post=55"}],"curies":[{"name":"wp","href":"https:\/\/api.w.org\/{rel}","templated":true}]}}