{"id":54,"date":"2020-06-02T09:36:53","date_gmt":"2020-06-02T07:36:53","guid":{"rendered":"https:\/\/octaedro.com\/octaedro-infantil\/producto\/import-placeholder-for-16620\/"},"modified":"2020-06-02T11:57:23","modified_gmt":"2020-06-02T09:57:23","slug":"crecer-juntos","status":"publish","type":"product","link":"https:\/\/octaedro.com\/octaedro-infantil\/producto\/crecer-juntos\/","title":{"rendered":"Crecer juntos"},"content":{"rendered":"<p>\u00abEl periodo m\u00e1s trascendente en la vida del ser humano son sus primeros a\u00f1os. En doce meses, el reci\u00e9n nacido pasa de ser totalmente dependiente del adulto a desplazarse erguido por s\u00ed solo, de recurrir al llanto como exclusivo sistema de comunicaci\u00f3n a utilizar palabras con significado inequ\u00edvoco en su comunidad, de la percepci\u00f3n vaga de las figuras y sonidos de su entorno a distinguir familiares de extra\u00f1os, comprender \u00f3rdenes sencillas y saber que un objeto existe aunque no est\u00e9 en ese momento en su campo visual o ac\u00fastico.<br \/>\nPodr\u00edamos extendernos a lo largo de p\u00e1ginas y p\u00e1ginas sobre este m\u00e1gico proceso de transformaci\u00f3n. Mucho se ha escrito sobre ello. Libros sesudos, sencillos, eruditos, con sabidur\u00eda, dogm\u00e1ticos, indefinibles\u2026 Y es que el asunto da mucho de s\u00ed. El libro que el lector tiene ahora en sus manos es un encanto. Miel pura. Aqu\u00ed, la sabidur\u00eda se esconde tras una humilde sencillez. Libro \u00fatil. Yo lo he disfrutado. Lo recomiendo.\u00bb<\/p>\n<p>Emilio Fern\u00e1ndez-\u00c1lvarez, ex jefe del Servicio de Neuropediatr\u00eda del Hospital Sant Joan de D\u00e9u de Barcelona y profesor titular de la Universidad de Barcelona<\/p>\n","protected":false},"excerpt":{"rendered":"<p>\u00abEl periodo m\u00e1s trascendente en la vida del ser humano son sus primeros a\u00f1os. En doce meses, el reci\u00e9n nacido pasa de ser totalmente dependiente del adulto a desplazarse erguido por s\u00ed solo, de recurrir al llanto como exclusivo sistema de comunicaci\u00f3n a utilizar palabras con significado inequ\u00edvoco en su comunidad, de la percepci\u00f3n vaga de las figuras y sonidos de su entorno a distinguir familiares de extra\u00f1os, comprender \u00f3rdenes sencillas y saber que un objeto existe aunque no est\u00e9 en ese momento en su campo visual o ac\u00fastico.<br \/>\nPodr\u00edamos extendernos a lo largo de p\u00e1ginas y p\u00e1ginas sobre este m\u00e1gico proceso de transformaci\u00f3n. Mucho se ha escrito sobre ello. Libros sesudos, sencillos, eruditos, con sabidur\u00eda, dogm\u00e1ticos, indefinibles\u2026 Y es que el asunto da mucho de s\u00ed. El libro que el lector tiene ahora en sus manos es un encanto. Miel pura. Aqu\u00ed, la sabidur\u00eda se esconde tras una humilde sencillez. Libro \u00fatil. Yo lo he disfrutado. Lo recomiendo.\u00bb<\/p>\n<p>Emilio Fern\u00e1ndez-\u00c1lvarez, ex jefe del Servicio de Neuropediatr\u00eda del Hospital Sant Joan de D\u00e9u de Barcelona y profesor titular de la Universidad de Barcelona<\/p>\n","protected":false},"featured_media":84,"comment_status":"open","ping_status":"closed","template":"","meta":{"_et_pb_use_builder":"","_et_pb_old_content":"","_et_gb_content_width":""},"product_brand":[],"product_cat":[19,28],"product_tag":[25],"class_list":{"0":"post-54","1":"product","2":"type-product","3":"status-publish","4":"has-post-thumbnail","6":"product_cat-editorial-octaedro","7":"product_cat-libros-para-madres-y-padres","8":"product_tag-edicion-impresa","10":"first","11":"instock","12":"shipping-taxable","13":"product-type-external"},"_links":{"self":[{"href":"https:\/\/octaedro.com\/octaedro-infantil\/wp-json\/wp\/v2\/product\/54","targetHints":{"allow":["GET"]}}],"collection":[{"href":"https:\/\/octaedro.com\/octaedro-infantil\/wp-json\/wp\/v2\/product"}],"about":[{"href":"https:\/\/octaedro.com\/octaedro-infantil\/wp-json\/wp\/v2\/types\/product"}],"replies":[{"embeddable":true,"href":"https:\/\/octaedro.com\/octaedro-infantil\/wp-json\/wp\/v2\/comments?post=54"}],"wp:featuredmedia":[{"embeddable":true,"href":"https:\/\/octaedro.com\/octaedro-infantil\/wp-json\/wp\/v2\/media\/84"}],"wp:attachment":[{"href":"https:\/\/octaedro.com\/octaedro-infantil\/wp-json\/wp\/v2\/media?parent=54"}],"wp:term":[{"taxonomy":"product_brand","embeddable":true,"href":"https:\/\/octaedro.com\/octaedro-infantil\/wp-json\/wp\/v2\/product_brand?post=54"},{"taxonomy":"product_cat","embeddable":true,"href":"https:\/\/octaedro.com\/octaedro-infantil\/wp-json\/wp\/v2\/product_cat?post=54"},{"taxonomy":"product_tag","embeddable":true,"href":"https:\/\/octaedro.com\/octaedro-infantil\/wp-json\/wp\/v2\/product_tag?post=54"}],"curies":[{"name":"wp","href":"https:\/\/api.w.org\/{rel}","templated":true}]}}