{"id":52,"date":"2020-06-02T09:36:53","date_gmt":"2020-06-02T07:36:53","guid":{"rendered":"https:\/\/octaedro.com\/octaedro-infantil\/producto\/import-placeholder-for-16604\/"},"modified":"2021-11-15T13:43:03","modified_gmt":"2021-11-15T12:43:03","slug":"ser-nino","status":"publish","type":"product","link":"https:\/\/octaedro.com\/octaedro-infantil\/producto\/ser-nino\/","title":{"rendered":"Ser ni\u00f1o"},"content":{"rendered":"<p>Hoy en d\u00eda, desde los estudios y las investigaciones que se iniciaron en el siglo pasado sobre la evoluci\u00f3n del beb\u00e9, sabemos la gran importancia que tiene el primer a\u00f1o de vida (o incluso los dos o tres primeros a\u00f1os) para el progreso emocional, motor e intelectual del ni\u00f1o hasta la edad adulta.<br \/>\nMuchos factores contribuyen a la forma como el beb\u00e9 evoluciona desde el principio de su vida; entre ellos es central la relaci\u00f3n y las interacciones del beb\u00e9 con sus padres y personas de su entorno. Cuando esta relaci\u00f3n es saludable, aporta los est\u00edmulos necesarios para la maduraci\u00f3n de su cerebro y la estructuraci\u00f3n de su mente, imprescindibles para que todas las otras funciones progresen. Este libro explica la evoluci\u00f3n del beb\u00e9 en sus primeros a\u00f1os de vida y la contribuci\u00f3n de los cuidados de sus padres y otros factores a ella.<br \/>\nSimult\u00e1neamente ofrece orientaciones sobre el cuidado y la educaci\u00f3n de los ni\u00f1os seg\u00fan sus caracter\u00edsticas y necesidades. El libro va dirigido a padres, educadores y a todas aquellas personas que participan de una u otra forma en el progreso del ni\u00f1o y en su salud f\u00edsica y mental.<\/p>\n","protected":false},"excerpt":{"rendered":"<p>Hoy en d\u00eda, desde los estudios y las investigaciones que se iniciaron en el siglo pasado sobre la evoluci\u00f3n del beb\u00e9, sabemos la gran importancia que tiene el primer a\u00f1o de vida (o incluso los dos o tres primeros a\u00f1os) para el progreso emocional, motor e intelectual del ni\u00f1o hasta la edad adulta.<br \/>\nMuchos factores contribuyen a la forma como el beb\u00e9 evoluciona desde el principio de su vida; entre ellos es central la relaci\u00f3n y las interacciones del beb\u00e9 con sus padres y personas de su entorno. Cuando esta relaci\u00f3n es saludable, aporta los est\u00edmulos necesarios para la maduraci\u00f3n de su cerebro y la estructuraci\u00f3n de su mente, imprescindibles para que todas las otras funciones progresen. Este libro explica la evoluci\u00f3n del beb\u00e9 en sus primeros a\u00f1os de vida y la contribuci\u00f3n de los cuidados de sus padres y otros factores a ella.<br \/>\nSimult\u00e1neamente ofrece orientaciones sobre el cuidado y la educaci\u00f3n de los ni\u00f1os seg\u00fan sus caracter\u00edsticas y necesidades. El libro va dirigido a padres, educadores y a todas aquellas personas que participan de una u otra forma en el progreso del ni\u00f1o y en su salud f\u00edsica y mental.<\/p>\n","protected":false},"featured_media":82,"comment_status":"open","ping_status":"closed","template":"","meta":{"_et_pb_use_builder":"","_et_pb_old_content":"","_et_gb_content_width":""},"product_brand":[],"product_cat":[19,22],"product_tag":[23],"class_list":{"0":"post-52","1":"product","2":"type-product","3":"status-publish","4":"has-post-thumbnail","6":"product_cat-editorial-octaedro","7":"product_cat-libros-para-profesorado-y-profesionales","8":"product_tag-edicion-impresa-edicion-digital-epub","10":"first","11":"instock","12":"shipping-taxable","13":"product-type-external"},"_links":{"self":[{"href":"https:\/\/octaedro.com\/octaedro-infantil\/wp-json\/wp\/v2\/product\/52","targetHints":{"allow":["GET"]}}],"collection":[{"href":"https:\/\/octaedro.com\/octaedro-infantil\/wp-json\/wp\/v2\/product"}],"about":[{"href":"https:\/\/octaedro.com\/octaedro-infantil\/wp-json\/wp\/v2\/types\/product"}],"replies":[{"embeddable":true,"href":"https:\/\/octaedro.com\/octaedro-infantil\/wp-json\/wp\/v2\/comments?post=52"}],"wp:featuredmedia":[{"embeddable":true,"href":"https:\/\/octaedro.com\/octaedro-infantil\/wp-json\/wp\/v2\/media\/82"}],"wp:attachment":[{"href":"https:\/\/octaedro.com\/octaedro-infantil\/wp-json\/wp\/v2\/media?parent=52"}],"wp:term":[{"taxonomy":"product_brand","embeddable":true,"href":"https:\/\/octaedro.com\/octaedro-infantil\/wp-json\/wp\/v2\/product_brand?post=52"},{"taxonomy":"product_cat","embeddable":true,"href":"https:\/\/octaedro.com\/octaedro-infantil\/wp-json\/wp\/v2\/product_cat?post=52"},{"taxonomy":"product_tag","embeddable":true,"href":"https:\/\/octaedro.com\/octaedro-infantil\/wp-json\/wp\/v2\/product_tag?post=52"}],"curies":[{"name":"wp","href":"https:\/\/api.w.org\/{rel}","templated":true}]}}