{"id":347,"date":"2020-06-02T09:37:39","date_gmt":"2020-06-02T07:37:39","guid":{"rendered":"https:\/\/octaedro.com\/octaedro-infantil\/producto\/import-placeholder-for-34496\/"},"modified":"2020-06-02T10:30:49","modified_gmt":"2020-06-02T08:30:49","slug":"escenarios-para-un-desarrollo-psicologico-sano-y-sus-dificultades","status":"publish","type":"product","link":"https:\/\/octaedro.com\/octaedro-infantil\/producto\/escenarios-para-un-desarrollo-psicologico-sano-y-sus-dificultades\/","title":{"rendered":"Escenarios para un desarrollo psicol\u00f3gico sano y sus dificultades"},"content":{"rendered":"<p><span style=\"font-weight: 400;\">La salud, la libertad, la igualdad o la justicia son bienes que se sit\u00faan en la esfera de lo ut\u00f3pico, objetivos que se ampl\u00edan en una constante b\u00fasqueda por alcanzarlos. La salud mental de un ser humano est\u00e1 \u00edntimamente vinculada a la calidad de las relaciones que pueda establecer a lo largo de su vida y de una manera muy especial, en su infancia. Cuidar la salud mental de un ni\u00f1o, de una ni\u00f1a, es cuidar la calidad de su entorno. Diversos son los espacios virtuales y reales que influyen en el crecimiento sano de un ni\u00f1o. Pero los m\u00e1s decisivos siguen siendo la familia y la escuela.\u00a0<\/span><\/p>\n<p><span style=\"font-weight: 400;\">Este libro, dirigido a todas aquellas personas que se sientan de alg\u00fan modo responsables del desarrollo psicol\u00f3gico sano de ni\u00f1os y ni\u00f1as, est\u00e1 escrito desde la reflexi\u00f3n sobre las ense\u00f1anzas de los grandes maestros de la psicolog\u00eda y la educaci\u00f3n, y con una perspectiva razonablemente cr\u00edtica: Existen trastornos psicol\u00f3gicos y enfermedad mental, pero es importante no confundir conflictos con patolog\u00eda, as\u00ed como tener una mirada positiva y estar siempre atentos a los recursos y las posibilidades que ni\u00f1os y ni\u00f1as tienen para crecer sanos.<\/span><\/p>\n","protected":false},"excerpt":{"rendered":"<p><span style=\"font-weight: 400;\">La salud, la libertad, la igualdad o la justicia son bienes que se sit\u00faan en la esfera de lo ut\u00f3pico, objetivos que se ampl\u00edan en una constante b\u00fasqueda por alcanzarlos. La salud mental de un ser humano est\u00e1 \u00edntimamente vinculada a la calidad de las relaciones que pueda establecer a lo largo de su vida y de una manera muy especial, en su infancia. Cuidar la salud mental de un ni\u00f1o, de una ni\u00f1a, es cuidar la calidad de su entorno. Diversos son los espacios virtuales y reales que influyen en el crecimiento sano de un ni\u00f1o. Pero los m\u00e1s decisivos siguen siendo la familia y la escuela.\u00a0<\/span><\/p>\n<p><span style=\"font-weight: 400;\">Este libro, dirigido a todas aquellas personas que se sientan de alg\u00fan modo responsables del desarrollo psicol\u00f3gico sano de ni\u00f1os y ni\u00f1as, est\u00e1 escrito desde la reflexi\u00f3n sobre las ense\u00f1anzas de los grandes maestros de la psicolog\u00eda y la educaci\u00f3n, y con una perspectiva razonablemente cr\u00edtica: Existen trastornos psicol\u00f3gicos y enfermedad mental, pero es importante no confundir conflictos con patolog\u00eda, as\u00ed como tener una mirada positiva y estar siempre atentos a los recursos y las posibilidades que ni\u00f1os y ni\u00f1as tienen para crecer sanos.<\/span><\/p>\n","protected":false},"featured_media":350,"comment_status":"open","ping_status":"closed","template":"","meta":{"_et_pb_use_builder":"","_et_pb_old_content":"","_et_gb_content_width":""},"product_brand":[],"product_cat":[19,32],"product_tag":[25],"class_list":{"0":"post-347","1":"product","2":"type-product","3":"status-publish","4":"has-post-thumbnail","6":"product_cat-editorial-octaedro","7":"product_cat-temas-de-infancia","8":"product_tag-edicion-impresa","10":"first","11":"instock","12":"shipping-taxable","13":"product-type-external"},"_links":{"self":[{"href":"https:\/\/octaedro.com\/octaedro-infantil\/wp-json\/wp\/v2\/product\/347","targetHints":{"allow":["GET"]}}],"collection":[{"href":"https:\/\/octaedro.com\/octaedro-infantil\/wp-json\/wp\/v2\/product"}],"about":[{"href":"https:\/\/octaedro.com\/octaedro-infantil\/wp-json\/wp\/v2\/types\/product"}],"replies":[{"embeddable":true,"href":"https:\/\/octaedro.com\/octaedro-infantil\/wp-json\/wp\/v2\/comments?post=347"}],"wp:featuredmedia":[{"embeddable":true,"href":"https:\/\/octaedro.com\/octaedro-infantil\/wp-json\/wp\/v2\/media\/350"}],"wp:attachment":[{"href":"https:\/\/octaedro.com\/octaedro-infantil\/wp-json\/wp\/v2\/media?parent=347"}],"wp:term":[{"taxonomy":"product_brand","embeddable":true,"href":"https:\/\/octaedro.com\/octaedro-infantil\/wp-json\/wp\/v2\/product_brand?post=347"},{"taxonomy":"product_cat","embeddable":true,"href":"https:\/\/octaedro.com\/octaedro-infantil\/wp-json\/wp\/v2\/product_cat?post=347"},{"taxonomy":"product_tag","embeddable":true,"href":"https:\/\/octaedro.com\/octaedro-infantil\/wp-json\/wp\/v2\/product_tag?post=347"}],"curies":[{"name":"wp","href":"https:\/\/api.w.org\/{rel}","templated":true}]}}