{"id":315,"date":"2020-06-02T09:37:29","date_gmt":"2020-06-02T07:37:29","guid":{"rendered":"https:\/\/octaedro.com\/octaedro-infantil\/producto\/import-placeholder-for-33142\/"},"modified":"2020-06-02T11:22:10","modified_gmt":"2020-06-02T09:22:10","slug":"laisha-i-els-salvavides","status":"publish","type":"product","link":"https:\/\/octaedro.com\/octaedro-infantil\/producto\/laisha-i-els-salvavides\/","title":{"rendered":"L\u2019Aisha i els salvavides"},"content":{"rendered":"<p>L\u2019Aisha, l\u2019Unai, el Pau i la Indira es disposen a passar un dia d\u2019aventures i exploraci\u00f3 a la muntanya, quan t\u00e9 lloc un succ\u00e9s inesperat: el Miguel, el pare de la Indira i el Pau, pateix una emerg\u00e8ncia vital. De manera immediata i coordinada, i sota el lideratge de la petita Aisha, els nens miren d\u2019aplicar tots els coneixements que han apr\u00e8s sobre reanimaci\u00f3 cardiopulmonar per salvar la vida del Miguel.<\/p>\n<p>L\u2019Aisha i els salvavides pret\u00e9n transmetre a la poblaci\u00f3 infantil, d\u2019una manera propera, una s\u00e8rie de conceptes relacionats amb el suport vital b\u00e0sic: recon\u00e8ixer una situaci\u00f3 d\u2019emerg\u00e8ncia i com actuar un cop s\u2019ha reconegut, con\u00e8ixer el n\u00famero internacional d\u2019emerg\u00e8ncies 112 i identificar quan cal iniciar maniobres de suport vital b\u00e0sic.<\/p>\n","protected":false},"excerpt":{"rendered":"<p>L\u2019Aisha, l\u2019Unai, el Pau i la Indira es disposen a passar un dia d\u2019aventures i exploraci\u00f3 a la muntanya, quan t\u00e9 lloc un succ\u00e9s inesperat: el Miguel, el pare de la Indira i el Pau, pateix una emerg\u00e8ncia vital. De manera immediata i coordinada, i sota el lideratge de la petita Aisha, els nens miren d\u2019aplicar tots els coneixements que han apr\u00e8s sobre reanimaci\u00f3 cardiopulmonar per salvar la vida del Miguel.<\/p>\n<p>L\u2019Aisha i els salvavides pret\u00e9n transmetre a la poblaci\u00f3 infantil, d\u2019una manera propera, una s\u00e8rie de conceptes relacionats amb el suport vital b\u00e0sic: recon\u00e8ixer una situaci\u00f3 d\u2019emerg\u00e8ncia i com actuar un cop s\u2019ha reconegut, con\u00e8ixer el n\u00famero internacional d\u2019emerg\u00e8ncies 112 i identificar quan cal iniciar maniobres de suport vital b\u00e0sic.<\/p>\n","protected":false},"featured_media":345,"comment_status":"open","ping_status":"closed","template":"","meta":{"_et_pb_use_builder":"","_et_pb_old_content":"","_et_gb_content_width":""},"product_brand":[],"product_cat":[19,37],"product_tag":[25],"class_list":{"0":"post-315","1":"product","2":"type-product","3":"status-publish","4":"has-post-thumbnail","6":"product_cat-editorial-octaedro","7":"product_cat-infantil-catala","8":"product_tag-edicion-impresa","10":"first","11":"instock","12":"shipping-taxable","13":"product-type-external"},"_links":{"self":[{"href":"https:\/\/octaedro.com\/octaedro-infantil\/wp-json\/wp\/v2\/product\/315","targetHints":{"allow":["GET"]}}],"collection":[{"href":"https:\/\/octaedro.com\/octaedro-infantil\/wp-json\/wp\/v2\/product"}],"about":[{"href":"https:\/\/octaedro.com\/octaedro-infantil\/wp-json\/wp\/v2\/types\/product"}],"replies":[{"embeddable":true,"href":"https:\/\/octaedro.com\/octaedro-infantil\/wp-json\/wp\/v2\/comments?post=315"}],"wp:featuredmedia":[{"embeddable":true,"href":"https:\/\/octaedro.com\/octaedro-infantil\/wp-json\/wp\/v2\/media\/345"}],"wp:attachment":[{"href":"https:\/\/octaedro.com\/octaedro-infantil\/wp-json\/wp\/v2\/media?parent=315"}],"wp:term":[{"taxonomy":"product_brand","embeddable":true,"href":"https:\/\/octaedro.com\/octaedro-infantil\/wp-json\/wp\/v2\/product_brand?post=315"},{"taxonomy":"product_cat","embeddable":true,"href":"https:\/\/octaedro.com\/octaedro-infantil\/wp-json\/wp\/v2\/product_cat?post=315"},{"taxonomy":"product_tag","embeddable":true,"href":"https:\/\/octaedro.com\/octaedro-infantil\/wp-json\/wp\/v2\/product_tag?post=315"}],"curies":[{"name":"wp","href":"https:\/\/api.w.org\/{rel}","templated":true}]}}