{"id":312,"date":"2020-06-02T09:37:29","date_gmt":"2020-06-02T07:37:29","guid":{"rendered":"https:\/\/octaedro.com\/octaedro-infantil\/producto\/import-placeholder-for-31824\/"},"modified":"2020-06-02T11:22:12","modified_gmt":"2020-06-02T09:22:12","slug":"la-formacion-de-lectores-literarios-en-la-educacion-infantil","status":"publish","type":"product","link":"https:\/\/octaedro.com\/octaedro-infantil\/producto\/la-formacion-de-lectores-literarios-en-la-educacion-infantil\/","title":{"rendered":"La formaci\u00f3n de lectores literarios en la Educaci\u00f3n Infantil"},"content":{"rendered":"<p>Este libro tiene su origen en las sesiones del grupo de trabajo Arte y Literatura de la Associaci\u00f3 de Mestres Rosa Sensat (AMRS). Se plantea la educaci\u00f3n literaria para los ni\u00f1os de 0 a 6 a\u00f1os, por lo que es fundamental la selecci\u00f3n de diversas obras de calidad, de diferentes g\u00e9neros y estilos, adem\u00e1s de la dinamizaci\u00f3n de los momentos y ambientes con gusto literario, est\u00e9ticos, accesibles y estimulantes. Tambi\u00e9n se habla del v\u00ednculo que se establece entre los peque\u00f1os y los adultos, una interacci\u00f3n comunicativa y social, respetuosa y amable a la vez, que viene acompa\u00f1ada del descubrimiento y el crecimiento literarios, y desvela y aviva la imaginaci\u00f3n y la curiosidad.<\/p>\n<p>En la segunda parte del libro, las experiencias muestran vivencias de los ni\u00f1os con la literatura y de qu\u00e9 modo la educaci\u00f3n literaria en la primera infancia se convierte en un instrumento de disfrute, representaci\u00f3n y aprendizaje.<\/p>\n<p>Las familias y los maestros conocemos la importancia de las manifestaciones literarias en el desarrollo de la creatividad y en la adquisici\u00f3n y apropiaci\u00f3n de la lengua oral y escrita. Un proceso literario motivado es fuente de ilusiones, emociones y sue\u00f1os, que debemos seguir fomentando. Pues, dando protagonismo a las ilustraciones, las narraciones, los relatos y las palabras, promoveremos peque\u00f1os grandes lectores literarios.<\/p>\n","protected":false},"excerpt":{"rendered":"<p>Este libro tiene su origen en las sesiones del grupo de trabajo Arte y Literatura de la Associaci\u00f3 de Mestres Rosa Sensat (AMRS). Se plantea la educaci\u00f3n literaria para los ni\u00f1os de 0 a 6 a\u00f1os, por lo que es fundamental la selecci\u00f3n de diversas obras de calidad, de diferentes g\u00e9neros y estilos, adem\u00e1s de la dinamizaci\u00f3n de los momentos y ambientes con gusto literario, est\u00e9ticos, accesibles y estimulantes. Tambi\u00e9n se habla del v\u00ednculo que se establece entre los peque\u00f1os y los adultos, una interacci\u00f3n comunicativa y social, respetuosa y amable a la vez, que viene acompa\u00f1ada del descubrimiento y el crecimiento literarios, y desvela y aviva la imaginaci\u00f3n y la curiosidad.<\/p>\n<p>En la segunda parte del libro, las experiencias muestran vivencias de los ni\u00f1os con la literatura y de qu\u00e9 modo la educaci\u00f3n literaria en la primera infancia se convierte en un instrumento de disfrute, representaci\u00f3n y aprendizaje.<\/p>\n<p>Las familias y los maestros conocemos la importancia de las manifestaciones literarias en el desarrollo de la creatividad y en la adquisici\u00f3n y apropiaci\u00f3n de la lengua oral y escrita. Un proceso literario motivado es fuente de ilusiones, emociones y sue\u00f1os, que debemos seguir fomentando. Pues, dando protagonismo a las ilustraciones, las narraciones, los relatos y las palabras, promoveremos peque\u00f1os grandes lectores literarios.<\/p>\n","protected":false},"featured_media":342,"comment_status":"closed","ping_status":"closed","template":"","meta":{"_et_pb_use_builder":"","_et_pb_old_content":"","_et_gb_content_width":""},"product_brand":[],"product_cat":[19,32],"product_tag":[25],"class_list":{"0":"post-312","1":"product","2":"type-product","3":"status-publish","4":"has-post-thumbnail","6":"product_cat-editorial-octaedro","7":"product_cat-temas-de-infancia","8":"product_tag-edicion-impresa","10":"first","11":"instock","12":"shipping-taxable","13":"product-type-external"},"_links":{"self":[{"href":"https:\/\/octaedro.com\/octaedro-infantil\/wp-json\/wp\/v2\/product\/312","targetHints":{"allow":["GET"]}}],"collection":[{"href":"https:\/\/octaedro.com\/octaedro-infantil\/wp-json\/wp\/v2\/product"}],"about":[{"href":"https:\/\/octaedro.com\/octaedro-infantil\/wp-json\/wp\/v2\/types\/product"}],"replies":[{"embeddable":true,"href":"https:\/\/octaedro.com\/octaedro-infantil\/wp-json\/wp\/v2\/comments?post=312"}],"wp:featuredmedia":[{"embeddable":true,"href":"https:\/\/octaedro.com\/octaedro-infantil\/wp-json\/wp\/v2\/media\/342"}],"wp:attachment":[{"href":"https:\/\/octaedro.com\/octaedro-infantil\/wp-json\/wp\/v2\/media?parent=312"}],"wp:term":[{"taxonomy":"product_brand","embeddable":true,"href":"https:\/\/octaedro.com\/octaedro-infantil\/wp-json\/wp\/v2\/product_brand?post=312"},{"taxonomy":"product_cat","embeddable":true,"href":"https:\/\/octaedro.com\/octaedro-infantil\/wp-json\/wp\/v2\/product_cat?post=312"},{"taxonomy":"product_tag","embeddable":true,"href":"https:\/\/octaedro.com\/octaedro-infantil\/wp-json\/wp\/v2\/product_tag?post=312"}],"curies":[{"name":"wp","href":"https:\/\/api.w.org\/{rel}","templated":true}]}}