{"id":311,"date":"2020-06-02T09:37:29","date_gmt":"2020-06-02T07:37:29","guid":{"rendered":"https:\/\/octaedro.com\/octaedro-infantil\/producto\/import-placeholder-for-31744\/"},"modified":"2020-06-02T11:22:12","modified_gmt":"2020-06-02T09:22:12","slug":"relatos-de-vida-emocional","status":"publish","type":"product","link":"https:\/\/octaedro.com\/octaedro-infantil\/producto\/relatos-de-vida-emocional\/","title":{"rendered":"Relatos de vida emocional"},"content":{"rendered":"<p><span style=\"font-weight: 400;\">La acci\u00f3n educativa para el desarrollo de la inteligencia emocional, aunque en el presente tenga gran aceptaci\u00f3n y seguimiento, no es nueva. La autora ha venido trabajando en esta dimensi\u00f3n humana durante a\u00f1os, tiempo en el que ha acogido dudas, desconciertos y contradicciones, pero tambi\u00e9n los frutos que m\u00e1s tarde o m\u00e1s temprano muestran c\u00f3mo la educaci\u00f3n emocional contribuye a la buena gesti\u00f3n de uno mismo en beneficio propio y de los dem\u00e1s, experiencias positivas que son el objeto de este libro.<\/span><\/p>\n<p><span style=\"font-weight: 400;\">La obra tiene car\u00e1cter vivencial y testimonial, pues en ella se narran fragmentos de vida que surgen de la cotidianidad del hogar y de la escuela, compartidos por madres, padres y profesorado, con una experiencia en com\u00fan: la vivencia emocional. En estas historias, ni\u00f1os y ni\u00f1as descubren sus sentimientos y los de los dem\u00e1s, siempre acompa\u00f1ados de adultos amorosos y en contextos de acogida y de respeto al momento de cada proceso individual, de modo que se pone de manifiesto que la estimulaci\u00f3n de la inteligencia emocional se puede vivir con naturalidad, sin forzarla.\u00a0<\/span><\/p>\n<p>&nbsp;<\/p>\n<p><i><span style=\"font-weight: 400;\">Relatos de vida emocional<\/span><\/i><span style=\"font-weight: 400;\"> es una obra que puede actuar como catalizador de un impulso para iniciar el camino en el desarrollo de la inteligencia emocional, as\u00ed como orientar a quien ya tenga un compromiso en este \u00e1mbito.<\/span><\/p>\n<p>&nbsp;<\/p>\n","protected":false},"excerpt":{"rendered":"<p><span style=\"font-weight: 400;\">La acci\u00f3n educativa para el desarrollo de la inteligencia emocional, aunque en el presente tenga gran aceptaci\u00f3n y seguimiento, no es nueva. La autora ha venido trabajando en esta dimensi\u00f3n humana durante a\u00f1os, tiempo en el que ha acogido dudas, desconciertos y contradicciones, pero tambi\u00e9n los frutos que m\u00e1s tarde o m\u00e1s temprano muestran c\u00f3mo la educaci\u00f3n emocional contribuye a la buena gesti\u00f3n de uno mismo en beneficio propio y de los dem\u00e1s, experiencias positivas que son el objeto de este libro.<\/span><\/p>\n<p><span style=\"font-weight: 400;\">La obra tiene car\u00e1cter vivencial y testimonial, pues en ella se narran fragmentos de vida que surgen de la cotidianidad del hogar y de la escuela, compartidos por madres, padres y profesorado, con una experiencia en com\u00fan: la vivencia emocional. En estas historias, ni\u00f1os y ni\u00f1as descubren sus sentimientos y los de los dem\u00e1s, siempre acompa\u00f1ados de adultos amorosos y en contextos de acogida y de respeto al momento de cada proceso individual, de modo que se pone de manifiesto que la estimulaci\u00f3n de la inteligencia emocional se puede vivir con naturalidad, sin forzarla.\u00a0<\/span><\/p>\n<p>&nbsp;<\/p>\n<p><i><span style=\"font-weight: 400;\">Relatos de vida emocional<\/span><\/i><span style=\"font-weight: 400;\"> es una obra que puede actuar como catalizador de un impulso para iniciar el camino en el desarrollo de la inteligencia emocional, as\u00ed como orientar a quien ya tenga un compromiso en este \u00e1mbito.<\/span><\/p>\n<p>&nbsp;<\/p>\n","protected":false},"featured_media":341,"comment_status":"open","ping_status":"closed","template":"","meta":{"_et_pb_use_builder":"","_et_pb_old_content":"","_et_gb_content_width":""},"product_brand":[],"product_cat":[19,28],"product_tag":[25],"class_list":{"0":"post-311","1":"product","2":"type-product","3":"status-publish","4":"has-post-thumbnail","6":"product_cat-editorial-octaedro","7":"product_cat-libros-para-madres-y-padres","8":"product_tag-edicion-impresa","10":"first","11":"instock","12":"featured","13":"shipping-taxable","14":"product-type-external"},"_links":{"self":[{"href":"https:\/\/octaedro.com\/octaedro-infantil\/wp-json\/wp\/v2\/product\/311","targetHints":{"allow":["GET"]}}],"collection":[{"href":"https:\/\/octaedro.com\/octaedro-infantil\/wp-json\/wp\/v2\/product"}],"about":[{"href":"https:\/\/octaedro.com\/octaedro-infantil\/wp-json\/wp\/v2\/types\/product"}],"replies":[{"embeddable":true,"href":"https:\/\/octaedro.com\/octaedro-infantil\/wp-json\/wp\/v2\/comments?post=311"}],"wp:featuredmedia":[{"embeddable":true,"href":"https:\/\/octaedro.com\/octaedro-infantil\/wp-json\/wp\/v2\/media\/341"}],"wp:attachment":[{"href":"https:\/\/octaedro.com\/octaedro-infantil\/wp-json\/wp\/v2\/media?parent=311"}],"wp:term":[{"taxonomy":"product_brand","embeddable":true,"href":"https:\/\/octaedro.com\/octaedro-infantil\/wp-json\/wp\/v2\/product_brand?post=311"},{"taxonomy":"product_cat","embeddable":true,"href":"https:\/\/octaedro.com\/octaedro-infantil\/wp-json\/wp\/v2\/product_cat?post=311"},{"taxonomy":"product_tag","embeddable":true,"href":"https:\/\/octaedro.com\/octaedro-infantil\/wp-json\/wp\/v2\/product_tag?post=311"}],"curies":[{"name":"wp","href":"https:\/\/api.w.org\/{rel}","templated":true}]}}