{"id":310,"date":"2020-06-02T09:37:29","date_gmt":"2020-06-02T07:37:29","guid":{"rendered":"https:\/\/octaedro.com\/octaedro-infantil\/producto\/import-placeholder-for-22582\/"},"modified":"2020-06-02T11:22:13","modified_gmt":"2020-06-02T09:22:13","slug":"la-interpretacion-del-dibujo-infantil","status":"publish","type":"product","link":"https:\/\/octaedro.com\/octaedro-infantil\/producto\/la-interpretacion-del-dibujo-infantil\/","title":{"rendered":"La interpretaci\u00f3n del dibujo infantil"},"content":{"rendered":"<p><span style=\"font-weight: 400;\">El objetivo de este libro es dotar a psic\u00f3logos\/as, educadores\/as, pediatras, docentes, progenitores y, en general, a cualquier persona interesada, de herramientas que permitan interpretar los dibujos de la infancia y la adolescencia, comprender qu\u00e9 imagen tiene de s\u00ed mismo el ni\u00f1o o la ni\u00f1a, c\u00f3mo es su personalidad, si ha vivido o no situaciones traum\u00e1ticas, c\u00f3mo se relaciona con el entorno y con la familia, y qu\u00e9 elementos desestabilizan o comprometen su desarrollo. <\/span><\/p>\n<p><span style=\"font-weight: 400;\">Adem\u00e1s de cuestiones generales que se tienen en cuenta en la interpretaci\u00f3n, como el tama\u00f1o de las representaciones, la l\u00ednea o la ubicaci\u00f3n en el espacio, se revisan el dibujo de la persona, la familia, la casa, el \u00e1rbol y el dibujo libre. Partimos de la teor\u00eda y mostramos dibujos de casos reales que ejemplifican la misma.<\/span><\/p>\n","protected":false},"excerpt":{"rendered":"<p><span style=\"font-weight: 400;\">El objetivo de este libro es dotar a psic\u00f3logos\/as, educadores\/as, pediatras, docentes, progenitores y, en general, a cualquier persona interesada, de herramientas que permitan interpretar los dibujos de la infancia y la adolescencia, comprender qu\u00e9 imagen tiene de s\u00ed mismo el ni\u00f1o o la ni\u00f1a, c\u00f3mo es su personalidad, si ha vivido o no situaciones traum\u00e1ticas, c\u00f3mo se relaciona con el entorno y con la familia, y qu\u00e9 elementos desestabilizan o comprometen su desarrollo. <\/span><\/p>\n<p><span style=\"font-weight: 400;\">Adem\u00e1s de cuestiones generales que se tienen en cuenta en la interpretaci\u00f3n, como el tama\u00f1o de las representaciones, la l\u00ednea o la ubicaci\u00f3n en el espacio, se revisan el dibujo de la persona, la familia, la casa, el \u00e1rbol y el dibujo libre. Partimos de la teor\u00eda y mostramos dibujos de casos reales que ejemplifican la misma.<\/span><\/p>\n","protected":false},"featured_media":340,"comment_status":"open","ping_status":"closed","template":"","meta":{"_et_pb_use_builder":"","_et_pb_old_content":"","_et_gb_content_width":""},"product_brand":[],"product_cat":[19,22],"product_tag":[25],"class_list":{"0":"post-310","1":"product","2":"type-product","3":"status-publish","4":"has-post-thumbnail","6":"product_cat-editorial-octaedro","7":"product_cat-libros-para-profesorado-y-profesionales","8":"product_tag-edicion-impresa","10":"first","11":"instock","12":"product-type-external"},"_links":{"self":[{"href":"https:\/\/octaedro.com\/octaedro-infantil\/wp-json\/wp\/v2\/product\/310","targetHints":{"allow":["GET"]}}],"collection":[{"href":"https:\/\/octaedro.com\/octaedro-infantil\/wp-json\/wp\/v2\/product"}],"about":[{"href":"https:\/\/octaedro.com\/octaedro-infantil\/wp-json\/wp\/v2\/types\/product"}],"replies":[{"embeddable":true,"href":"https:\/\/octaedro.com\/octaedro-infantil\/wp-json\/wp\/v2\/comments?post=310"}],"wp:featuredmedia":[{"embeddable":true,"href":"https:\/\/octaedro.com\/octaedro-infantil\/wp-json\/wp\/v2\/media\/340"}],"wp:attachment":[{"href":"https:\/\/octaedro.com\/octaedro-infantil\/wp-json\/wp\/v2\/media?parent=310"}],"wp:term":[{"taxonomy":"product_brand","embeddable":true,"href":"https:\/\/octaedro.com\/octaedro-infantil\/wp-json\/wp\/v2\/product_brand?post=310"},{"taxonomy":"product_cat","embeddable":true,"href":"https:\/\/octaedro.com\/octaedro-infantil\/wp-json\/wp\/v2\/product_cat?post=310"},{"taxonomy":"product_tag","embeddable":true,"href":"https:\/\/octaedro.com\/octaedro-infantil\/wp-json\/wp\/v2\/product_tag?post=310"}],"curies":[{"name":"wp","href":"https:\/\/api.w.org\/{rel}","templated":true}]}}