{"id":309,"date":"2020-06-02T09:37:29","date_gmt":"2020-06-02T07:37:29","guid":{"rendered":"https:\/\/octaedro.com\/octaedro-infantil\/producto\/import-placeholder-for-20896\/"},"modified":"2020-06-02T10:36:43","modified_gmt":"2020-06-02T08:36:43","slug":"la-paz-se-logra-con-las-palabras","status":"publish","type":"product","link":"https:\/\/octaedro.com\/octaedro-infantil\/producto\/la-paz-se-logra-con-las-palabras\/","title":{"rendered":"\u00bfLa paz se logra con las palabras?"},"content":{"rendered":"[et_pb_section fb_built=\u00bb1&#8243; _builder_version=\u00bb3.22&#8243; custom_padding=\u00bb0px||||false|false\u00bb][et_pb_row _builder_version=\u00bb3.25&#8243; background_size=\u00bbinitial\u00bb background_position=\u00bbtop_left\u00bb background_repeat=\u00bbrepeat\u00bb width=\u00bb100%\u00bb custom_padding=\u00bb0px||0px||false|false\u00bb][et_pb_column type=\u00bb4_4&#8243; _builder_version=\u00bb3.25&#8243; custom_padding=\u00bb|||\u00bb custom_padding__hover=\u00bb|||\u00bb][et_pb_wc_breadcrumb _builder_version=\u00bb4.3.3&#8243;][\/et_pb_wc_breadcrumb][et_pb_wc_cart_notice _builder_version=\u00bb3.0.47&#8243;][\/et_pb_wc_cart_notice][\/et_pb_column][\/et_pb_row][et_pb_row column_structure=\u00bb1_2,1_2&#8243; _builder_version=\u00bb3.25&#8243; background_size=\u00bbinitial\u00bb background_position=\u00bbtop_left\u00bb background_repeat=\u00bbrepeat\u00bb width=\u00bb100%\u00bb custom_padding=\u00bb0px||||false|false\u00bb][et_pb_column type=\u00bb1_2&#8243; _builder_version=\u00bb3.25&#8243; custom_padding=\u00bb|||\u00bb custom_padding__hover=\u00bb|||\u00bb][et_pb_wc_images _builder_version=\u00bb3.0.47&#8243;][\/et_pb_wc_images][\/et_pb_column][et_pb_column type=\u00bb1_2&#8243; _builder_version=\u00bb3.25&#8243; custom_padding=\u00bb|||\u00bb custom_padding__hover=\u00bb|||\u00bb][et_pb_wc_title _builder_version=\u00bb3.0.47&#8243;][\/et_pb_wc_title][et_pb_wc_rating _builder_version=\u00bb3.0.47&#8243;][\/et_pb_wc_rating][et_pb_wc_price _builder_version=\u00bb3.0.47&#8243;][\/et_pb_wc_price][et_pb_wc_description _builder_version=\u00bb3.0.47&#8243;][\/et_pb_wc_description][et_pb_wc_add_to_cart _builder_version=\u00bb3.0.47&#8243;][\/et_pb_wc_add_to_cart][et_pb_wc_meta _builder_version=\u00bb3.0.47&#8243;][\/et_pb_wc_meta][et_pb_button button_text=\u00bbCOMPRAR\u00bb _builder_version=\u00bb4.3.3&#8243;][\/et_pb_button][\/et_pb_column][\/et_pb_row][et_pb_row _builder_version=\u00bb3.25&#8243; background_size=\u00bbinitial\u00bb background_position=\u00bbtop_left\u00bb background_repeat=\u00bbrepeat\u00bb width=\u00bb100%\u00bb][et_pb_column type=\u00bb4_4&#8243; _builder_version=\u00bb3.25&#8243; custom_padding=\u00bb|||\u00bb custom_padding__hover=\u00bb|||\u00bb][et_pb_wc_tabs _builder_version=\u00bb3.0.47&#8243;]\t\t\t\t\t[\/et_pb_wc_tabs][et_pb_wc_upsells _builder_version=\u00bb3.0.47&#8243;][\/et_pb_wc_upsells][et_pb_wc_related_products _builder_version=\u00bb3.0.47&#8243;][\/et_pb_wc_related_products][\/et_pb_column][\/et_pb_row][\/et_pb_section]\n","protected":false},"excerpt":{"rendered":"<p>En los inicios era la guerra.<\/p>\n<p>Todo ol\u00eda a destrucci\u00f3n, sab\u00eda a violencia, se oscurec\u00eda&#8230; El miedo se hab\u00eda instalado en lo m\u00e1s profundo de los corazones.<\/p>\n<p>Pero exist\u00eda una ni\u00f1a capaz de so\u00f1ar otros mundos posibles. Cada noche so\u00f1aba con uno de ellos. Y cuando lo hac\u00eda nac\u00eda la luz en los diferentes rincones del oscuro mundo en guerra.<\/p>\n<p>Un d\u00eda, su abuelita le regal\u00f3 unos hilos con los colores del arco iris. Con ellos pudo tejer los mundos de sus sue\u00f1os y narrar sus historias. Desde entonces, diversos mundos posibles fueron hil\u00e1ndose entre s\u00ed hasta formar el universo Hilomundos.<\/p>\n<p>En este cuento, la Ni\u00f1a del Hilo descubre el poder de las palabras para generar la paz. Cada libro de la colecci\u00f3n Hilomundos nos lleva a historias de b\u00fasqueda, invenci\u00f3n y creaci\u00f3n de mundos en paz desde la perspectiva de los sue\u00f1os de esta ni\u00f1a.<\/p>\n<p>Ilustraciones de <strong>\u00c1lex Mel\u00e9ndez<\/strong> y <strong>Beatriz Dapena<\/strong>.<br \/>\n<a href=\"&quot;http:\/\/www.beayalexchildrensbooks.com\/&quot;\">www.beayalexchildrensbooks.com<\/a><\/p>\n","protected":false},"featured_media":339,"comment_status":"open","ping_status":"closed","template":"","meta":{"_et_pb_use_builder":"on","_et_pb_old_content":"En los inicios era la guerra.\r\n\r\nTodo ol\u00eda a destrucci\u00f3n, sab\u00eda a violencia, se oscurec\u00eda... El miedo se hab\u00eda instalado en lo m\u00e1s profundo de los corazones.\r\n\r\nPero exist\u00eda una ni\u00f1a capaz de so\u00f1ar otros mundos posibles. Cada noche so\u00f1aba con uno de ellos. Y cuando lo hac\u00eda nac\u00eda la luz en los diferentes rincones del oscuro mundo en guerra.\r\n\r\nUn d\u00eda, su abuelita le regal\u00f3 unos hilos con los colores del arco iris. Con ellos pudo tejer los mundos de sus sue\u00f1os y narrar sus historias. Desde entonces, diversos mundos posibles fueron hil\u00e1ndose entre s\u00ed hasta formar el universo Hilomundos.\r\n\r\nEn este cuento, la Ni\u00f1a del Hilo descubre el poder de las palabras para generar la paz. Cada libro de la colecci\u00f3n Hilomundos nos lleva a historias de b\u00fasqueda, invenci\u00f3n y creaci\u00f3n de mundos en paz desde la perspectiva de los sue\u00f1os de esta ni\u00f1a.\r\n\r\nIlustraciones de <strong>\u00c1lex Mel\u00e9ndez<\/strong> y <strong>Beatriz Dapena<\/strong>.\r\n<a href=\"\/\/www.beayalexchildrensbooks.com\/&quot;\">www.beayalexchildrensbooks.com<\/a>","_et_gb_content_width":""},"product_brand":[],"product_cat":[19,39,31],"product_tag":[25],"class_list":{"0":"post-309","1":"product","2":"type-product","3":"status-publish","4":"has-post-thumbnail","6":"product_cat-editorial-octaedro","7":"product_cat-noria","8":"product_cat-proyecto-noria","9":"product_tag-edicion-impresa","11":"first","12":"instock","13":"shipping-taxable","14":"product-type-external"},"_links":{"self":[{"href":"https:\/\/octaedro.com\/octaedro-infantil\/wp-json\/wp\/v2\/product\/309","targetHints":{"allow":["GET"]}}],"collection":[{"href":"https:\/\/octaedro.com\/octaedro-infantil\/wp-json\/wp\/v2\/product"}],"about":[{"href":"https:\/\/octaedro.com\/octaedro-infantil\/wp-json\/wp\/v2\/types\/product"}],"replies":[{"embeddable":true,"href":"https:\/\/octaedro.com\/octaedro-infantil\/wp-json\/wp\/v2\/comments?post=309"}],"wp:featuredmedia":[{"embeddable":true,"href":"https:\/\/octaedro.com\/octaedro-infantil\/wp-json\/wp\/v2\/media\/339"}],"wp:attachment":[{"href":"https:\/\/octaedro.com\/octaedro-infantil\/wp-json\/wp\/v2\/media?parent=309"}],"wp:term":[{"taxonomy":"product_brand","embeddable":true,"href":"https:\/\/octaedro.com\/octaedro-infantil\/wp-json\/wp\/v2\/product_brand?post=309"},{"taxonomy":"product_cat","embeddable":true,"href":"https:\/\/octaedro.com\/octaedro-infantil\/wp-json\/wp\/v2\/product_cat?post=309"},{"taxonomy":"product_tag","embeddable":true,"href":"https:\/\/octaedro.com\/octaedro-infantil\/wp-json\/wp\/v2\/product_tag?post=309"}],"curies":[{"name":"wp","href":"https:\/\/api.w.org\/{rel}","templated":true}]}}