{"id":308,"date":"2020-06-02T09:37:29","date_gmt":"2020-06-02T07:37:29","guid":{"rendered":"https:\/\/octaedro.com\/octaedro-infantil\/producto\/import-placeholder-for-20823\/"},"modified":"2020-06-02T11:22:14","modified_gmt":"2020-06-02T09:22:14","slug":"los-hilos-de-infantil","status":"publish","type":"product","link":"https:\/\/octaedro.com\/octaedro-infantil\/producto\/los-hilos-de-infantil\/","title":{"rendered":"Los hilos de infantil"},"content":{"rendered":"<p><em>Los hilos de infantil. InnovArte Educaci\u00f3n Infantil<\/em>, el trabajo ganador del <strong>XXXVI Premio Marta Mata de Pedagog\u00eda<\/strong>, es un peque\u00f1o tesoro. Un libro que emociona y seduce, repleto de conocimiento y de experiencia, de ideas brillantes, de im\u00e1genes preciosas, de reflexiones llenas de sabidur\u00eda, de cr\u00edticas consistentes. Un libro el\u00e1stico, que se estira y se estira y nunca se acaba; un jard\u00edn de sensaciones, que germina y da a cada maestra la inspiraci\u00f3n para encontrar su propio camino. Un pozo de recursos que mejoran las competencias profesionales de maestros y maestras y los conocimientos de ni\u00f1os y ni\u00f1as, lejos de modas pasajeras y de urgencias burocr\u00e1ticas.<\/p>\n<p>Una apuesta decidida por una escuela segura de s\u00ed misma, por la calidad, por la creatividad, por la vida, por la educaci\u00f3n integral; a favor de los ni\u00f1os y las ni\u00f1as y sus familias. Una reflexi\u00f3n y unos recursos fruto de una pr\u00e1ctica cotidiana continuada, con una base cient\u00edfica y t\u00e9cnica solvente y actual.<\/p>\n","protected":false},"excerpt":{"rendered":"<p><em>Los hilos de infantil. InnovArte Educaci\u00f3n Infantil<\/em>, el trabajo ganador del <strong>XXXVI Premio Marta Mata de Pedagog\u00eda<\/strong>, es un peque\u00f1o tesoro. Un libro que emociona y seduce, repleto de conocimiento y de experiencia, de ideas brillantes, de im\u00e1genes preciosas, de reflexiones llenas de sabidur\u00eda, de cr\u00edticas consistentes. Un libro el\u00e1stico, que se estira y se estira y nunca se acaba; un jard\u00edn de sensaciones, que germina y da a cada maestra la inspiraci\u00f3n para encontrar su propio camino. Un pozo de recursos que mejoran las competencias profesionales de maestros y maestras y los conocimientos de ni\u00f1os y ni\u00f1as, lejos de modas pasajeras y de urgencias burocr\u00e1ticas.<\/p>\n<p>Una apuesta decidida por una escuela segura de s\u00ed misma, por la calidad, por la creatividad, por la vida, por la educaci\u00f3n integral; a favor de los ni\u00f1os y las ni\u00f1as y sus familias. Una reflexi\u00f3n y unos recursos fruto de una pr\u00e1ctica cotidiana continuada, con una base cient\u00edfica y t\u00e9cnica solvente y actual.<\/p>\n","protected":false},"featured_media":338,"comment_status":"open","ping_status":"closed","template":"","meta":{"_et_pb_use_builder":"","_et_pb_old_content":"","_et_gb_content_width":""},"product_brand":[],"product_cat":[19,32],"product_tag":[25],"class_list":{"0":"post-308","1":"product","2":"type-product","3":"status-publish","4":"has-post-thumbnail","6":"product_cat-editorial-octaedro","7":"product_cat-temas-de-infancia","8":"product_tag-edicion-impresa","10":"first","11":"instock","12":"featured","13":"shipping-taxable","14":"product-type-external"},"_links":{"self":[{"href":"https:\/\/octaedro.com\/octaedro-infantil\/wp-json\/wp\/v2\/product\/308","targetHints":{"allow":["GET"]}}],"collection":[{"href":"https:\/\/octaedro.com\/octaedro-infantil\/wp-json\/wp\/v2\/product"}],"about":[{"href":"https:\/\/octaedro.com\/octaedro-infantil\/wp-json\/wp\/v2\/types\/product"}],"replies":[{"embeddable":true,"href":"https:\/\/octaedro.com\/octaedro-infantil\/wp-json\/wp\/v2\/comments?post=308"}],"wp:featuredmedia":[{"embeddable":true,"href":"https:\/\/octaedro.com\/octaedro-infantil\/wp-json\/wp\/v2\/media\/338"}],"wp:attachment":[{"href":"https:\/\/octaedro.com\/octaedro-infantil\/wp-json\/wp\/v2\/media?parent=308"}],"wp:term":[{"taxonomy":"product_brand","embeddable":true,"href":"https:\/\/octaedro.com\/octaedro-infantil\/wp-json\/wp\/v2\/product_brand?post=308"},{"taxonomy":"product_cat","embeddable":true,"href":"https:\/\/octaedro.com\/octaedro-infantil\/wp-json\/wp\/v2\/product_cat?post=308"},{"taxonomy":"product_tag","embeddable":true,"href":"https:\/\/octaedro.com\/octaedro-infantil\/wp-json\/wp\/v2\/product_tag?post=308"}],"curies":[{"name":"wp","href":"https:\/\/api.w.org\/{rel}","templated":true}]}}