{"id":307,"date":"2020-06-02T09:37:29","date_gmt":"2020-06-02T07:37:29","guid":{"rendered":"https:\/\/octaedro.com\/octaedro-infantil\/producto\/import-placeholder-for-20271\/"},"modified":"2020-06-02T10:37:32","modified_gmt":"2020-06-02T08:37:32","slug":"los-cosquillas-la-cueva-de-draco-incluye-cd","status":"publish","type":"product","link":"https:\/\/octaedro.com\/octaedro-infantil\/producto\/los-cosquillas-la-cueva-de-draco-incluye-cd\/","title":{"rendered":"Los Cosquillas, La cueva de Draco (incluye CD)"},"content":{"rendered":"<p>Los Cosquillas se van de excursi\u00f3n y est\u00e1n muy contentos paseando por el gran Bosque Rojo pero se pierden y, cuando empieza a llover, buscan r\u00e1pido un refugio. De repente encuentran una cueva\u2026<br \/>\nEl proyecto CIM (Cuentos, Ilustraciones y M\u00fasica) est\u00e1 dirigido por tres personas procedentes del \u00e1mbito docente, musical y art\u00edstico. Es un reflejo de la experiencia de sus creadores con la ilusi\u00f3n de ayudar a trabajar valores y emociones a trav\u00e9s del cuento y sus personajes: los Cosquillas.<br \/>\nLos cuentos CIM est\u00e1n orientados al p\u00fablico infantil y se desarrollan en una colecci\u00f3n de doce cuentos ilustrados con acompa\u00f1amiento musical. Cada cuento incluye una <a href=\"http:\/\/www.octaedro.com\/pdf\/42300.pdf\">gu\u00eda did\u00e1ctica con propuestas y actividades l\u00fadicas y educativas <\/a>.<br \/>\nTodas las historias de los Cosquillas tienen un final muy curioso, no acaban del todo, as\u00ed que: \u00a1t\u00fa tambi\u00e9n participas!<\/p>\n","protected":false},"excerpt":{"rendered":"<p>Los Cosquillas se van de excursi\u00f3n y est\u00e1n muy contentos paseando por el gran Bosque Rojo pero se pierden y, cuando empieza a llover, buscan r\u00e1pido un refugio. De repente encuentran una cueva\u2026<br \/>\nEl proyecto CIM (Cuentos, Ilustraciones y M\u00fasica) est\u00e1 dirigido por tres personas procedentes del \u00e1mbito docente, musical y art\u00edstico. Es un reflejo de la experiencia de sus creadores con la ilusi\u00f3n de ayudar a trabajar valores y emociones a trav\u00e9s del cuento y sus personajes: los Cosquillas.<br \/>\nLos cuentos CIM est\u00e1n orientados al p\u00fablico infantil y se desarrollan en una colecci\u00f3n de doce cuentos ilustrados con acompa\u00f1amiento musical. Cada cuento incluye una <a href=\"http:\/\/www.octaedro.com\/pdf\/42300.pdf\">gu\u00eda did\u00e1ctica con propuestas y actividades l\u00fadicas y educativas <\/a>.<br \/>\nTodas las historias de los Cosquillas tienen un final muy curioso, no acaban del todo, as\u00ed que: \u00a1t\u00fa tambi\u00e9n participas!<\/p>\n","protected":false},"featured_media":337,"comment_status":"open","ping_status":"closed","template":"","meta":{"_et_pb_use_builder":"","_et_pb_old_content":"","_et_gb_content_width":""},"product_brand":[],"product_cat":[35,19],"product_tag":[],"class_list":{"0":"post-307","1":"product","2":"type-product","3":"status-publish","4":"has-post-thumbnail","6":"product_cat-cuentos-sobre-emociones-derechos-diversidad","7":"product_cat-editorial-octaedro","9":"first","10":"instock","11":"shipping-taxable","12":"product-type-external"},"_links":{"self":[{"href":"https:\/\/octaedro.com\/octaedro-infantil\/wp-json\/wp\/v2\/product\/307","targetHints":{"allow":["GET"]}}],"collection":[{"href":"https:\/\/octaedro.com\/octaedro-infantil\/wp-json\/wp\/v2\/product"}],"about":[{"href":"https:\/\/octaedro.com\/octaedro-infantil\/wp-json\/wp\/v2\/types\/product"}],"replies":[{"embeddable":true,"href":"https:\/\/octaedro.com\/octaedro-infantil\/wp-json\/wp\/v2\/comments?post=307"}],"wp:featuredmedia":[{"embeddable":true,"href":"https:\/\/octaedro.com\/octaedro-infantil\/wp-json\/wp\/v2\/media\/337"}],"wp:attachment":[{"href":"https:\/\/octaedro.com\/octaedro-infantil\/wp-json\/wp\/v2\/media?parent=307"}],"wp:term":[{"taxonomy":"product_brand","embeddable":true,"href":"https:\/\/octaedro.com\/octaedro-infantil\/wp-json\/wp\/v2\/product_brand?post=307"},{"taxonomy":"product_cat","embeddable":true,"href":"https:\/\/octaedro.com\/octaedro-infantil\/wp-json\/wp\/v2\/product_cat?post=307"},{"taxonomy":"product_tag","embeddable":true,"href":"https:\/\/octaedro.com\/octaedro-infantil\/wp-json\/wp\/v2\/product_tag?post=307"}],"curies":[{"name":"wp","href":"https:\/\/api.w.org\/{rel}","templated":true}]}}