{"id":303,"date":"2020-06-02T09:37:28","date_gmt":"2020-06-02T07:37:28","guid":{"rendered":"https:\/\/octaedro.com\/octaedro-infantil\/producto\/import-placeholder-for-20263\/"},"modified":"2020-06-02T11:22:16","modified_gmt":"2020-06-02T09:22:16","slug":"brisa-en-la-ventana","status":"publish","type":"product","link":"https:\/\/octaedro.com\/octaedro-infantil\/producto\/brisa-en-la-ventana\/","title":{"rendered":"Brisa en la ventana"},"content":{"rendered":"<p>\u00bfPuede el viento cuchichear en nuestros o\u00eddos? \u00bfPuede el viento enredar el pensamiento?<\/p>\n<p>Brisa, la ni\u00f1a con nombre de viento, cree que s\u00ed. Ven a divertirte como ella con la ventolera provocada por Elma en cada p\u00e1gina de este libro.<\/p>\n","protected":false},"excerpt":{"rendered":"<p>\u00bfPuede el viento cuchichear en nuestros o\u00eddos? \u00bfPuede el viento enredar el pensamiento?<\/p>\n<p>Brisa, la ni\u00f1a con nombre de viento, cree que s\u00ed. Ven a divertirte como ella con la ventolera provocada por Elma en cada p\u00e1gina de este libro.<\/p>\n","protected":false},"featured_media":333,"comment_status":"open","ping_status":"closed","template":"","meta":{"_et_pb_use_builder":"","_et_pb_old_content":"","_et_gb_content_width":""},"product_brand":[],"product_cat":[35,19],"product_tag":[25],"class_list":{"0":"post-303","1":"product","2":"type-product","3":"status-publish","4":"has-post-thumbnail","6":"product_cat-cuentos-sobre-emociones-derechos-diversidad","7":"product_cat-editorial-octaedro","8":"product_tag-edicion-impresa","10":"first","11":"instock","12":"shipping-taxable","13":"product-type-external"},"_links":{"self":[{"href":"https:\/\/octaedro.com\/octaedro-infantil\/wp-json\/wp\/v2\/product\/303","targetHints":{"allow":["GET"]}}],"collection":[{"href":"https:\/\/octaedro.com\/octaedro-infantil\/wp-json\/wp\/v2\/product"}],"about":[{"href":"https:\/\/octaedro.com\/octaedro-infantil\/wp-json\/wp\/v2\/types\/product"}],"replies":[{"embeddable":true,"href":"https:\/\/octaedro.com\/octaedro-infantil\/wp-json\/wp\/v2\/comments?post=303"}],"wp:featuredmedia":[{"embeddable":true,"href":"https:\/\/octaedro.com\/octaedro-infantil\/wp-json\/wp\/v2\/media\/333"}],"wp:attachment":[{"href":"https:\/\/octaedro.com\/octaedro-infantil\/wp-json\/wp\/v2\/media?parent=303"}],"wp:term":[{"taxonomy":"product_brand","embeddable":true,"href":"https:\/\/octaedro.com\/octaedro-infantil\/wp-json\/wp\/v2\/product_brand?post=303"},{"taxonomy":"product_cat","embeddable":true,"href":"https:\/\/octaedro.com\/octaedro-infantil\/wp-json\/wp\/v2\/product_cat?post=303"},{"taxonomy":"product_tag","embeddable":true,"href":"https:\/\/octaedro.com\/octaedro-infantil\/wp-json\/wp\/v2\/product_tag?post=303"}],"curies":[{"name":"wp","href":"https:\/\/api.w.org\/{rel}","templated":true}]}}