{"id":296,"date":"2020-06-02T09:37:28","date_gmt":"2020-06-02T07:37:28","guid":{"rendered":"https:\/\/octaedro.com\/octaedro-infantil\/producto\/import-placeholder-for-20247\/"},"modified":"2020-06-02T11:22:21","modified_gmt":"2020-06-02T09:22:21","slug":"desenrollando-la-lengua","status":"publish","type":"product","link":"https:\/\/octaedro.com\/octaedro-infantil\/producto\/desenrollando-la-lengua\/","title":{"rendered":"Desenrollando la lengua"},"content":{"rendered":"<p>Esta obra re\u00fane un libro de ilustraciones y un <strong>CD<\/strong> con canciones tradicionales y composiciones de la autora. Se pretende motivar el inter\u00e9s de los ni\u00f1os por la cultura brasile\u00f1a, a trav\u00e9s de canciones divertidas y ritmos bailables, huyendo de los patrones estereotipados de la m\u00fasica infantil presente en los medios convencionales.<\/p>\n<p>A partir de la mirada de una ni\u00f1a brasile\u00f1a que llega a vivir a Espa\u00f1a, el libro presenta, de manera l\u00fadica, los or\u00edgenes y las historias del castellano que se habla en Espa\u00f1a y la lengua portuguesa hablada en Brasil. Se invita al lector a hacer un recorrido por las expresiones de otros idiomas adoptadas en el vocabulario popular y a conocer la relaci\u00f3n del castellano y el portugu\u00e9s con su remota matriz latina.<\/p>\n<p>De esta manera, se facilita el acceso de las ni\u00f1as y los ni\u00f1os a conocer las ra\u00edces de su lengua hablada y a ampliar su cultura musical, presentadas en un entorno del siglo XXI.<\/p>\n","protected":false},"excerpt":{"rendered":"<p>Esta obra re\u00fane un libro de ilustraciones y un <strong>CD<\/strong> con canciones tradicionales y composiciones de la autora. Se pretende motivar el inter\u00e9s de los ni\u00f1os por la cultura brasile\u00f1a, a trav\u00e9s de canciones divertidas y ritmos bailables, huyendo de los patrones estereotipados de la m\u00fasica infantil presente en los medios convencionales.<\/p>\n<p>A partir de la mirada de una ni\u00f1a brasile\u00f1a que llega a vivir a Espa\u00f1a, el libro presenta, de manera l\u00fadica, los or\u00edgenes y las historias del castellano que se habla en Espa\u00f1a y la lengua portuguesa hablada en Brasil. Se invita al lector a hacer un recorrido por las expresiones de otros idiomas adoptadas en el vocabulario popular y a conocer la relaci\u00f3n del castellano y el portugu\u00e9s con su remota matriz latina.<\/p>\n<p>De esta manera, se facilita el acceso de las ni\u00f1as y los ni\u00f1os a conocer las ra\u00edces de su lengua hablada y a ampliar su cultura musical, presentadas en un entorno del siglo XXI.<\/p>\n","protected":false},"featured_media":326,"comment_status":"open","ping_status":"closed","template":"","meta":{"_et_pb_use_builder":"","_et_pb_old_content":"","_et_gb_content_width":""},"product_brand":[],"product_cat":[35,19],"product_tag":[25],"class_list":{"0":"post-296","1":"product","2":"type-product","3":"status-publish","4":"has-post-thumbnail","6":"product_cat-cuentos-sobre-emociones-derechos-diversidad","7":"product_cat-editorial-octaedro","8":"product_tag-edicion-impresa","10":"first","11":"instock","12":"shipping-taxable","13":"product-type-external"},"_links":{"self":[{"href":"https:\/\/octaedro.com\/octaedro-infantil\/wp-json\/wp\/v2\/product\/296","targetHints":{"allow":["GET"]}}],"collection":[{"href":"https:\/\/octaedro.com\/octaedro-infantil\/wp-json\/wp\/v2\/product"}],"about":[{"href":"https:\/\/octaedro.com\/octaedro-infantil\/wp-json\/wp\/v2\/types\/product"}],"replies":[{"embeddable":true,"href":"https:\/\/octaedro.com\/octaedro-infantil\/wp-json\/wp\/v2\/comments?post=296"}],"wp:featuredmedia":[{"embeddable":true,"href":"https:\/\/octaedro.com\/octaedro-infantil\/wp-json\/wp\/v2\/media\/326"}],"wp:attachment":[{"href":"https:\/\/octaedro.com\/octaedro-infantil\/wp-json\/wp\/v2\/media?parent=296"}],"wp:term":[{"taxonomy":"product_brand","embeddable":true,"href":"https:\/\/octaedro.com\/octaedro-infantil\/wp-json\/wp\/v2\/product_brand?post=296"},{"taxonomy":"product_cat","embeddable":true,"href":"https:\/\/octaedro.com\/octaedro-infantil\/wp-json\/wp\/v2\/product_cat?post=296"},{"taxonomy":"product_tag","embeddable":true,"href":"https:\/\/octaedro.com\/octaedro-infantil\/wp-json\/wp\/v2\/product_tag?post=296"}],"curies":[{"name":"wp","href":"https:\/\/api.w.org\/{rel}","templated":true}]}}