{"id":295,"date":"2020-06-02T09:37:28","date_gmt":"2020-06-02T07:37:28","guid":{"rendered":"https:\/\/octaedro.com\/octaedro-infantil\/producto\/import-placeholder-for-20245\/"},"modified":"2020-06-02T11:22:22","modified_gmt":"2020-06-02T09:22:22","slug":"el-coleccionador-de-aguas","status":"publish","type":"product","link":"https:\/\/octaedro.com\/octaedro-infantil\/producto\/el-coleccionador-de-aguas\/","title":{"rendered":"El coleccionador de aguas"},"content":{"rendered":"<p>Un remoj\u00f3n en la lluvia, chapuzones, arroyos y charcos. Francisco tiene una enorme cantidad de motivos para coleccionar aguas. Con su mirada de ni\u00f1o-poeta, entiende que atesoran la simplicidad de todo lo que le hace feliz. Son aguas que hidratan sue\u00f1os, que tienen el deseo de ser r\u00edo y que invitan a navegar.<\/p>\n","protected":false},"excerpt":{"rendered":"<p>Un remoj\u00f3n en la lluvia, chapuzones, arroyos y charcos. Francisco tiene una enorme cantidad de motivos para coleccionar aguas. Con su mirada de ni\u00f1o-poeta, entiende que atesoran la simplicidad de todo lo que le hace feliz. Son aguas que hidratan sue\u00f1os, que tienen el deseo de ser r\u00edo y que invitan a navegar.<\/p>\n","protected":false},"featured_media":325,"comment_status":"open","ping_status":"closed","template":"","meta":{"_et_pb_use_builder":"","_et_pb_old_content":"","_et_gb_content_width":""},"product_brand":[],"product_cat":[35,19],"product_tag":[],"class_list":{"0":"post-295","1":"product","2":"type-product","3":"status-publish","4":"has-post-thumbnail","6":"product_cat-cuentos-sobre-emociones-derechos-diversidad","7":"product_cat-editorial-octaedro","9":"first","10":"instock","11":"shipping-taxable","12":"product-type-external"},"_links":{"self":[{"href":"https:\/\/octaedro.com\/octaedro-infantil\/wp-json\/wp\/v2\/product\/295","targetHints":{"allow":["GET"]}}],"collection":[{"href":"https:\/\/octaedro.com\/octaedro-infantil\/wp-json\/wp\/v2\/product"}],"about":[{"href":"https:\/\/octaedro.com\/octaedro-infantil\/wp-json\/wp\/v2\/types\/product"}],"replies":[{"embeddable":true,"href":"https:\/\/octaedro.com\/octaedro-infantil\/wp-json\/wp\/v2\/comments?post=295"}],"wp:featuredmedia":[{"embeddable":true,"href":"https:\/\/octaedro.com\/octaedro-infantil\/wp-json\/wp\/v2\/media\/325"}],"wp:attachment":[{"href":"https:\/\/octaedro.com\/octaedro-infantil\/wp-json\/wp\/v2\/media?parent=295"}],"wp:term":[{"taxonomy":"product_brand","embeddable":true,"href":"https:\/\/octaedro.com\/octaedro-infantil\/wp-json\/wp\/v2\/product_brand?post=295"},{"taxonomy":"product_cat","embeddable":true,"href":"https:\/\/octaedro.com\/octaedro-infantil\/wp-json\/wp\/v2\/product_cat?post=295"},{"taxonomy":"product_tag","embeddable":true,"href":"https:\/\/octaedro.com\/octaedro-infantil\/wp-json\/wp\/v2\/product_tag?post=295"}],"curies":[{"name":"wp","href":"https:\/\/api.w.org\/{rel}","templated":true}]}}