{"id":294,"date":"2020-06-02T09:37:28","date_gmt":"2020-06-02T07:37:28","guid":{"rendered":"https:\/\/octaedro.com\/octaedro-infantil\/producto\/import-placeholder-for-20243\/"},"modified":"2020-06-02T11:22:22","modified_gmt":"2020-06-02T09:22:22","slug":"hoy-me-toca-psico","status":"publish","type":"product","link":"https:\/\/octaedro.com\/octaedro-infantil\/producto\/hoy-me-toca-psico\/","title":{"rendered":"\u00a1Hoy me toca psico!"},"content":{"rendered":"<p>Ana tiene cinco a\u00f1os. En la escuela hoy es un d\u00eda especial para ella y sus compa\u00f1eros porque les toca psicomotricidad.<br \/>Quiz\u00e1s no sepas por qu\u00e9 las ni\u00f1as y ni\u00f1os esperan con  impaciencia el d\u00eda en que hacen psicomotricidad en su escuela. A lo mejor las im\u00e1genes de este libro te dan una pista. Y si adem\u00e1s quieres saber qu\u00e9 es esto de la psicomotricidad, tienes una breve explicaci\u00f3n en las p\u00e1ginas finales.<br \/>Es un libro hecho con much\u00edsimo cari\u00f1o por psicomotricistas tanto para ni\u00f1as y ni\u00f1os como para mam\u00e1s, pap\u00e1s y maestras<\/p>\n","protected":false},"excerpt":{"rendered":"<p>Ana tiene cinco a\u00f1os. En la escuela hoy es un d\u00eda especial para ella y sus compa\u00f1eros porque les toca psicomotricidad.<br \/>Quiz\u00e1s no sepas por qu\u00e9 las ni\u00f1as y ni\u00f1os esperan con  impaciencia el d\u00eda en que hacen psicomotricidad en su escuela. A lo mejor las im\u00e1genes de este libro te dan una pista. Y si adem\u00e1s quieres saber qu\u00e9 es esto de la psicomotricidad, tienes una breve explicaci\u00f3n en las p\u00e1ginas finales.<br \/>Es un libro hecho con much\u00edsimo cari\u00f1o por psicomotricistas tanto para ni\u00f1as y ni\u00f1os como para mam\u00e1s, pap\u00e1s y maestras<\/p>\n","protected":false},"featured_media":324,"comment_status":"open","ping_status":"closed","template":"","meta":{"_et_pb_use_builder":"","_et_pb_old_content":"","_et_gb_content_width":""},"product_brand":[],"product_cat":[35,19],"product_tag":[],"class_list":{"0":"post-294","1":"product","2":"type-product","3":"status-publish","4":"has-post-thumbnail","6":"product_cat-cuentos-sobre-emociones-derechos-diversidad","7":"product_cat-editorial-octaedro","9":"first","10":"instock","11":"featured","12":"shipping-taxable","13":"product-type-external"},"_links":{"self":[{"href":"https:\/\/octaedro.com\/octaedro-infantil\/wp-json\/wp\/v2\/product\/294","targetHints":{"allow":["GET"]}}],"collection":[{"href":"https:\/\/octaedro.com\/octaedro-infantil\/wp-json\/wp\/v2\/product"}],"about":[{"href":"https:\/\/octaedro.com\/octaedro-infantil\/wp-json\/wp\/v2\/types\/product"}],"replies":[{"embeddable":true,"href":"https:\/\/octaedro.com\/octaedro-infantil\/wp-json\/wp\/v2\/comments?post=294"}],"wp:featuredmedia":[{"embeddable":true,"href":"https:\/\/octaedro.com\/octaedro-infantil\/wp-json\/wp\/v2\/media\/324"}],"wp:attachment":[{"href":"https:\/\/octaedro.com\/octaedro-infantil\/wp-json\/wp\/v2\/media?parent=294"}],"wp:term":[{"taxonomy":"product_brand","embeddable":true,"href":"https:\/\/octaedro.com\/octaedro-infantil\/wp-json\/wp\/v2\/product_brand?post=294"},{"taxonomy":"product_cat","embeddable":true,"href":"https:\/\/octaedro.com\/octaedro-infantil\/wp-json\/wp\/v2\/product_cat?post=294"},{"taxonomy":"product_tag","embeddable":true,"href":"https:\/\/octaedro.com\/octaedro-infantil\/wp-json\/wp\/v2\/product_tag?post=294"}],"curies":[{"name":"wp","href":"https:\/\/api.w.org\/{rel}","templated":true}]}}