{"id":292,"date":"2020-06-02T09:37:28","date_gmt":"2020-06-02T07:37:28","guid":{"rendered":"https:\/\/octaedro.com\/octaedro-infantil\/producto\/import-placeholder-for-20239\/"},"modified":"2020-06-02T11:22:24","modified_gmt":"2020-06-02T09:22:24","slug":"el-patito-feo","status":"publish","type":"product","link":"https:\/\/octaedro.com\/octaedro-infantil\/producto\/el-patito-feo\/","title":{"rendered":"El patito feo"},"content":{"rendered":"<p>Esta adaptaci\u00f3n de <span class=\"destacat\">El patito feo<\/span> recrea los sentimientos y enriquece la capacidad de audici\u00f3n de los ni\u00f1os y ni\u00f1as. Toda la m\u00fasica que contiene es de creaci\u00f3n. Con ella deseo rendir homenaje al maravilloso cuento de Hans Christian Andersen y agradecerle todo lo que aporto a mi propia infancia.<\/p>\n","protected":false},"excerpt":{"rendered":"<p>Esta adaptaci\u00f3n de <span class=\"destacat\">El patito feo<\/span> recrea los sentimientos y enriquece la capacidad de audici\u00f3n de los ni\u00f1os y ni\u00f1as. Toda la m\u00fasica que contiene es de creaci\u00f3n. Con ella deseo rendir homenaje al maravilloso cuento de Hans Christian Andersen y agradecerle todo lo que aporto a mi propia infancia.<\/p>\n","protected":false},"featured_media":322,"comment_status":"open","ping_status":"closed","template":"","meta":{"_et_pb_use_builder":"","_et_pb_old_content":"","_et_gb_content_width":""},"product_brand":[],"product_cat":[35,19],"product_tag":[25],"class_list":{"0":"post-292","1":"product","2":"type-product","3":"status-publish","4":"has-post-thumbnail","6":"product_cat-cuentos-sobre-emociones-derechos-diversidad","7":"product_cat-editorial-octaedro","8":"product_tag-edicion-impresa","10":"first","11":"instock","12":"shipping-taxable","13":"product-type-external"},"_links":{"self":[{"href":"https:\/\/octaedro.com\/octaedro-infantil\/wp-json\/wp\/v2\/product\/292","targetHints":{"allow":["GET"]}}],"collection":[{"href":"https:\/\/octaedro.com\/octaedro-infantil\/wp-json\/wp\/v2\/product"}],"about":[{"href":"https:\/\/octaedro.com\/octaedro-infantil\/wp-json\/wp\/v2\/types\/product"}],"replies":[{"embeddable":true,"href":"https:\/\/octaedro.com\/octaedro-infantil\/wp-json\/wp\/v2\/comments?post=292"}],"wp:featuredmedia":[{"embeddable":true,"href":"https:\/\/octaedro.com\/octaedro-infantil\/wp-json\/wp\/v2\/media\/322"}],"wp:attachment":[{"href":"https:\/\/octaedro.com\/octaedro-infantil\/wp-json\/wp\/v2\/media?parent=292"}],"wp:term":[{"taxonomy":"product_brand","embeddable":true,"href":"https:\/\/octaedro.com\/octaedro-infantil\/wp-json\/wp\/v2\/product_brand?post=292"},{"taxonomy":"product_cat","embeddable":true,"href":"https:\/\/octaedro.com\/octaedro-infantil\/wp-json\/wp\/v2\/product_cat?post=292"},{"taxonomy":"product_tag","embeddable":true,"href":"https:\/\/octaedro.com\/octaedro-infantil\/wp-json\/wp\/v2\/product_tag?post=292"}],"curies":[{"name":"wp","href":"https:\/\/api.w.org\/{rel}","templated":true}]}}