{"id":289,"date":"2020-06-02T09:37:28","date_gmt":"2020-06-02T07:37:28","guid":{"rendered":"https:\/\/octaedro.com\/octaedro-infantil\/producto\/import-placeholder-for-20231\/"},"modified":"2020-06-02T11:22:25","modified_gmt":"2020-06-02T09:22:25","slug":"la-nina-del-hilo","status":"publish","type":"product","link":"https:\/\/octaedro.com\/octaedro-infantil\/producto\/la-nina-del-hilo\/","title":{"rendered":"La Ni\u00f1a del Hilo"},"content":{"rendered":"<p>En los inicios era la guerra.<\/p>\n<p>Todo ol\u00eda a destrucci\u00f3n, sab\u00eda a violencia, se oscurec\u00eda&#8230; El miedo se hab\u00eda instalado en lo m\u00e1s profundo de los corazones.<\/p>\n<p>Pero exist\u00eda una ni\u00f1a capaz de so\u00f1ar otros mundos posibles. Cada noche so\u00f1aba con uno de ellos. Y cuando lo hac\u00eda nac\u00eda la luz en los diferentes rincones del oscuro mundo en guerra.<\/p>\n<p>Un d\u00eda, su abuelita le regal\u00f3 unos hilos con los colores del arco iris. Con ellos pudo tejer los mundos de sus sue\u00f1os y narrar sus historias. Desde entonces, diversos mundos posibles fueron hil\u00e1ndose entre s\u00ed hasta formar el universo Hilomundos.<\/p>\n<p>En este cuento, la Ni\u00f1a del Hilo descubre su capacidad de imaginar nuevos mundos posibles. Cada libro de la colecci\u00f3n Hilomundos nos lleva a historias de b\u00fasqueda, invenci\u00f3n y creaci\u00f3n de mundos en paz desde la perspectiva de los sue\u00f1os de esta ni\u00f1a.<\/p>\n<p>Ilustraciones de <strong>\u00c1lex Mel\u00e9ndez<\/strong> y <strong>Beatriz Dapena<\/strong>.<br \/>\n<a href=\"&quot;http:\/\/www.beayalexchildrensbooks.com\/&quot;\">www.beayalexchildrensbooks.com<\/a><\/p>\n","protected":false},"excerpt":{"rendered":"<p>En los inicios era la guerra.<\/p>\n<p>Todo ol\u00eda a destrucci\u00f3n, sab\u00eda a violencia, se oscurec\u00eda&#8230; El miedo se hab\u00eda instalado en lo m\u00e1s profundo de los corazones.<\/p>\n<p>Pero exist\u00eda una ni\u00f1a capaz de so\u00f1ar otros mundos posibles. Cada noche so\u00f1aba con uno de ellos. Y cuando lo hac\u00eda nac\u00eda la luz en los diferentes rincones del oscuro mundo en guerra.<\/p>\n<p>Un d\u00eda, su abuelita le regal\u00f3 unos hilos con los colores del arco iris. Con ellos pudo tejer los mundos de sus sue\u00f1os y narrar sus historias. Desde entonces, diversos mundos posibles fueron hil\u00e1ndose entre s\u00ed hasta formar el universo Hilomundos.<\/p>\n<p>En este cuento, la Ni\u00f1a del Hilo descubre su capacidad de imaginar nuevos mundos posibles. Cada libro de la colecci\u00f3n Hilomundos nos lleva a historias de b\u00fasqueda, invenci\u00f3n y creaci\u00f3n de mundos en paz desde la perspectiva de los sue\u00f1os de esta ni\u00f1a.<\/p>\n<p>Ilustraciones de <strong>\u00c1lex Mel\u00e9ndez<\/strong> y <strong>Beatriz Dapena<\/strong>.<br \/>\n<a href=\"&quot;http:\/\/www.beayalexchildrensbooks.com\/&quot;\">www.beayalexchildrensbooks.com<\/a><\/p>\n","protected":false},"featured_media":319,"comment_status":"open","ping_status":"closed","template":"","meta":{"_et_pb_use_builder":"","_et_pb_old_content":"","_et_gb_content_width":""},"product_brand":[],"product_cat":[19,39,31],"product_tag":[25],"class_list":{"0":"post-289","1":"product","2":"type-product","3":"status-publish","4":"has-post-thumbnail","6":"product_cat-editorial-octaedro","7":"product_cat-noria","8":"product_cat-proyecto-noria","9":"product_tag-edicion-impresa","11":"first","12":"instock","13":"shipping-taxable","14":"product-type-external"},"_links":{"self":[{"href":"https:\/\/octaedro.com\/octaedro-infantil\/wp-json\/wp\/v2\/product\/289","targetHints":{"allow":["GET"]}}],"collection":[{"href":"https:\/\/octaedro.com\/octaedro-infantil\/wp-json\/wp\/v2\/product"}],"about":[{"href":"https:\/\/octaedro.com\/octaedro-infantil\/wp-json\/wp\/v2\/types\/product"}],"replies":[{"embeddable":true,"href":"https:\/\/octaedro.com\/octaedro-infantil\/wp-json\/wp\/v2\/comments?post=289"}],"wp:featuredmedia":[{"embeddable":true,"href":"https:\/\/octaedro.com\/octaedro-infantil\/wp-json\/wp\/v2\/media\/319"}],"wp:attachment":[{"href":"https:\/\/octaedro.com\/octaedro-infantil\/wp-json\/wp\/v2\/media?parent=289"}],"wp:term":[{"taxonomy":"product_brand","embeddable":true,"href":"https:\/\/octaedro.com\/octaedro-infantil\/wp-json\/wp\/v2\/product_brand?post=289"},{"taxonomy":"product_cat","embeddable":true,"href":"https:\/\/octaedro.com\/octaedro-infantil\/wp-json\/wp\/v2\/product_cat?post=289"},{"taxonomy":"product_tag","embeddable":true,"href":"https:\/\/octaedro.com\/octaedro-infantil\/wp-json\/wp\/v2\/product_tag?post=289"}],"curies":[{"name":"wp","href":"https:\/\/api.w.org\/{rel}","templated":true}]}}