{"id":288,"date":"2020-06-02T09:37:28","date_gmt":"2020-06-02T07:37:28","guid":{"rendered":"https:\/\/octaedro.com\/octaedro-infantil\/producto\/import-placeholder-for-20229\/"},"modified":"2024-03-03T06:58:37","modified_gmt":"2024-03-03T05:58:37","slug":"quiero-dinero","status":"publish","type":"product","link":"https:\/\/octaedro.com\/octaedro-infantil\/producto\/quiero-dinero\/","title":{"rendered":"\u00a1Quiero dinero!"},"content":{"rendered":"<p><em>\u00a1Quiero dinero!<\/em> forma parte de la serie Sin nombre del Proyecto Noria infantil (<a href=\"www.octaedro.com\/noria\"> www.octaedro.com\/noria<\/a>), que re\u00fane cuentos con los que aprender a pensar, entender el mundo y convivir.<br \/>\nEsta serie, dirigida a ni\u00f1os y ni\u00f1as de 3 a 5 a\u00f1os, recoge historias de un ni\u00f1o que empieza a darse cuenta de varias cosas relacionadas consigo mismo y con su entorno. Las historias reflejan el di\u00e1logo interior, que sirve de est\u00edmulo para jugar a pensar.<br \/>\nEn este cuento pasa un d\u00eda con su abuela, quien le ayudar\u00e1 a reflexionar sobre la cuesti\u00f3n del dinero y le har\u00e1 descubrir alternativas al intercambio monetario basadas en la econom\u00eda del bien com\u00fan.<br \/>\nAl final del cuento se incluye un apartado dirigido a los adultos, donde se proponen actividades y reflexiones para tratar estas cuestiones en profundidad y de forma amena.<\/p>\n","protected":false},"excerpt":{"rendered":"<p><em>\u00a1Quiero dinero!<\/em> forma parte de la serie Sin nombre del Proyecto Noria infantil (<a href=\"www.octaedro.com\/noria\"> www.octaedro.com\/noria<\/a>), que re\u00fane cuentos con los que aprender a pensar, entender el mundo y convivir.<br \/>\nEsta serie, dirigida a ni\u00f1os y ni\u00f1as de 3 a 5 a\u00f1os, recoge historias de un ni\u00f1o que empieza a darse cuenta de varias cosas relacionadas consigo mismo y con su entorno. Las historias reflejan el di\u00e1logo interior, que sirve de est\u00edmulo para jugar a pensar.<br \/>\nEn este cuento pasa un d\u00eda con su abuela, quien le ayudar\u00e1 a reflexionar sobre la cuesti\u00f3n del dinero y le har\u00e1 descubrir alternativas al intercambio monetario basadas en la econom\u00eda del bien com\u00fan.<br \/>\nAl final del cuento se incluye un apartado dirigido a los adultos, donde se proponen actividades y reflexiones para tratar estas cuestiones en profundidad y de forma amena.<\/p>\n","protected":false},"featured_media":318,"comment_status":"open","ping_status":"closed","template":"","meta":{"_et_pb_use_builder":"","_et_pb_old_content":"","_et_gb_content_width":""},"product_brand":[],"product_cat":[19,39,31],"product_tag":[25],"class_list":{"0":"post-288","1":"product","2":"type-product","3":"status-publish","4":"has-post-thumbnail","6":"product_cat-editorial-octaedro","7":"product_cat-noria","8":"product_cat-proyecto-noria","9":"product_tag-edicion-impresa","11":"first","12":"instock","13":"shipping-taxable","14":"product-type-external"},"_links":{"self":[{"href":"https:\/\/octaedro.com\/octaedro-infantil\/wp-json\/wp\/v2\/product\/288","targetHints":{"allow":["GET"]}}],"collection":[{"href":"https:\/\/octaedro.com\/octaedro-infantil\/wp-json\/wp\/v2\/product"}],"about":[{"href":"https:\/\/octaedro.com\/octaedro-infantil\/wp-json\/wp\/v2\/types\/product"}],"replies":[{"embeddable":true,"href":"https:\/\/octaedro.com\/octaedro-infantil\/wp-json\/wp\/v2\/comments?post=288"}],"wp:featuredmedia":[{"embeddable":true,"href":"https:\/\/octaedro.com\/octaedro-infantil\/wp-json\/wp\/v2\/media\/318"}],"wp:attachment":[{"href":"https:\/\/octaedro.com\/octaedro-infantil\/wp-json\/wp\/v2\/media?parent=288"}],"wp:term":[{"taxonomy":"product_brand","embeddable":true,"href":"https:\/\/octaedro.com\/octaedro-infantil\/wp-json\/wp\/v2\/product_brand?post=288"},{"taxonomy":"product_cat","embeddable":true,"href":"https:\/\/octaedro.com\/octaedro-infantil\/wp-json\/wp\/v2\/product_cat?post=288"},{"taxonomy":"product_tag","embeddable":true,"href":"https:\/\/octaedro.com\/octaedro-infantil\/wp-json\/wp\/v2\/product_tag?post=288"}],"curies":[{"name":"wp","href":"https:\/\/api.w.org\/{rel}","templated":true}]}}