{"id":287,"date":"2020-06-02T09:37:28","date_gmt":"2020-06-02T07:37:28","guid":{"rendered":"https:\/\/octaedro.com\/octaedro-infantil\/producto\/import-placeholder-for-20227\/"},"modified":"2020-06-02T11:22:27","modified_gmt":"2020-06-02T09:22:27","slug":"quiero-la-raiz","status":"publish","type":"product","link":"https:\/\/octaedro.com\/octaedro-infantil\/producto\/quiero-la-raiz\/","title":{"rendered":"\u00a1Quiero la ra\u00edz!"},"content":{"rendered":"<p><em><span class=\"destacat\">\u00a1Quiero la ra\u00edz!<\/span><\/em> es un cuento de la serie <strong>Sin nombre<\/strong> del <strong>Proyecto Noria infantil<\/strong>, que re\u00fane cuentos con los que aprender a pensar, entender el mundo y convivir.<br \/>\nEsta serie, dirigida a ni\u00f1os y ni\u00f1as de 3 a 5 a\u00f1os, recoge historias de un ni\u00f1o que empieza a darse cuenta de varias cosas relacionadas consigo mismo y con su entorno. Las historias reflejan el di\u00e1logo interior de este ni\u00f1o sin nombre, lo que permitir\u00e1 plantearnos con los ni\u00f1os y ni\u00f1as peque\u00f1os algunas cuestiones fundamentales. Al final del cuento se incluye un apartado dirigido a los adultos que propone actividades y reflexiones para tratar estas cuestiones en profundidad.<br \/>\nEste cuento empieza comentando un cl\u00e1sico experimento: el proceso de germinaci\u00f3n de una legumbre. De ah\u00ed, el personaje empieza a preguntarse por la ra\u00edz de las cosas. Se plantea en realidad un importante tema filos\u00f3fico.<\/p>\n","protected":false},"excerpt":{"rendered":"<p><em><span class=\"destacat\">\u00a1Quiero la ra\u00edz!<\/span><\/em> es un cuento de la serie <strong>Sin nombre<\/strong> del <strong>Proyecto Noria infantil<\/strong>, que re\u00fane cuentos con los que aprender a pensar, entender el mundo y convivir.<br \/>\nEsta serie, dirigida a ni\u00f1os y ni\u00f1as de 3 a 5 a\u00f1os, recoge historias de un ni\u00f1o que empieza a darse cuenta de varias cosas relacionadas consigo mismo y con su entorno. Las historias reflejan el di\u00e1logo interior de este ni\u00f1o sin nombre, lo que permitir\u00e1 plantearnos con los ni\u00f1os y ni\u00f1as peque\u00f1os algunas cuestiones fundamentales. Al final del cuento se incluye un apartado dirigido a los adultos que propone actividades y reflexiones para tratar estas cuestiones en profundidad.<br \/>\nEste cuento empieza comentando un cl\u00e1sico experimento: el proceso de germinaci\u00f3n de una legumbre. De ah\u00ed, el personaje empieza a preguntarse por la ra\u00edz de las cosas. Se plantea en realidad un importante tema filos\u00f3fico.<\/p>\n","protected":false},"featured_media":317,"comment_status":"open","ping_status":"closed","template":"","meta":{"_et_pb_use_builder":"","_et_pb_old_content":"","_et_gb_content_width":""},"product_brand":[],"product_cat":[19,39,31],"product_tag":[27],"class_list":{"0":"post-287","1":"product","2":"type-product","3":"status-publish","4":"has-post-thumbnail","6":"product_cat-editorial-octaedro","7":"product_cat-noria","8":"product_cat-proyecto-noria","9":"product_tag-edicion-impresa-edicion-digital-pdf","11":"first","12":"instock","13":"shipping-taxable","14":"product-type-external"},"_links":{"self":[{"href":"https:\/\/octaedro.com\/octaedro-infantil\/wp-json\/wp\/v2\/product\/287","targetHints":{"allow":["GET"]}}],"collection":[{"href":"https:\/\/octaedro.com\/octaedro-infantil\/wp-json\/wp\/v2\/product"}],"about":[{"href":"https:\/\/octaedro.com\/octaedro-infantil\/wp-json\/wp\/v2\/types\/product"}],"replies":[{"embeddable":true,"href":"https:\/\/octaedro.com\/octaedro-infantil\/wp-json\/wp\/v2\/comments?post=287"}],"wp:featuredmedia":[{"embeddable":true,"href":"https:\/\/octaedro.com\/octaedro-infantil\/wp-json\/wp\/v2\/media\/317"}],"wp:attachment":[{"href":"https:\/\/octaedro.com\/octaedro-infantil\/wp-json\/wp\/v2\/media?parent=287"}],"wp:term":[{"taxonomy":"product_brand","embeddable":true,"href":"https:\/\/octaedro.com\/octaedro-infantil\/wp-json\/wp\/v2\/product_brand?post=287"},{"taxonomy":"product_cat","embeddable":true,"href":"https:\/\/octaedro.com\/octaedro-infantil\/wp-json\/wp\/v2\/product_cat?post=287"},{"taxonomy":"product_tag","embeddable":true,"href":"https:\/\/octaedro.com\/octaedro-infantil\/wp-json\/wp\/v2\/product_tag?post=287"}],"curies":[{"name":"wp","href":"https:\/\/api.w.org\/{rel}","templated":true}]}}