{"id":255,"date":"2020-06-02T09:37:18","date_gmt":"2020-06-02T07:37:18","guid":{"rendered":"https:\/\/octaedro.com\/octaedro-infantil\/producto\/import-placeholder-for-20223\/"},"modified":"2021-11-15T13:43:32","modified_gmt":"2021-11-15T12:43:32","slug":"quiero-ser-de-mi-tamano","status":"publish","type":"product","link":"https:\/\/octaedro.com\/octaedro-infantil\/producto\/quiero-ser-de-mi-tamano\/","title":{"rendered":"\u00a1Quiero ser de mi tama\u00f1o!"},"content":{"rendered":"<p><span class=\"destacat\">\u00a1Quiero ser de mi tama\u00f1o!<\/span> es un cuento de la Serie <em>Sin nombre<\/em> del Proyecto Noria infantil (www.octaedro.com\/noria), que re\u00fane cuentos con los que aprender a pensar, entender el mundo y convivir.<br \/>\nEsta serie, dirigida a ni\u00f1os de 3 a 5 a\u00f1os, recoge historias de un ni\u00f1o que empieza a darse cuenta de varias cosas relacionadas consigo mismo y con su entorno. Las historias reflejan el di\u00e1logo interior de este ni\u00f1o sin nombre, lo que permitir\u00e1 plantearnos con las ni\u00f1as y los ni\u00f1os peque\u00f1os algunas cuestiones fundamentales como, en este caso, la cuesti\u00f3n del tama\u00f1o propio, \u00bfpor qu\u00e9 algunas veces nos sentimos peque\u00f1os y otras grandes?<\/p>\n","protected":false},"excerpt":{"rendered":"<p><span class=\"destacat\">\u00a1Quiero ser de mi tama\u00f1o!<\/span> es un cuento de la Serie <em>Sin nombre<\/em> del Proyecto Noria infantil (www.octaedro.com\/noria), que re\u00fane cuentos con los que aprender a pensar, entender el mundo y convivir.<br \/>\nEsta serie, dirigida a ni\u00f1os de 3 a 5 a\u00f1os, recoge historias de un ni\u00f1o que empieza a darse cuenta de varias cosas relacionadas consigo mismo y con su entorno. Las historias reflejan el di\u00e1logo interior de este ni\u00f1o sin nombre, lo que permitir\u00e1 plantearnos con las ni\u00f1as y los ni\u00f1os peque\u00f1os algunas cuestiones fundamentales como, en este caso, la cuesti\u00f3n del tama\u00f1o propio, \u00bfpor qu\u00e9 algunas veces nos sentimos peque\u00f1os y otras grandes?<\/p>\n","protected":false},"featured_media":285,"comment_status":"open","ping_status":"closed","template":"","meta":{"_et_pb_use_builder":"","_et_pb_old_content":"","_et_gb_content_width":""},"product_brand":[],"product_cat":[19,39,31],"product_tag":[27],"class_list":{"0":"post-255","1":"product","2":"type-product","3":"status-publish","4":"has-post-thumbnail","6":"product_cat-editorial-octaedro","7":"product_cat-noria","8":"product_cat-proyecto-noria","9":"product_tag-edicion-impresa-edicion-digital-pdf","11":"first","12":"instock","13":"shipping-taxable","14":"product-type-external"},"_links":{"self":[{"href":"https:\/\/octaedro.com\/octaedro-infantil\/wp-json\/wp\/v2\/product\/255","targetHints":{"allow":["GET"]}}],"collection":[{"href":"https:\/\/octaedro.com\/octaedro-infantil\/wp-json\/wp\/v2\/product"}],"about":[{"href":"https:\/\/octaedro.com\/octaedro-infantil\/wp-json\/wp\/v2\/types\/product"}],"replies":[{"embeddable":true,"href":"https:\/\/octaedro.com\/octaedro-infantil\/wp-json\/wp\/v2\/comments?post=255"}],"wp:featuredmedia":[{"embeddable":true,"href":"https:\/\/octaedro.com\/octaedro-infantil\/wp-json\/wp\/v2\/media\/285"}],"wp:attachment":[{"href":"https:\/\/octaedro.com\/octaedro-infantil\/wp-json\/wp\/v2\/media?parent=255"}],"wp:term":[{"taxonomy":"product_brand","embeddable":true,"href":"https:\/\/octaedro.com\/octaedro-infantil\/wp-json\/wp\/v2\/product_brand?post=255"},{"taxonomy":"product_cat","embeddable":true,"href":"https:\/\/octaedro.com\/octaedro-infantil\/wp-json\/wp\/v2\/product_cat?post=255"},{"taxonomy":"product_tag","embeddable":true,"href":"https:\/\/octaedro.com\/octaedro-infantil\/wp-json\/wp\/v2\/product_tag?post=255"}],"curies":[{"name":"wp","href":"https:\/\/api.w.org\/{rel}","templated":true}]}}