{"id":252,"date":"2020-06-02T09:37:18","date_gmt":"2020-06-02T07:37:18","guid":{"rendered":"https:\/\/octaedro.com\/octaedro-infantil\/producto\/import-placeholder-for-20217\/"},"modified":"2020-06-02T11:22:30","modified_gmt":"2020-06-02T09:22:30","slug":"el-jardin-de-juanita","status":"publish","type":"product","link":"https:\/\/octaedro.com\/octaedro-infantil\/producto\/el-jardin-de-juanita\/","title":{"rendered":"El jard\u00edn de Juanita"},"content":{"rendered":"<p><strong> <em>El jard\u00edn de Juanita<\/em><\/strong> es un cuento de la serie <strong>Juanita y sus amigos<\/strong> del<a href=\"&quot;https:\/\/noria.octaedro.com\/&quot;\"> Proyecto Noria Infantil<\/a>, que forma parte de la l\u00ednea educativa Filosof\u00eda para Ni\u00f1os. Este proyecto une la literatura infantil a la finalidad de desarrollar la capacidad de pensar de los ni\u00f1os y las ni\u00f1as. Asimismo, el cuento forma parte del Movimiento Filosof\u00eda L\u00fadica que propone jugar a pensar y pensar jugando.<\/p>\n<p>Durante los a\u00f1os 2016 y 2017 se ha llevado a cabo un proyecto en varias escuelas y organizaciones relacionadas con la infancia de diversos pa\u00edses, en que ni\u00f1os y ni\u00f1as de 3 a 11 a\u00f1os han estado pensando, imaginando, creando, cuidando y utilizando jardines en sus entornos, acompa\u00f1ados de personas adultas con quienes comparten esta aventura. Durante el proceso, surgi\u00f3 la necesidad de un cuento que pudiera invitar a m\u00e1s ni\u00f1os y ni\u00f1as a compartir el deseo de iniciarse en esta andanza. As\u00ed surge este cuento, que es solo un elemento m\u00e1s en un gran movimiento de \u00e9tica y est\u00e9tica ambiental que ya empez\u00f3 a realizarse con el liderazgo de la infancia.<\/p>\n<p>Al final del libro se incluye un apartado con orientaciones para tratar algunas de las cuestiones planteadas en el cuento y para sumarse al proyecto de crear jardines alrededor del planeta.<\/p>\n","protected":false},"excerpt":{"rendered":"<p><strong> <em>El jard\u00edn de Juanita<\/em><\/strong> es un cuento de la serie <strong>Juanita y sus amigos<\/strong> del<a href=\"&quot;https:\/\/noria.octaedro.com\/&quot;\"> Proyecto Noria Infantil<\/a>, que forma parte de la l\u00ednea educativa Filosof\u00eda para Ni\u00f1os. Este proyecto une la literatura infantil a la finalidad de desarrollar la capacidad de pensar de los ni\u00f1os y las ni\u00f1as. Asimismo, el cuento forma parte del Movimiento Filosof\u00eda L\u00fadica que propone jugar a pensar y pensar jugando.<\/p>\n<p>Durante los a\u00f1os 2016 y 2017 se ha llevado a cabo un proyecto en varias escuelas y organizaciones relacionadas con la infancia de diversos pa\u00edses, en que ni\u00f1os y ni\u00f1as de 3 a 11 a\u00f1os han estado pensando, imaginando, creando, cuidando y utilizando jardines en sus entornos, acompa\u00f1ados de personas adultas con quienes comparten esta aventura. Durante el proceso, surgi\u00f3 la necesidad de un cuento que pudiera invitar a m\u00e1s ni\u00f1os y ni\u00f1as a compartir el deseo de iniciarse en esta andanza. As\u00ed surge este cuento, que es solo un elemento m\u00e1s en un gran movimiento de \u00e9tica y est\u00e9tica ambiental que ya empez\u00f3 a realizarse con el liderazgo de la infancia.<\/p>\n<p>Al final del libro se incluye un apartado con orientaciones para tratar algunas de las cuestiones planteadas en el cuento y para sumarse al proyecto de crear jardines alrededor del planeta.<\/p>\n","protected":false},"featured_media":282,"comment_status":"open","ping_status":"closed","template":"","meta":{"_et_pb_use_builder":"","_et_pb_old_content":"","_et_gb_content_width":""},"product_brand":[],"product_cat":[19,39,31],"product_tag":[23],"class_list":{"0":"post-252","1":"product","2":"type-product","3":"status-publish","4":"has-post-thumbnail","6":"product_cat-editorial-octaedro","7":"product_cat-noria","8":"product_cat-proyecto-noria","9":"product_tag-edicion-impresa-edicion-digital-epub","11":"first","12":"instock","13":"shipping-taxable","14":"product-type-external"},"_links":{"self":[{"href":"https:\/\/octaedro.com\/octaedro-infantil\/wp-json\/wp\/v2\/product\/252","targetHints":{"allow":["GET"]}}],"collection":[{"href":"https:\/\/octaedro.com\/octaedro-infantil\/wp-json\/wp\/v2\/product"}],"about":[{"href":"https:\/\/octaedro.com\/octaedro-infantil\/wp-json\/wp\/v2\/types\/product"}],"replies":[{"embeddable":true,"href":"https:\/\/octaedro.com\/octaedro-infantil\/wp-json\/wp\/v2\/comments?post=252"}],"wp:featuredmedia":[{"embeddable":true,"href":"https:\/\/octaedro.com\/octaedro-infantil\/wp-json\/wp\/v2\/media\/282"}],"wp:attachment":[{"href":"https:\/\/octaedro.com\/octaedro-infantil\/wp-json\/wp\/v2\/media?parent=252"}],"wp:term":[{"taxonomy":"product_brand","embeddable":true,"href":"https:\/\/octaedro.com\/octaedro-infantil\/wp-json\/wp\/v2\/product_brand?post=252"},{"taxonomy":"product_cat","embeddable":true,"href":"https:\/\/octaedro.com\/octaedro-infantil\/wp-json\/wp\/v2\/product_cat?post=252"},{"taxonomy":"product_tag","embeddable":true,"href":"https:\/\/octaedro.com\/octaedro-infantil\/wp-json\/wp\/v2\/product_tag?post=252"}],"curies":[{"name":"wp","href":"https:\/\/api.w.org\/{rel}","templated":true}]}}