{"id":251,"date":"2020-06-02T09:37:18","date_gmt":"2020-06-02T07:37:18","guid":{"rendered":"https:\/\/octaedro.com\/octaedro-infantil\/producto\/import-placeholder-for-20215\/"},"modified":"2020-06-02T11:22:31","modified_gmt":"2020-06-02T09:22:31","slug":"la-mariquita-juanita","status":"publish","type":"product","link":"https:\/\/octaedro.com\/octaedro-infantil\/producto\/la-mariquita-juanita\/","title":{"rendered":"La mariquita Juanita"},"content":{"rendered":"<p><strong>Nueva edici\u00f3n revisada y ampliada<\/strong> con un apartado <strong> con orientaciones<\/strong> para tratar algunas de las cuestiones planteadas en el cuento.<\/p>\n<p><strong> <em> La mariquita Juanita<\/em><\/strong> junto a la gu\u00eda <strong> Jugar a pensar con ni\u00f1os de 3 a 4 a\u00f1os<\/strong> forman uno de los programas del <a href=\"&quot;https:\/\/noria.octaedro.com\/&quot;\">proyecto Noria<\/a>, que constituye un curr\u00edculum de Filosof\u00eda para Ni\u00f1os de 2 a 11 a\u00f1os. La gu\u00eda permite una amplia exploraci\u00f3n del cuento y lo completa con otros recursos, como juegos y obras de arte. La propuesta est\u00e1 orientada a la estimulaci\u00f3n de la capacidad de pensar creativamente y de actuar de manera cr\u00edtica y \u00e9tica.<\/p>\n<p>Este cuento, adem\u00e1s, da origen, por un lado, a la serie \u00abJuanita y sus amigos\u00bb, compuesta por una variedad de cuentos filos\u00f3ficos para educaci\u00f3n infantil, y, por otro, a un proyecto de \u00e9tica y est\u00e9tica medioambiental llamado \u00abEl jard\u00edn de Juanita\u00bb (<a href=\"&quot;https:\/\/www.facebook.com\/eljardindejuanita\/?fref=ts&quot;\">#Eljardindejuanita<\/a>), con un cuento de la serie como material de apoyo. Asimismo constituye uno de los materiales del <a href=\"&quot;https:\/\/www.facebook.com\/filosofialudica\/&quot;\"> Movimiento Filosof\u00eda L\u00fadica<\/a>. Se utiliza desde el 2004 para la educaci\u00f3n emocional, la educaci\u00f3n en valores, la metodolog\u00eda de proyectos y en talleres de animaci\u00f3n a la lectura. Toda esta experiencia ha servido para elaborar esta nueva edici\u00f3n, revisada y ampliada.<\/p>\n<p>En este cuento, la entra\u00f1able Juanita, nada m\u00e1s nacer, empieza a preguntarse \u00ab\u00bfQui\u00e9n soy?\u00bb \u00ab\u00bfD\u00f3nde me encuentro?\u00bb \u00ab\u00bfQui\u00e9nes son todos los que est\u00e1n junto a m\u00ed?\u00bb. La b\u00fasqueda de respuestas la conduce a la aventura del autoconocimiento, del conocimiento de la amistad y del jard\u00edn donde vive.<\/p>\n","protected":false},"excerpt":{"rendered":"<p><strong>Nueva edici\u00f3n revisada y ampliada<\/strong> con un apartado <strong> con orientaciones<\/strong> para tratar algunas de las cuestiones planteadas en el cuento.<\/p>\n<p><strong> <em> La mariquita Juanita<\/em><\/strong> junto a la gu\u00eda <strong> Jugar a pensar con ni\u00f1os de 3 a 4 a\u00f1os<\/strong> forman uno de los programas del <a href=\"&quot;https:\/\/noria.octaedro.com\/&quot;\">proyecto Noria<\/a>, que constituye un curr\u00edculum de Filosof\u00eda para Ni\u00f1os de 2 a 11 a\u00f1os. La gu\u00eda permite una amplia exploraci\u00f3n del cuento y lo completa con otros recursos, como juegos y obras de arte. La propuesta est\u00e1 orientada a la estimulaci\u00f3n de la capacidad de pensar creativamente y de actuar de manera cr\u00edtica y \u00e9tica.<\/p>\n<p>Este cuento, adem\u00e1s, da origen, por un lado, a la serie \u00abJuanita y sus amigos\u00bb, compuesta por una variedad de cuentos filos\u00f3ficos para educaci\u00f3n infantil, y, por otro, a un proyecto de \u00e9tica y est\u00e9tica medioambiental llamado \u00abEl jard\u00edn de Juanita\u00bb (<a href=\"&quot;https:\/\/www.facebook.com\/eljardindejuanita\/?fref=ts&quot;\">#Eljardindejuanita<\/a>), con un cuento de la serie como material de apoyo. Asimismo constituye uno de los materiales del <a href=\"&quot;https:\/\/www.facebook.com\/filosofialudica\/&quot;\"> Movimiento Filosof\u00eda L\u00fadica<\/a>. Se utiliza desde el 2004 para la educaci\u00f3n emocional, la educaci\u00f3n en valores, la metodolog\u00eda de proyectos y en talleres de animaci\u00f3n a la lectura. Toda esta experiencia ha servido para elaborar esta nueva edici\u00f3n, revisada y ampliada.<\/p>\n<p>En este cuento, la entra\u00f1able Juanita, nada m\u00e1s nacer, empieza a preguntarse \u00ab\u00bfQui\u00e9n soy?\u00bb \u00ab\u00bfD\u00f3nde me encuentro?\u00bb \u00ab\u00bfQui\u00e9nes son todos los que est\u00e1n junto a m\u00ed?\u00bb. La b\u00fasqueda de respuestas la conduce a la aventura del autoconocimiento, del conocimiento de la amistad y del jard\u00edn donde vive.<\/p>\n","protected":false},"featured_media":281,"comment_status":"open","ping_status":"closed","template":"","meta":{"_et_pb_use_builder":"","_et_pb_old_content":"","_et_gb_content_width":""},"product_brand":[],"product_cat":[19,39,31],"product_tag":[23],"class_list":{"0":"post-251","1":"product","2":"type-product","3":"status-publish","4":"has-post-thumbnail","6":"product_cat-editorial-octaedro","7":"product_cat-noria","8":"product_cat-proyecto-noria","9":"product_tag-edicion-impresa-edicion-digital-epub","11":"first","12":"instock","13":"featured","14":"shipping-taxable","15":"product-type-external"},"_links":{"self":[{"href":"https:\/\/octaedro.com\/octaedro-infantil\/wp-json\/wp\/v2\/product\/251","targetHints":{"allow":["GET"]}}],"collection":[{"href":"https:\/\/octaedro.com\/octaedro-infantil\/wp-json\/wp\/v2\/product"}],"about":[{"href":"https:\/\/octaedro.com\/octaedro-infantil\/wp-json\/wp\/v2\/types\/product"}],"replies":[{"embeddable":true,"href":"https:\/\/octaedro.com\/octaedro-infantil\/wp-json\/wp\/v2\/comments?post=251"}],"wp:featuredmedia":[{"embeddable":true,"href":"https:\/\/octaedro.com\/octaedro-infantil\/wp-json\/wp\/v2\/media\/281"}],"wp:attachment":[{"href":"https:\/\/octaedro.com\/octaedro-infantil\/wp-json\/wp\/v2\/media?parent=251"}],"wp:term":[{"taxonomy":"product_brand","embeddable":true,"href":"https:\/\/octaedro.com\/octaedro-infantil\/wp-json\/wp\/v2\/product_brand?post=251"},{"taxonomy":"product_cat","embeddable":true,"href":"https:\/\/octaedro.com\/octaedro-infantil\/wp-json\/wp\/v2\/product_cat?post=251"},{"taxonomy":"product_tag","embeddable":true,"href":"https:\/\/octaedro.com\/octaedro-infantil\/wp-json\/wp\/v2\/product_tag?post=251"}],"curies":[{"name":"wp","href":"https:\/\/api.w.org\/{rel}","templated":true}]}}