{"id":249,"date":"2020-06-02T09:37:18","date_gmt":"2020-06-02T07:37:18","guid":{"rendered":"https:\/\/octaedro.com\/octaedro-infantil\/producto\/import-placeholder-for-20211\/"},"modified":"2020-06-02T11:22:32","modified_gmt":"2020-06-02T09:22:32","slug":"puedo-entender-con-el-corazon","status":"publish","type":"product","link":"https:\/\/octaedro.com\/octaedro-infantil\/producto\/puedo-entender-con-el-corazon\/","title":{"rendered":"\u00bfPuedo entender con el coraz\u00f3n?"},"content":{"rendered":"<p><em><span class=\"destacat\">\u00bfPuedo entender con el coraz\u00f3n?<\/span><\/em> es un cuento de la serie <strong>Juanita y sus amigos<\/strong> del <strong>Proyecto Noria infantil<\/strong>, que re\u00fane cuentos con los que aprender a pensar, entender el mundo y convivir.<br \/>\nEsta serie, dirigida a ni\u00f1os y ni\u00f1as de 3 a 5 a\u00f1os, recoge historias de Juanita, quien, como las ni\u00f1as y los ni\u00f1os peque\u00f1os, busca el sentido del mundo mientras trata de entenderse a s\u00ed misma. En las diversas historias, se encuentra con amigos con quienes dialoga sobre estas cuestiones. En este cuento busca respuestas a sus preguntas mientras juega y pasea junto a Conchi, la cochinilla, por el parque G\u00fcell.<br \/>\nAl final del libro se incluye un apartado dirigido a los adultos que propone actividades y reflexiones para tratar algunas de las cuestiones planteadas en el cuento.<\/p>\n","protected":false},"excerpt":{"rendered":"<p><em><span class=\"destacat\">\u00bfPuedo entender con el coraz\u00f3n?<\/span><\/em> es un cuento de la serie <strong>Juanita y sus amigos<\/strong> del <strong>Proyecto Noria infantil<\/strong>, que re\u00fane cuentos con los que aprender a pensar, entender el mundo y convivir.<br \/>\nEsta serie, dirigida a ni\u00f1os y ni\u00f1as de 3 a 5 a\u00f1os, recoge historias de Juanita, quien, como las ni\u00f1as y los ni\u00f1os peque\u00f1os, busca el sentido del mundo mientras trata de entenderse a s\u00ed misma. En las diversas historias, se encuentra con amigos con quienes dialoga sobre estas cuestiones. En este cuento busca respuestas a sus preguntas mientras juega y pasea junto a Conchi, la cochinilla, por el parque G\u00fcell.<br \/>\nAl final del libro se incluye un apartado dirigido a los adultos que propone actividades y reflexiones para tratar algunas de las cuestiones planteadas en el cuento.<\/p>\n","protected":false},"featured_media":279,"comment_status":"open","ping_status":"closed","template":"","meta":{"_et_pb_use_builder":"","_et_pb_old_content":"","_et_gb_content_width":""},"product_brand":[],"product_cat":[19,39,31],"product_tag":[25],"class_list":{"0":"post-249","1":"product","2":"type-product","3":"status-publish","4":"has-post-thumbnail","6":"product_cat-editorial-octaedro","7":"product_cat-noria","8":"product_cat-proyecto-noria","9":"product_tag-edicion-impresa","11":"first","12":"instock","13":"shipping-taxable","14":"product-type-external"},"_links":{"self":[{"href":"https:\/\/octaedro.com\/octaedro-infantil\/wp-json\/wp\/v2\/product\/249","targetHints":{"allow":["GET"]}}],"collection":[{"href":"https:\/\/octaedro.com\/octaedro-infantil\/wp-json\/wp\/v2\/product"}],"about":[{"href":"https:\/\/octaedro.com\/octaedro-infantil\/wp-json\/wp\/v2\/types\/product"}],"replies":[{"embeddable":true,"href":"https:\/\/octaedro.com\/octaedro-infantil\/wp-json\/wp\/v2\/comments?post=249"}],"wp:featuredmedia":[{"embeddable":true,"href":"https:\/\/octaedro.com\/octaedro-infantil\/wp-json\/wp\/v2\/media\/279"}],"wp:attachment":[{"href":"https:\/\/octaedro.com\/octaedro-infantil\/wp-json\/wp\/v2\/media?parent=249"}],"wp:term":[{"taxonomy":"product_brand","embeddable":true,"href":"https:\/\/octaedro.com\/octaedro-infantil\/wp-json\/wp\/v2\/product_brand?post=249"},{"taxonomy":"product_cat","embeddable":true,"href":"https:\/\/octaedro.com\/octaedro-infantil\/wp-json\/wp\/v2\/product_cat?post=249"},{"taxonomy":"product_tag","embeddable":true,"href":"https:\/\/octaedro.com\/octaedro-infantil\/wp-json\/wp\/v2\/product_tag?post=249"}],"curies":[{"name":"wp","href":"https:\/\/api.w.org\/{rel}","templated":true}]}}