{"id":247,"date":"2020-06-02T09:37:18","date_gmt":"2020-06-02T07:37:18","guid":{"rendered":"https:\/\/octaedro.com\/octaedro-infantil\/producto\/import-placeholder-for-20207\/"},"modified":"2021-11-15T13:43:32","modified_gmt":"2021-11-15T12:43:32","slug":"como-sabemos-hacia-donde-tenemos-que-ir","status":"publish","type":"product","link":"https:\/\/octaedro.com\/octaedro-infantil\/producto\/como-sabemos-hacia-donde-tenemos-que-ir\/","title":{"rendered":"\u00bfC\u00f3mo sabemos hacia d\u00f3nde tenemos que ir?"},"content":{"rendered":"<p><span class=\"destacat\">\u00bfC\u00f3mo sabemos hacia d\u00f3nde tenemos que ir?<\/span> es un cuento de la Serie <em>Juanita y sus amigos<\/em> del Proyecto Noria infantil (www.octaedro.com\/noria), que re\u00fane cuentos con los que aprender a pensar, entender el mundo y convivir.<br \/>\nEsta serie, dirigida a ni\u00f1os de 3 a 5 a\u00f1os, recoge historias de la mariquita Juanita, quien, como los ni\u00f1os y las ni\u00f1as peque\u00f1os, busca el sentido del mundo mientras trata de entenderse a s\u00ed misma. En las diversas historias, se encuentra con amigos con quienes dialoga sobre estas cuestiones, en este caso con Maripepa, la mariposa, a quien le preguntar\u00e1 c\u00f3mo saben hacia d\u00f3nde tienen que ir sus primas que vuelan en el cielo.<\/p>\n","protected":false},"excerpt":{"rendered":"<p><span class=\"destacat\">\u00bfC\u00f3mo sabemos hacia d\u00f3nde tenemos que ir?<\/span> es un cuento de la Serie <em>Juanita y sus amigos<\/em> del Proyecto Noria infantil (www.octaedro.com\/noria), que re\u00fane cuentos con los que aprender a pensar, entender el mundo y convivir.<br \/>\nEsta serie, dirigida a ni\u00f1os de 3 a 5 a\u00f1os, recoge historias de la mariquita Juanita, quien, como los ni\u00f1os y las ni\u00f1as peque\u00f1os, busca el sentido del mundo mientras trata de entenderse a s\u00ed misma. En las diversas historias, se encuentra con amigos con quienes dialoga sobre estas cuestiones, en este caso con Maripepa, la mariposa, a quien le preguntar\u00e1 c\u00f3mo saben hacia d\u00f3nde tienen que ir sus primas que vuelan en el cielo.<\/p>\n","protected":false},"featured_media":277,"comment_status":"open","ping_status":"closed","template":"","meta":{"_et_pb_use_builder":"","_et_pb_old_content":"","_et_gb_content_width":""},"product_brand":[],"product_cat":[19,39,31],"product_tag":[25],"class_list":{"0":"post-247","1":"product","2":"type-product","3":"status-publish","4":"has-post-thumbnail","6":"product_cat-editorial-octaedro","7":"product_cat-noria","8":"product_cat-proyecto-noria","9":"product_tag-edicion-impresa","11":"first","12":"instock","13":"shipping-taxable","14":"product-type-external"},"_links":{"self":[{"href":"https:\/\/octaedro.com\/octaedro-infantil\/wp-json\/wp\/v2\/product\/247","targetHints":{"allow":["GET"]}}],"collection":[{"href":"https:\/\/octaedro.com\/octaedro-infantil\/wp-json\/wp\/v2\/product"}],"about":[{"href":"https:\/\/octaedro.com\/octaedro-infantil\/wp-json\/wp\/v2\/types\/product"}],"replies":[{"embeddable":true,"href":"https:\/\/octaedro.com\/octaedro-infantil\/wp-json\/wp\/v2\/comments?post=247"}],"wp:featuredmedia":[{"embeddable":true,"href":"https:\/\/octaedro.com\/octaedro-infantil\/wp-json\/wp\/v2\/media\/277"}],"wp:attachment":[{"href":"https:\/\/octaedro.com\/octaedro-infantil\/wp-json\/wp\/v2\/media?parent=247"}],"wp:term":[{"taxonomy":"product_brand","embeddable":true,"href":"https:\/\/octaedro.com\/octaedro-infantil\/wp-json\/wp\/v2\/product_brand?post=247"},{"taxonomy":"product_cat","embeddable":true,"href":"https:\/\/octaedro.com\/octaedro-infantil\/wp-json\/wp\/v2\/product_cat?post=247"},{"taxonomy":"product_tag","embeddable":true,"href":"https:\/\/octaedro.com\/octaedro-infantil\/wp-json\/wp\/v2\/product_tag?post=247"}],"curies":[{"name":"wp","href":"https:\/\/api.w.org\/{rel}","templated":true}]}}