{"id":245,"date":"2020-06-02T09:37:18","date_gmt":"2020-06-02T07:37:18","guid":{"rendered":"https:\/\/octaedro.com\/octaedro-infantil\/producto\/import-placeholder-for-20203\/"},"modified":"2020-06-02T11:22:34","modified_gmt":"2020-06-02T09:22:34","slug":"vamos-a-pensar-con-cuentos","status":"publish","type":"product","link":"https:\/\/octaedro.com\/octaedro-infantil\/producto\/vamos-a-pensar-con-cuentos\/","title":{"rendered":"\u00a1Vamos a pensar con cuentos!"},"content":{"rendered":"<p><span class=\"destacat\">\u00a1Vamos a pensar con cuentos!<\/span> forma parte del programa Vamos a jugar a pensar (2-3 a\u00f1os) del proyecto Noria. Se trata de una recopilaci\u00f3n de cuentos que pretende ayudar a las educadoras y los educadores en su labor de mejorar las habilidades de pensamiento y las actitudes sociales de los peque\u00f1os.<br \/>\nA partir de cinco cuentos populares con estructuras narrativas simples nos plantearemos preguntas e investigaremos sobre los personajes, sus actitudes y sus acciones. Se trata, en esta etapa temprana, de facilitar el aprendizaje de todo tipo de h\u00e1bitos intelectuales, emocionales y, por supuesto, sociales.<br \/>\nAl final del libro, se incluye un ejemplo de las propuestas que pueden llevarse a cabo para trabajar los cuentos. Adem\u00e1s, se dispone de una gu\u00eda educativa (\u00a1Vamos a pensar!) que plantea m\u00e1s actividades y ampl\u00eda lo que se propone en estas p\u00e1ginas.<\/p>\n<p>Ilustraciones de <strong>Cl\u00e0udia de Puig<\/strong>.<\/p>\n","protected":false},"excerpt":{"rendered":"<p><span class=\"destacat\">\u00a1Vamos a pensar con cuentos!<\/span> forma parte del programa Vamos a jugar a pensar (2-3 a\u00f1os) del proyecto Noria. Se trata de una recopilaci\u00f3n de cuentos que pretende ayudar a las educadoras y los educadores en su labor de mejorar las habilidades de pensamiento y las actitudes sociales de los peque\u00f1os.<br \/>\nA partir de cinco cuentos populares con estructuras narrativas simples nos plantearemos preguntas e investigaremos sobre los personajes, sus actitudes y sus acciones. Se trata, en esta etapa temprana, de facilitar el aprendizaje de todo tipo de h\u00e1bitos intelectuales, emocionales y, por supuesto, sociales.<br \/>\nAl final del libro, se incluye un ejemplo de las propuestas que pueden llevarse a cabo para trabajar los cuentos. Adem\u00e1s, se dispone de una gu\u00eda educativa (\u00a1Vamos a pensar!) que plantea m\u00e1s actividades y ampl\u00eda lo que se propone en estas p\u00e1ginas.<\/p>\n<p>Ilustraciones de <strong>Cl\u00e0udia de Puig<\/strong>.<\/p>\n","protected":false},"featured_media":275,"comment_status":"open","ping_status":"closed","template":"","meta":{"_et_pb_use_builder":"","_et_pb_old_content":"","_et_gb_content_width":""},"product_brand":[],"product_cat":[19,39,31],"product_tag":[23],"class_list":{"0":"post-245","1":"product","2":"type-product","3":"status-publish","4":"has-post-thumbnail","6":"product_cat-editorial-octaedro","7":"product_cat-noria","8":"product_cat-proyecto-noria","9":"product_tag-edicion-impresa-edicion-digital-epub","11":"first","12":"instock","13":"shipping-taxable","14":"product-type-external"},"_links":{"self":[{"href":"https:\/\/octaedro.com\/octaedro-infantil\/wp-json\/wp\/v2\/product\/245","targetHints":{"allow":["GET"]}}],"collection":[{"href":"https:\/\/octaedro.com\/octaedro-infantil\/wp-json\/wp\/v2\/product"}],"about":[{"href":"https:\/\/octaedro.com\/octaedro-infantil\/wp-json\/wp\/v2\/types\/product"}],"replies":[{"embeddable":true,"href":"https:\/\/octaedro.com\/octaedro-infantil\/wp-json\/wp\/v2\/comments?post=245"}],"wp:featuredmedia":[{"embeddable":true,"href":"https:\/\/octaedro.com\/octaedro-infantil\/wp-json\/wp\/v2\/media\/275"}],"wp:attachment":[{"href":"https:\/\/octaedro.com\/octaedro-infantil\/wp-json\/wp\/v2\/media?parent=245"}],"wp:term":[{"taxonomy":"product_brand","embeddable":true,"href":"https:\/\/octaedro.com\/octaedro-infantil\/wp-json\/wp\/v2\/product_brand?post=245"},{"taxonomy":"product_cat","embeddable":true,"href":"https:\/\/octaedro.com\/octaedro-infantil\/wp-json\/wp\/v2\/product_cat?post=245"},{"taxonomy":"product_tag","embeddable":true,"href":"https:\/\/octaedro.com\/octaedro-infantil\/wp-json\/wp\/v2\/product_tag?post=245"}],"curies":[{"name":"wp","href":"https:\/\/api.w.org\/{rel}","templated":true}]}}