{"id":244,"date":"2020-06-02T09:37:18","date_gmt":"2020-06-02T07:37:18","guid":{"rendered":"https:\/\/octaedro.com\/octaedro-infantil\/producto\/import-placeholder-for-20201\/"},"modified":"2020-06-02T11:22:35","modified_gmt":"2020-06-02T09:22:35","slug":"jugar-a-pensar-con-cuentos-4-5-anos","status":"publish","type":"product","link":"https:\/\/octaedro.com\/octaedro-infantil\/producto\/jugar-a-pensar-con-cuentos-4-5-anos\/","title":{"rendered":"Jugar a pensar con cuentos (4-5 a\u00f1os)"},"content":{"rendered":"<p>Se narran algunas aventuras de la simp\u00e1tica Juanita, que en esta ocasi\u00f3n viaja por el mundo y trae distintos cuentos populares, como recuerdos, en su mochila. Estas historias le inspiran muchas preguntas y las comparte con nosotros para que, junto con ella, juguemos a pensar. El libro es un viaje reflexivo que invita a los ni\u00f1os a pensar mientras se divierten con Juanita y sus interrogantes..<br \/>\nAl final se incluye un apartado dirigido a los adultos donde se proponen actividades y reflexiones para tratar algunas cuestiones planteadas en el cuento. Adem\u00e1s, se dispone de una gu\u00eda educativa (Jugar a pensar con ni\u00f1os y ni\u00f1as de 4 a 5 a\u00f1os) que plantea m\u00e1s actividades y ampl\u00eda lo que se propone en estas p\u00e1ginas.<\/p>\n<p>Ilustraciones de <strong>Cl\u00e0udia de Puig<\/strong>.<\/p>\n","protected":false},"excerpt":{"rendered":"<p>Se narran algunas aventuras de la simp\u00e1tica Juanita, que en esta ocasi\u00f3n viaja por el mundo y trae distintos cuentos populares, como recuerdos, en su mochila. Estas historias le inspiran muchas preguntas y las comparte con nosotros para que, junto con ella, juguemos a pensar. El libro es un viaje reflexivo que invita a los ni\u00f1os a pensar mientras se divierten con Juanita y sus interrogantes..<br \/>\nAl final se incluye un apartado dirigido a los adultos donde se proponen actividades y reflexiones para tratar algunas cuestiones planteadas en el cuento. Adem\u00e1s, se dispone de una gu\u00eda educativa (Jugar a pensar con ni\u00f1os y ni\u00f1as de 4 a 5 a\u00f1os) que plantea m\u00e1s actividades y ampl\u00eda lo que se propone en estas p\u00e1ginas.<\/p>\n<p>Ilustraciones de <strong>Cl\u00e0udia de Puig<\/strong>.<\/p>\n","protected":false},"featured_media":274,"comment_status":"open","ping_status":"closed","template":"","meta":{"_et_pb_use_builder":"","_et_pb_old_content":"","_et_gb_content_width":""},"product_brand":[],"product_cat":[19,39,31],"product_tag":[23],"class_list":{"0":"post-244","1":"product","2":"type-product","3":"status-publish","4":"has-post-thumbnail","6":"product_cat-editorial-octaedro","7":"product_cat-noria","8":"product_cat-proyecto-noria","9":"product_tag-edicion-impresa-edicion-digital-epub","11":"first","12":"instock","13":"shipping-taxable","14":"product-type-external"},"_links":{"self":[{"href":"https:\/\/octaedro.com\/octaedro-infantil\/wp-json\/wp\/v2\/product\/244","targetHints":{"allow":["GET"]}}],"collection":[{"href":"https:\/\/octaedro.com\/octaedro-infantil\/wp-json\/wp\/v2\/product"}],"about":[{"href":"https:\/\/octaedro.com\/octaedro-infantil\/wp-json\/wp\/v2\/types\/product"}],"replies":[{"embeddable":true,"href":"https:\/\/octaedro.com\/octaedro-infantil\/wp-json\/wp\/v2\/comments?post=244"}],"wp:featuredmedia":[{"embeddable":true,"href":"https:\/\/octaedro.com\/octaedro-infantil\/wp-json\/wp\/v2\/media\/274"}],"wp:attachment":[{"href":"https:\/\/octaedro.com\/octaedro-infantil\/wp-json\/wp\/v2\/media?parent=244"}],"wp:term":[{"taxonomy":"product_brand","embeddable":true,"href":"https:\/\/octaedro.com\/octaedro-infantil\/wp-json\/wp\/v2\/product_brand?post=244"},{"taxonomy":"product_cat","embeddable":true,"href":"https:\/\/octaedro.com\/octaedro-infantil\/wp-json\/wp\/v2\/product_cat?post=244"},{"taxonomy":"product_tag","embeddable":true,"href":"https:\/\/octaedro.com\/octaedro-infantil\/wp-json\/wp\/v2\/product_tag?post=244"}],"curies":[{"name":"wp","href":"https:\/\/api.w.org\/{rel}","templated":true}]}}