{"id":241,"date":"2020-06-02T09:37:17","date_gmt":"2020-06-02T07:37:17","guid":{"rendered":"https:\/\/octaedro.com\/octaedro-infantil\/producto\/import-placeholder-for-19230\/"},"modified":"2020-06-02T11:22:37","modified_gmt":"2020-06-02T09:22:37","slug":"gabriel-el-superheroi","status":"publish","type":"product","link":"https:\/\/octaedro.com\/octaedro-infantil\/producto\/gabriel-el-superheroi\/","title":{"rendered":"Gabriel, el superheroi"},"content":{"rendered":"<p>Ser un superheroi no \u00e9s a l\u2019abast de qualsevol. El superheroi ha de ser invisible, llegir el pensament dels altres, ser el m\u00e9s fort i el m\u00e9s velo\u00e7 de tots&#8230; Per\u00f2, un dia, en Gabriel va comprendre que aquests superpoders no eren tan impossibles d\u2019aconseguir.<\/p>\n","protected":false},"excerpt":{"rendered":"<p>Ser un superheroi no \u00e9s a l\u2019abast de qualsevol. El superheroi ha de ser invisible, llegir el pensament dels altres, ser el m\u00e9s fort i el m\u00e9s velo\u00e7 de tots&#8230; Per\u00f2, un dia, en Gabriel va comprendre que aquests superpoders no eren tan impossibles d\u2019aconseguir.<\/p>\n","protected":false},"featured_media":271,"comment_status":"open","ping_status":"closed","template":"","meta":{"_et_pb_use_builder":"","_et_pb_old_content":"","_et_gb_content_width":""},"product_brand":[],"product_cat":[37],"product_tag":[],"class_list":{"0":"post-241","1":"product","2":"type-product","3":"status-publish","4":"has-post-thumbnail","6":"product_cat-infantil-catala","8":"first","9":"instock","10":"shipping-taxable","11":"product-type-external"},"_links":{"self":[{"href":"https:\/\/octaedro.com\/octaedro-infantil\/wp-json\/wp\/v2\/product\/241","targetHints":{"allow":["GET"]}}],"collection":[{"href":"https:\/\/octaedro.com\/octaedro-infantil\/wp-json\/wp\/v2\/product"}],"about":[{"href":"https:\/\/octaedro.com\/octaedro-infantil\/wp-json\/wp\/v2\/types\/product"}],"replies":[{"embeddable":true,"href":"https:\/\/octaedro.com\/octaedro-infantil\/wp-json\/wp\/v2\/comments?post=241"}],"wp:featuredmedia":[{"embeddable":true,"href":"https:\/\/octaedro.com\/octaedro-infantil\/wp-json\/wp\/v2\/media\/271"}],"wp:attachment":[{"href":"https:\/\/octaedro.com\/octaedro-infantil\/wp-json\/wp\/v2\/media?parent=241"}],"wp:term":[{"taxonomy":"product_brand","embeddable":true,"href":"https:\/\/octaedro.com\/octaedro-infantil\/wp-json\/wp\/v2\/product_brand?post=241"},{"taxonomy":"product_cat","embeddable":true,"href":"https:\/\/octaedro.com\/octaedro-infantil\/wp-json\/wp\/v2\/product_cat?post=241"},{"taxonomy":"product_tag","embeddable":true,"href":"https:\/\/octaedro.com\/octaedro-infantil\/wp-json\/wp\/v2\/product_tag?post=241"}],"curies":[{"name":"wp","href":"https:\/\/api.w.org\/{rel}","templated":true}]}}