{"id":238,"date":"2020-06-02T09:37:17","date_gmt":"2020-06-02T07:37:17","guid":{"rendered":"https:\/\/octaedro.com\/octaedro-infantil\/producto\/import-placeholder-for-19224\/"},"modified":"2020-06-02T11:38:23","modified_gmt":"2020-06-02T09:38:23","slug":"el-consum","status":"publish","type":"product","link":"https:\/\/octaedro.com\/octaedro-infantil\/producto\/el-consum\/","title":{"rendered":"El consum"},"content":{"rendered":"<p>Ets consumidor o consumista?<br \/>Apr\u00e8n-ne la difer\u00e8ncia i apr\u00e8n a consumir de manera conscient.<br \/>El consum cont\u00e9 informacions i consells per gastar millor els nostres diners i saber estalviar els recursos propis i els del planeta. I a m\u00e9s a m\u00e9s, duu una guardiola perqu\u00e8 comencis a estalviar. Nom\u00e9s cal retallar-la i enganxar-la.<\/p>\n","protected":false},"excerpt":{"rendered":"<p>Ets consumidor o consumista?<br \/>Apr\u00e8n-ne la difer\u00e8ncia i apr\u00e8n a consumir de manera conscient.<br \/>El consum cont\u00e9 informacions i consells per gastar millor els nostres diners i saber estalviar els recursos propis i els del planeta. I a m\u00e9s a m\u00e9s, duu una guardiola perqu\u00e8 comencis a estalviar. Nom\u00e9s cal retallar-la i enganxar-la.<\/p>\n","protected":false},"featured_media":268,"comment_status":"open","ping_status":"closed","template":"","meta":{"_et_pb_use_builder":"","_et_pb_old_content":"","_et_gb_content_width":""},"product_brand":[],"product_cat":[37],"product_tag":[],"class_list":{"0":"post-238","1":"product","2":"type-product","3":"status-publish","4":"has-post-thumbnail","6":"product_cat-infantil-catala","8":"first","9":"instock","10":"shipping-taxable","11":"product-type-external"},"_links":{"self":[{"href":"https:\/\/octaedro.com\/octaedro-infantil\/wp-json\/wp\/v2\/product\/238","targetHints":{"allow":["GET"]}}],"collection":[{"href":"https:\/\/octaedro.com\/octaedro-infantil\/wp-json\/wp\/v2\/product"}],"about":[{"href":"https:\/\/octaedro.com\/octaedro-infantil\/wp-json\/wp\/v2\/types\/product"}],"replies":[{"embeddable":true,"href":"https:\/\/octaedro.com\/octaedro-infantil\/wp-json\/wp\/v2\/comments?post=238"}],"wp:featuredmedia":[{"embeddable":true,"href":"https:\/\/octaedro.com\/octaedro-infantil\/wp-json\/wp\/v2\/media\/268"}],"wp:attachment":[{"href":"https:\/\/octaedro.com\/octaedro-infantil\/wp-json\/wp\/v2\/media?parent=238"}],"wp:term":[{"taxonomy":"product_brand","embeddable":true,"href":"https:\/\/octaedro.com\/octaedro-infantil\/wp-json\/wp\/v2\/product_brand?post=238"},{"taxonomy":"product_cat","embeddable":true,"href":"https:\/\/octaedro.com\/octaedro-infantil\/wp-json\/wp\/v2\/product_cat?post=238"},{"taxonomy":"product_tag","embeddable":true,"href":"https:\/\/octaedro.com\/octaedro-infantil\/wp-json\/wp\/v2\/product_tag?post=238"}],"curies":[{"name":"wp","href":"https:\/\/api.w.org\/{rel}","templated":true}]}}