{"id":237,"date":"2020-06-02T09:37:17","date_gmt":"2020-06-02T07:37:17","guid":{"rendered":"https:\/\/octaedro.com\/octaedro-infantil\/producto\/import-placeholder-for-19222\/"},"modified":"2020-06-02T11:38:23","modified_gmt":"2020-06-02T09:38:23","slug":"vull-diners","status":"publish","type":"product","link":"https:\/\/octaedro.com\/octaedro-infantil\/producto\/vull-diners\/","title":{"rendered":"Vull diners!"},"content":{"rendered":"<p><strong><em>Vull diners!<\/em><\/strong>, forma part de la s\u00e8rie <strong>Sense nom<\/strong>, de la col\u00b7lecci\u00f3 <strong>Contes per pensar<\/strong>, que inclou llibres per aprendre a pensar, entendre el m\u00f3n i conviure.<\/p>\n<p>  Aquesta s\u00e8rie, adre\u00e7ada a nens i nenes de 3 a 5 anys, reuneix hist\u00f2ries d&#8217;un nen que comen\u00e7a a adonar-se de diverses coses relacionades amb si mateix i el seu entorn. Les hist\u00f2ries reflecteixen el seu di\u00e0leg interior, que serveix d&#8217;est\u00edmul per jugar a pensar.<\/p>\n<p>  En aquest conte passa un dia amb la seva \u00e0via, qui l&#8217;ajudar\u00e0 a reflexionar sobre la q\u00fcesti\u00f3 dels diners i li far\u00e0 descobrir alternatives a l&#8217;intercanvi monetari basades en l&#8217;economia del b\u00e9 com\u00fa.<\/p>\n<p>  Al final del conte s&#8217;inclou un apartat adre\u00e7at als adults que proposa activitats l\u00fadiques i reflexions per tractar aquestes q\u00fcestions en profunditat i de forma amena.  <\/p>\n","protected":false},"excerpt":{"rendered":"<p><strong><em>Vull diners!<\/em><\/strong>, forma part de la s\u00e8rie <strong>Sense nom<\/strong>, de la col\u00b7lecci\u00f3 <strong>Contes per pensar<\/strong>, que inclou llibres per aprendre a pensar, entendre el m\u00f3n i conviure.<\/p>\n<p>  Aquesta s\u00e8rie, adre\u00e7ada a nens i nenes de 3 a 5 anys, reuneix hist\u00f2ries d&#8217;un nen que comen\u00e7a a adonar-se de diverses coses relacionades amb si mateix i el seu entorn. Les hist\u00f2ries reflecteixen el seu di\u00e0leg interior, que serveix d&#8217;est\u00edmul per jugar a pensar.<\/p>\n<p>  En aquest conte passa un dia amb la seva \u00e0via, qui l&#8217;ajudar\u00e0 a reflexionar sobre la q\u00fcesti\u00f3 dels diners i li far\u00e0 descobrir alternatives a l&#8217;intercanvi monetari basades en l&#8217;economia del b\u00e9 com\u00fa.<\/p>\n<p>  Al final del conte s&#8217;inclou un apartat adre\u00e7at als adults que proposa activitats l\u00fadiques i reflexions per tractar aquestes q\u00fcestions en profunditat i de forma amena.  <\/p>\n","protected":false},"featured_media":267,"comment_status":"open","ping_status":"closed","template":"","meta":{"_et_pb_use_builder":"","_et_pb_old_content":"","_et_gb_content_width":""},"product_brand":[],"product_cat":[37],"product_tag":[27],"class_list":{"0":"post-237","1":"product","2":"type-product","3":"status-publish","4":"has-post-thumbnail","6":"product_cat-infantil-catala","7":"product_tag-edicion-impresa-edicion-digital-pdf","9":"first","10":"instock","11":"shipping-taxable","12":"product-type-external"},"_links":{"self":[{"href":"https:\/\/octaedro.com\/octaedro-infantil\/wp-json\/wp\/v2\/product\/237","targetHints":{"allow":["GET"]}}],"collection":[{"href":"https:\/\/octaedro.com\/octaedro-infantil\/wp-json\/wp\/v2\/product"}],"about":[{"href":"https:\/\/octaedro.com\/octaedro-infantil\/wp-json\/wp\/v2\/types\/product"}],"replies":[{"embeddable":true,"href":"https:\/\/octaedro.com\/octaedro-infantil\/wp-json\/wp\/v2\/comments?post=237"}],"wp:featuredmedia":[{"embeddable":true,"href":"https:\/\/octaedro.com\/octaedro-infantil\/wp-json\/wp\/v2\/media\/267"}],"wp:attachment":[{"href":"https:\/\/octaedro.com\/octaedro-infantil\/wp-json\/wp\/v2\/media?parent=237"}],"wp:term":[{"taxonomy":"product_brand","embeddable":true,"href":"https:\/\/octaedro.com\/octaedro-infantil\/wp-json\/wp\/v2\/product_brand?post=237"},{"taxonomy":"product_cat","embeddable":true,"href":"https:\/\/octaedro.com\/octaedro-infantil\/wp-json\/wp\/v2\/product_cat?post=237"},{"taxonomy":"product_tag","embeddable":true,"href":"https:\/\/octaedro.com\/octaedro-infantil\/wp-json\/wp\/v2\/product_tag?post=237"}],"curies":[{"name":"wp","href":"https:\/\/api.w.org\/{rel}","templated":true}]}}