{"id":235,"date":"2020-06-02T09:37:17","date_gmt":"2020-06-02T07:37:17","guid":{"rendered":"https:\/\/octaedro.com\/octaedro-infantil\/producto\/import-placeholder-for-19218\/"},"modified":"2020-06-02T11:38:25","modified_gmt":"2020-06-02T09:38:25","slug":"vull-deixar-de-pensar","status":"publish","type":"product","link":"https:\/\/octaedro.com\/octaedro-infantil\/producto\/vull-deixar-de-pensar\/","title":{"rendered":"Vull deixar de pensar!"},"content":{"rendered":"<p><strong><em>Vull deixar de pensar!<\/em><\/strong> forma part de la s\u00e8rie <strong>Sense nom<\/strong>, de la col\u00b7lecci\u00f3 <strong>Contes per pensar<\/strong>, que inclou llibres per aprendre a pensar, entendre el m\u00f3n i conviure.<br \/>Aquesta s\u00e8rie, adre\u00e7ada a nens i nenes de 3 a 5 anys, reuneix hist\u00f2ries d\u2019un nen que comen\u00e7a a adonar-se de diverses coses relacionades amb si mateix i amb el seu entorn. Les hist\u00f2ries reflecteixen el di\u00e0leg interior d\u2019aquest nen sense nom, cosa que permetr\u00e0 plantejar-nos amb les nenes i els nens petits algunes q\u00fcestions fonamentals. Al final del conte s\u2019inclou un apartat adre\u00e7at als adults que proposa activitats i reflexions per tractar aquestes q\u00fcestions en profunditat.<br \/>En aquesta ocasi\u00f3 el nen s\u2019adona que no pot deixar de pensar. Sorgeixen dins la seva ment infinitat d\u2019idees diverses i extravagants, algunes de les quals es vesteixen de preguntes\u2026 Deu ser que totes les idees es vesteixen d\u2019alguna manera?<\/p>\n","protected":false},"excerpt":{"rendered":"<p><strong><em>Vull deixar de pensar!<\/em><\/strong> forma part de la s\u00e8rie <strong>Sense nom<\/strong>, de la col\u00b7lecci\u00f3 <strong>Contes per pensar<\/strong>, que inclou llibres per aprendre a pensar, entendre el m\u00f3n i conviure.<br \/>Aquesta s\u00e8rie, adre\u00e7ada a nens i nenes de 3 a 5 anys, reuneix hist\u00f2ries d\u2019un nen que comen\u00e7a a adonar-se de diverses coses relacionades amb si mateix i amb el seu entorn. Les hist\u00f2ries reflecteixen el di\u00e0leg interior d\u2019aquest nen sense nom, cosa que permetr\u00e0 plantejar-nos amb les nenes i els nens petits algunes q\u00fcestions fonamentals. Al final del conte s\u2019inclou un apartat adre\u00e7at als adults que proposa activitats i reflexions per tractar aquestes q\u00fcestions en profunditat.<br \/>En aquesta ocasi\u00f3 el nen s\u2019adona que no pot deixar de pensar. Sorgeixen dins la seva ment infinitat d\u2019idees diverses i extravagants, algunes de les quals es vesteixen de preguntes\u2026 Deu ser que totes les idees es vesteixen d\u2019alguna manera?<\/p>\n","protected":false},"featured_media":265,"comment_status":"open","ping_status":"closed","template":"","meta":{"_et_pb_use_builder":"","_et_pb_old_content":"","_et_gb_content_width":""},"product_brand":[],"product_cat":[37],"product_tag":[],"class_list":{"0":"post-235","1":"product","2":"type-product","3":"status-publish","4":"has-post-thumbnail","6":"product_cat-infantil-catala","8":"first","9":"instock","10":"shipping-taxable","11":"product-type-external"},"_links":{"self":[{"href":"https:\/\/octaedro.com\/octaedro-infantil\/wp-json\/wp\/v2\/product\/235","targetHints":{"allow":["GET"]}}],"collection":[{"href":"https:\/\/octaedro.com\/octaedro-infantil\/wp-json\/wp\/v2\/product"}],"about":[{"href":"https:\/\/octaedro.com\/octaedro-infantil\/wp-json\/wp\/v2\/types\/product"}],"replies":[{"embeddable":true,"href":"https:\/\/octaedro.com\/octaedro-infantil\/wp-json\/wp\/v2\/comments?post=235"}],"wp:featuredmedia":[{"embeddable":true,"href":"https:\/\/octaedro.com\/octaedro-infantil\/wp-json\/wp\/v2\/media\/265"}],"wp:attachment":[{"href":"https:\/\/octaedro.com\/octaedro-infantil\/wp-json\/wp\/v2\/media?parent=235"}],"wp:term":[{"taxonomy":"product_brand","embeddable":true,"href":"https:\/\/octaedro.com\/octaedro-infantil\/wp-json\/wp\/v2\/product_brand?post=235"},{"taxonomy":"product_cat","embeddable":true,"href":"https:\/\/octaedro.com\/octaedro-infantil\/wp-json\/wp\/v2\/product_cat?post=235"},{"taxonomy":"product_tag","embeddable":true,"href":"https:\/\/octaedro.com\/octaedro-infantil\/wp-json\/wp\/v2\/product_tag?post=235"}],"curies":[{"name":"wp","href":"https:\/\/api.w.org\/{rel}","templated":true}]}}