{"id":227,"date":"2020-06-02T09:37:17","date_gmt":"2020-06-02T07:37:17","guid":{"rendered":"https:\/\/octaedro.com\/octaedro-infantil\/producto\/import-placeholder-for-19146\/"},"modified":"2020-06-02T11:38:30","modified_gmt":"2020-06-02T09:38:30","slug":"els-pessigolles-la-cova-den-draco-inclou-cd","status":"publish","type":"product","link":"https:\/\/octaedro.com\/octaedro-infantil\/producto\/els-pessigolles-la-cova-den-draco-inclou-cd\/","title":{"rendered":"Els Pessigolles, La cova d&#8217;en Draco (inclou Cd)"},"content":{"rendered":"<p>Els Pessigolles van d&#8217;excursi\u00f3 i estan molt contents passejant pel gran Bosc Vermell, per\u00f2 es perden i, quan comen\u00e7a a ploure busquen r\u00e0pidament aixopluc. De sobte troben una cova\u2026<br \/>El projecte CIM (Contes, Il\u2022lustracions i M\u00fasica) est\u00e0 dirigit per tres persones procedents de l&#8217;\u00e0mbit docent, musical i art\u00edstic. \u00c9s un reflex de l&#8217;experi\u00e8ncia dels seus creadors amb la il\u2022lusi\u00f3 d&#8217;ajudar a treballar valors i emocions a trav\u00e9s del conte i els seus personatges: Els Pessigolles.<br \/>Els contes CIM estan orientats al p\u00fablic infantil i es desenvolupen dins una col\u2022lecci\u00f3 de dotze contes il\u2022lustrats amb acompanyament musical. Cada conte inclou una <a href=http:\/\/www.octaedro.com\/pdf\/80200.pdf>guia did\u00e0ctica amb propostes i activitats l\u00fadiques i educatives <\/a>.<br \/>Totes les hist\u00f2ries dels Pessigolles tenen un final ben curi\u00f3s, no acaben del tot, aix\u00ed que: tu tamb\u00e9 hi participes!<\/p>\n","protected":false},"excerpt":{"rendered":"<p>Els Pessigolles van d&#8217;excursi\u00f3 i estan molt contents passejant pel gran Bosc Vermell, per\u00f2 es perden i, quan comen\u00e7a a ploure busquen r\u00e0pidament aixopluc. De sobte troben una cova\u2026<br \/>El projecte CIM (Contes, Il\u2022lustracions i M\u00fasica) est\u00e0 dirigit per tres persones procedents de l&#8217;\u00e0mbit docent, musical i art\u00edstic. \u00c9s un reflex de l&#8217;experi\u00e8ncia dels seus creadors amb la il\u2022lusi\u00f3 d&#8217;ajudar a treballar valors i emocions a trav\u00e9s del conte i els seus personatges: Els Pessigolles.<br \/>Els contes CIM estan orientats al p\u00fablic infantil i es desenvolupen dins una col\u2022lecci\u00f3 de dotze contes il\u2022lustrats amb acompanyament musical. Cada conte inclou una <a href=http:\/\/www.octaedro.com\/pdf\/80200.pdf>guia did\u00e0ctica amb propostes i activitats l\u00fadiques i educatives <\/a>.<br \/>Totes les hist\u00f2ries dels Pessigolles tenen un final ben curi\u00f3s, no acaben del tot, aix\u00ed que: tu tamb\u00e9 hi participes!<\/p>\n","protected":false},"featured_media":257,"comment_status":"open","ping_status":"closed","template":"","meta":{"_et_pb_use_builder":"","_et_pb_old_content":"","_et_gb_content_width":""},"product_brand":[],"product_cat":[37],"product_tag":[],"class_list":{"0":"post-227","1":"product","2":"type-product","3":"status-publish","4":"has-post-thumbnail","6":"product_cat-infantil-catala","8":"first","9":"instock","10":"shipping-taxable","11":"product-type-external"},"_links":{"self":[{"href":"https:\/\/octaedro.com\/octaedro-infantil\/wp-json\/wp\/v2\/product\/227","targetHints":{"allow":["GET"]}}],"collection":[{"href":"https:\/\/octaedro.com\/octaedro-infantil\/wp-json\/wp\/v2\/product"}],"about":[{"href":"https:\/\/octaedro.com\/octaedro-infantil\/wp-json\/wp\/v2\/types\/product"}],"replies":[{"embeddable":true,"href":"https:\/\/octaedro.com\/octaedro-infantil\/wp-json\/wp\/v2\/comments?post=227"}],"wp:featuredmedia":[{"embeddable":true,"href":"https:\/\/octaedro.com\/octaedro-infantil\/wp-json\/wp\/v2\/media\/257"}],"wp:attachment":[{"href":"https:\/\/octaedro.com\/octaedro-infantil\/wp-json\/wp\/v2\/media?parent=227"}],"wp:term":[{"taxonomy":"product_brand","embeddable":true,"href":"https:\/\/octaedro.com\/octaedro-infantil\/wp-json\/wp\/v2\/product_brand?post=227"},{"taxonomy":"product_cat","embeddable":true,"href":"https:\/\/octaedro.com\/octaedro-infantil\/wp-json\/wp\/v2\/product_cat?post=227"},{"taxonomy":"product_tag","embeddable":true,"href":"https:\/\/octaedro.com\/octaedro-infantil\/wp-json\/wp\/v2\/product_tag?post=227"}],"curies":[{"name":"wp","href":"https:\/\/api.w.org\/{rel}","templated":true}]}}