{"id":193,"date":"2020-06-02T09:37:05","date_gmt":"2020-06-02T07:37:05","guid":{"rendered":"https:\/\/octaedro.com\/octaedro-infantil\/producto\/import-placeholder-for-18949\/"},"modified":"2022-12-16T01:25:09","modified_gmt":"2022-12-16T00:25:09","slug":"el-casting-de-la-familia","status":"publish","type":"product","link":"https:\/\/octaedro.com\/octaedro-infantil\/producto\/el-casting-de-la-familia\/","title":{"rendered":"El casting de la familia"},"content":{"rendered":"<p>Este cuento forma parte de la colecci\u00f3n <strong>Divertencias: competencias diversas<\/strong>, cuya finalidad es fomentar el desarrollo de las competencias en el alumnado de Educaci\u00f3n Infantil y Primaria. Los cuentos de esta colecci\u00f3n tratan temas actuales relacionados con las necesidades sociales derivadas de la diversidad familiar, personal y funcional, y procuran combatir los prejuicios y los estereotipos. Se aborda el tratamiento de las competencias para la consecuci\u00f3n de un aprendizaje funcional, contextualizado e integral.<\/p>\n<p>El cuento es uno de los principales recursos utilizados en la ense\u00f1anza, pues con \u00e9l se ense\u00f1a de forma l\u00fadica y se contribuye al desarrollo intelectual, social, f\u00edsico y afectivo de los ni\u00f1os y las ni\u00f1as.<\/p>\n<p>En este primer cuento de la colecci\u00f3n, <strong><em> El casting de la familia<\/em><\/strong>, se narra la historia de Marcos, un ni\u00f1o sin familia. Al peque\u00f1o se le ocurre organizar un casting para elegir a las personas con las que formar una. Se pretende trabajar la variedad de tipos de familias y la aceptaci\u00f3n de la diversidad.<\/p>\n","protected":false},"excerpt":{"rendered":"<p>Este cuento forma parte de la colecci\u00f3n <strong>Divertencias: competencias diversas<\/strong>, cuya finalidad es fomentar el desarrollo de las competencias en el alumnado de Educaci\u00f3n Infantil y Primaria. Los cuentos de esta colecci\u00f3n tratan temas actuales relacionados con las necesidades sociales derivadas de la diversidad familiar, personal y funcional, y procuran combatir los prejuicios y los estereotipos. Se aborda el tratamiento de las competencias para la consecuci\u00f3n de un aprendizaje funcional, contextualizado e integral.<\/p>\n<p>El cuento es uno de los principales recursos utilizados en la ense\u00f1anza, pues con \u00e9l se ense\u00f1a de forma l\u00fadica y se contribuye al desarrollo intelectual, social, f\u00edsico y afectivo de los ni\u00f1os y las ni\u00f1as.<\/p>\n<p>En este primer cuento de la colecci\u00f3n, <strong><em> El casting de la familia<\/em><\/strong>, se narra la historia de Marcos, un ni\u00f1o sin familia. Al peque\u00f1o se le ocurre organizar un casting para elegir a las personas con las que formar una. Se pretende trabajar la variedad de tipos de familias y la aceptaci\u00f3n de la diversidad.<\/p>\n","protected":false},"featured_media":223,"comment_status":"open","ping_status":"closed","template":"","meta":{"_et_pb_use_builder":"","_et_pb_old_content":"","_et_gb_content_width":""},"product_brand":[],"product_cat":[35,19],"product_tag":[25],"class_list":{"0":"post-193","1":"product","2":"type-product","3":"status-publish","4":"has-post-thumbnail","6":"product_cat-cuentos-sobre-emociones-derechos-diversidad","7":"product_cat-editorial-octaedro","8":"product_tag-edicion-impresa","10":"first","11":"instock","12":"shipping-taxable","13":"product-type-external"},"_links":{"self":[{"href":"https:\/\/octaedro.com\/octaedro-infantil\/wp-json\/wp\/v2\/product\/193","targetHints":{"allow":["GET"]}}],"collection":[{"href":"https:\/\/octaedro.com\/octaedro-infantil\/wp-json\/wp\/v2\/product"}],"about":[{"href":"https:\/\/octaedro.com\/octaedro-infantil\/wp-json\/wp\/v2\/types\/product"}],"replies":[{"embeddable":true,"href":"https:\/\/octaedro.com\/octaedro-infantil\/wp-json\/wp\/v2\/comments?post=193"}],"wp:featuredmedia":[{"embeddable":true,"href":"https:\/\/octaedro.com\/octaedro-infantil\/wp-json\/wp\/v2\/media\/223"}],"wp:attachment":[{"href":"https:\/\/octaedro.com\/octaedro-infantil\/wp-json\/wp\/v2\/media?parent=193"}],"wp:term":[{"taxonomy":"product_brand","embeddable":true,"href":"https:\/\/octaedro.com\/octaedro-infantil\/wp-json\/wp\/v2\/product_brand?post=193"},{"taxonomy":"product_cat","embeddable":true,"href":"https:\/\/octaedro.com\/octaedro-infantil\/wp-json\/wp\/v2\/product_cat?post=193"},{"taxonomy":"product_tag","embeddable":true,"href":"https:\/\/octaedro.com\/octaedro-infantil\/wp-json\/wp\/v2\/product_tag?post=193"}],"curies":[{"name":"wp","href":"https:\/\/api.w.org\/{rel}","templated":true}]}}