{"id":188,"date":"2020-06-02T09:37:05","date_gmt":"2020-06-02T07:37:05","guid":{"rendered":"https:\/\/octaedro.com\/octaedro-infantil\/producto\/import-placeholder-for-18939\/"},"modified":"2020-06-02T11:38:36","modified_gmt":"2020-06-02T09:38:36","slug":"no-puede-ser-un-tomate","status":"publish","type":"product","link":"https:\/\/octaedro.com\/octaedro-infantil\/producto\/no-puede-ser-un-tomate\/","title":{"rendered":"\u00a1No puede ser un tomate!"},"content":{"rendered":"<p>Hugo y David juegan constantemente a las adivinanzas, descubriendo a cada momento una nueva variedad de fruta o verdura y razas animales desconocidas para ellos.<br \/>\n\u201c\u00a1No puede ser un tomate\u201d pretende acercar a los ni\u00f1os y ni\u00f1as algunas ideas b\u00e1sicas sobre la biodiversidad del mundo rural. En este caso, hemos tomado variedades y razas de Andaluc\u00eda, pero en todo el mundo existen cientos de miles de variedades:<br \/>\n&#8211; En mundo rural cuenta con una \u201cnaturaleza cultivada\u201d que engloba una enorme diversidad de especies, variedades y razas que son casi desconocidas, pero aprovechables para el consumo humano.<br \/>\n&#8211; La naturaleza es muy diversa en especies, pero tambi\u00e9n en formas, colores y tama\u00f1os.<br \/>\n&#8211; Todas estas variedades y razas son aut\u00f3ctonas de cada lugar y por tanto, se han adaptado a las condiciones de esa lugar concreto. Son m\u00e1s resistentes al clima, a las plagas o a las enfermedades.<br \/>\nLectura de introducci\u00f3n y\/o motivaci\u00f3n para el trabajo de tem\u00e1ticas ambientales en el aula o en casa, para ni\u00f1os y ni\u00f1as de 4 a 7 a\u00f1os.<br \/>\nPara lograr este objetivo, es aconsejable no introducir todos los conceptos en una primera lectura, si no ir a\u00f1adi\u00e9ndolos poco a poco desde los m\u00e1s sencillos hasta los m\u00e1s complicados.<br \/>\nIncluye una gu\u00eda de experimentos para el desarrollo de la observaci\u00f3n, la investigaci\u00f3n aut\u00f3noma, el trabajo cooperativo y creatividad.<\/p>\n","protected":false},"excerpt":{"rendered":"<p>Hugo y David juegan constantemente a las adivinanzas, descubriendo a cada momento una nueva variedad de fruta o verdura y razas animales desconocidas para ellos.<br \/>\n\u201c\u00a1No puede ser un tomate\u201d pretende acercar a los ni\u00f1os y ni\u00f1as algunas ideas b\u00e1sicas sobre la biodiversidad del mundo rural. En este caso, hemos tomado variedades y razas de Andaluc\u00eda, pero en todo el mundo existen cientos de miles de variedades:<br \/>\n&#8211; En mundo rural cuenta con una \u201cnaturaleza cultivada\u201d que engloba una enorme diversidad de especies, variedades y razas que son casi desconocidas, pero aprovechables para el consumo humano.<br \/>\n&#8211; La naturaleza es muy diversa en especies, pero tambi\u00e9n en formas, colores y tama\u00f1os.<br \/>\n&#8211; Todas estas variedades y razas son aut\u00f3ctonas de cada lugar y por tanto, se han adaptado a las condiciones de esa lugar concreto. Son m\u00e1s resistentes al clima, a las plagas o a las enfermedades.<br \/>\nLectura de introducci\u00f3n y\/o motivaci\u00f3n para el trabajo de tem\u00e1ticas ambientales en el aula o en casa, para ni\u00f1os y ni\u00f1as de 4 a 7 a\u00f1os.<br \/>\nPara lograr este objetivo, es aconsejable no introducir todos los conceptos en una primera lectura, si no ir a\u00f1adi\u00e9ndolos poco a poco desde los m\u00e1s sencillos hasta los m\u00e1s complicados.<br \/>\nIncluye una gu\u00eda de experimentos para el desarrollo de la observaci\u00f3n, la investigaci\u00f3n aut\u00f3noma, el trabajo cooperativo y creatividad.<\/p>\n","protected":false},"featured_media":218,"comment_status":"open","ping_status":"closed","template":"","meta":{"_et_pb_use_builder":"","_et_pb_old_content":"","_et_gb_content_width":""},"product_brand":[],"product_cat":[35,19],"product_tag":[25],"class_list":{"0":"post-188","1":"product","2":"type-product","3":"status-publish","4":"has-post-thumbnail","6":"product_cat-cuentos-sobre-emociones-derechos-diversidad","7":"product_cat-editorial-octaedro","8":"product_tag-edicion-impresa","10":"first","11":"instock","12":"shipping-taxable","13":"product-type-external"},"_links":{"self":[{"href":"https:\/\/octaedro.com\/octaedro-infantil\/wp-json\/wp\/v2\/product\/188","targetHints":{"allow":["GET"]}}],"collection":[{"href":"https:\/\/octaedro.com\/octaedro-infantil\/wp-json\/wp\/v2\/product"}],"about":[{"href":"https:\/\/octaedro.com\/octaedro-infantil\/wp-json\/wp\/v2\/types\/product"}],"replies":[{"embeddable":true,"href":"https:\/\/octaedro.com\/octaedro-infantil\/wp-json\/wp\/v2\/comments?post=188"}],"wp:featuredmedia":[{"embeddable":true,"href":"https:\/\/octaedro.com\/octaedro-infantil\/wp-json\/wp\/v2\/media\/218"}],"wp:attachment":[{"href":"https:\/\/octaedro.com\/octaedro-infantil\/wp-json\/wp\/v2\/media?parent=188"}],"wp:term":[{"taxonomy":"product_brand","embeddable":true,"href":"https:\/\/octaedro.com\/octaedro-infantil\/wp-json\/wp\/v2\/product_brand?post=188"},{"taxonomy":"product_cat","embeddable":true,"href":"https:\/\/octaedro.com\/octaedro-infantil\/wp-json\/wp\/v2\/product_cat?post=188"},{"taxonomy":"product_tag","embeddable":true,"href":"https:\/\/octaedro.com\/octaedro-infantil\/wp-json\/wp\/v2\/product_tag?post=188"}],"curies":[{"name":"wp","href":"https:\/\/api.w.org\/{rel}","templated":true}]}}