{"id":187,"date":"2020-06-02T09:37:05","date_gmt":"2020-06-02T07:37:05","guid":{"rendered":"https:\/\/octaedro.com\/octaedro-infantil\/producto\/import-placeholder-for-18937\/"},"modified":"2020-06-02T11:38:36","modified_gmt":"2020-06-02T09:38:36","slug":"un-puntito-y-una-sorpresa-en-el-huerto","status":"publish","type":"product","link":"https:\/\/octaedro.com\/octaedro-infantil\/producto\/un-puntito-y-una-sorpresa-en-el-huerto\/","title":{"rendered":"Un puntito y una sorpresa en el huerto"},"content":{"rendered":"<p>Mar\u00eda y Paula son peque\u00f1as hortelanas que aprenden a observar con atenci\u00f3n las diminutas y sorprendentes sorpresas que ocurren en su huerto ecol\u00f3gico cada d\u00eda.<br \/>\n\u201cUn puntito y una sorpresa en el huerto\u201d emprende la misi\u00f3n de acercar a los ni\u00f1os y ni\u00f1as los secretos de un huerto vivo y sano.<br \/>\n&#8211; Un huerto o un cultivo manejado de forma ecol\u00f3gica y\/o sostenible es un cultivo vivo.<br \/>\n&#8211; Un huerto vivo funciona como un bosque y con los elementos adecuados puede autorregularse en el control de plagas, polinizaci\u00f3n, fertilizaci\u00f3n\u2026<br \/>\n&#8211; Un huerto escolar\/familiar ecol\u00f3gico es un laboratorio vivo en el que investigar los procesos naturales.<br \/>\nLectura de introducci\u00f3n y\/o motivaci\u00f3n para el trabajo de tem\u00e1ticas ambientales en el aula o en casa, para ni\u00f1os y ni\u00f1as de 4 a 7 a\u00f1os.<br \/>\nPara lograr este objetivo, es aconsejable no introducir todos los conceptos en una primera lectura, si no ir a\u00f1adi\u00e9ndolos poco a poco desde los m\u00e1s sencillos hasta los m\u00e1s complicados.<br \/>\nIncluye una gu\u00eda de experimentos para el desarrollo de la observaci\u00f3n, la investigaci\u00f3n aut\u00f3noma, el trabajo cooperativo y creatividad.<\/p>\n","protected":false},"excerpt":{"rendered":"<p>Mar\u00eda y Paula son peque\u00f1as hortelanas que aprenden a observar con atenci\u00f3n las diminutas y sorprendentes sorpresas que ocurren en su huerto ecol\u00f3gico cada d\u00eda.<br \/>\n\u201cUn puntito y una sorpresa en el huerto\u201d emprende la misi\u00f3n de acercar a los ni\u00f1os y ni\u00f1as los secretos de un huerto vivo y sano.<br \/>\n&#8211; Un huerto o un cultivo manejado de forma ecol\u00f3gica y\/o sostenible es un cultivo vivo.<br \/>\n&#8211; Un huerto vivo funciona como un bosque y con los elementos adecuados puede autorregularse en el control de plagas, polinizaci\u00f3n, fertilizaci\u00f3n\u2026<br \/>\n&#8211; Un huerto escolar\/familiar ecol\u00f3gico es un laboratorio vivo en el que investigar los procesos naturales.<br \/>\nLectura de introducci\u00f3n y\/o motivaci\u00f3n para el trabajo de tem\u00e1ticas ambientales en el aula o en casa, para ni\u00f1os y ni\u00f1as de 4 a 7 a\u00f1os.<br \/>\nPara lograr este objetivo, es aconsejable no introducir todos los conceptos en una primera lectura, si no ir a\u00f1adi\u00e9ndolos poco a poco desde los m\u00e1s sencillos hasta los m\u00e1s complicados.<br \/>\nIncluye una gu\u00eda de experimentos para el desarrollo de la observaci\u00f3n, la investigaci\u00f3n aut\u00f3noma, el trabajo cooperativo y creatividad.<\/p>\n","protected":false},"featured_media":217,"comment_status":"open","ping_status":"closed","template":"","meta":{"_et_pb_use_builder":"","_et_pb_old_content":"","_et_gb_content_width":""},"product_brand":[],"product_cat":[35,19],"product_tag":[25],"class_list":{"0":"post-187","1":"product","2":"type-product","3":"status-publish","4":"has-post-thumbnail","6":"product_cat-cuentos-sobre-emociones-derechos-diversidad","7":"product_cat-editorial-octaedro","8":"product_tag-edicion-impresa","10":"first","11":"instock","12":"shipping-taxable","13":"product-type-external"},"_links":{"self":[{"href":"https:\/\/octaedro.com\/octaedro-infantil\/wp-json\/wp\/v2\/product\/187","targetHints":{"allow":["GET"]}}],"collection":[{"href":"https:\/\/octaedro.com\/octaedro-infantil\/wp-json\/wp\/v2\/product"}],"about":[{"href":"https:\/\/octaedro.com\/octaedro-infantil\/wp-json\/wp\/v2\/types\/product"}],"replies":[{"embeddable":true,"href":"https:\/\/octaedro.com\/octaedro-infantil\/wp-json\/wp\/v2\/comments?post=187"}],"wp:featuredmedia":[{"embeddable":true,"href":"https:\/\/octaedro.com\/octaedro-infantil\/wp-json\/wp\/v2\/media\/217"}],"wp:attachment":[{"href":"https:\/\/octaedro.com\/octaedro-infantil\/wp-json\/wp\/v2\/media?parent=187"}],"wp:term":[{"taxonomy":"product_brand","embeddable":true,"href":"https:\/\/octaedro.com\/octaedro-infantil\/wp-json\/wp\/v2\/product_brand?post=187"},{"taxonomy":"product_cat","embeddable":true,"href":"https:\/\/octaedro.com\/octaedro-infantil\/wp-json\/wp\/v2\/product_cat?post=187"},{"taxonomy":"product_tag","embeddable":true,"href":"https:\/\/octaedro.com\/octaedro-infantil\/wp-json\/wp\/v2\/product_tag?post=187"}],"curies":[{"name":"wp","href":"https:\/\/api.w.org\/{rel}","templated":true}]}}