{"id":186,"date":"2020-06-02T09:37:05","date_gmt":"2020-06-02T07:37:05","guid":{"rendered":"https:\/\/octaedro.com\/octaedro-infantil\/producto\/import-placeholder-for-18935\/"},"modified":"2020-06-02T11:38:37","modified_gmt":"2020-06-02T09:38:37","slug":"y-mientras-tanto-llego-la-primavera","status":"publish","type":"product","link":"https:\/\/octaedro.com\/octaedro-infantil\/producto\/y-mientras-tanto-llego-la-primavera\/","title":{"rendered":"Y mientras tanto&#8230; Lleg\u00f3 la primavera"},"content":{"rendered":"<p>Carlos crece a lo largo de un a\u00f1o al tiempo que observa, experimenta y descubre los cambios que se producen a su alrededor con el paso de las estaciones.<br \/>\n\u201cY mientras tanto, lleg\u00f3 la primavera\u201d pretende acercar a los ni\u00f1os y ni\u00f1as las siguientes ideas sobre las estaciones del a\u00f1o:<br \/>\n&#8211; Un a\u00f1o no es un per\u00edodo homog\u00e9neo, si no que en su transcurso se producen cambios que afectan al clima.<br \/>\n&#8211; Estos cambios en el clima y el entorno se producen de manera similar todos los a\u00f1os.<br \/>\n&#8211; Entre las cosas que cambian trataremos: el ciclo del agua, fen\u00f3menos meteorol\u00f3gicos, migraciones animales, fases del desarrollo de plantas y animales silvestres, calendario agr\u00edcola y ganadero, y c\u00f3mo no, la indumentaria humana.<br \/>\nLectura de introducci\u00f3n y\/o motivaci\u00f3n para el trabajo de tem\u00e1ticas ambientales en el aula o en casa, para ni\u00f1os y ni\u00f1as de 4 a 7 a\u00f1os.<br \/>\nPara lograr este objetivo, es aconsejable no introducir todos los conceptos en una primera lectura, si no ir a\u00f1adi\u00e9ndolos poco a poco desde los m\u00e1s sencillos hasta los m\u00e1s complicados.<br \/>\nIncluye una gu\u00eda de experimentos para el desarrollo de la observaci\u00f3n, la investigaci\u00f3n aut\u00f3noma, el trabajo cooperativo y creatividad.<\/p>\n","protected":false},"excerpt":{"rendered":"<p>Carlos crece a lo largo de un a\u00f1o al tiempo que observa, experimenta y descubre los cambios que se producen a su alrededor con el paso de las estaciones.<br \/>\n\u201cY mientras tanto, lleg\u00f3 la primavera\u201d pretende acercar a los ni\u00f1os y ni\u00f1as las siguientes ideas sobre las estaciones del a\u00f1o:<br \/>\n&#8211; Un a\u00f1o no es un per\u00edodo homog\u00e9neo, si no que en su transcurso se producen cambios que afectan al clima.<br \/>\n&#8211; Estos cambios en el clima y el entorno se producen de manera similar todos los a\u00f1os.<br \/>\n&#8211; Entre las cosas que cambian trataremos: el ciclo del agua, fen\u00f3menos meteorol\u00f3gicos, migraciones animales, fases del desarrollo de plantas y animales silvestres, calendario agr\u00edcola y ganadero, y c\u00f3mo no, la indumentaria humana.<br \/>\nLectura de introducci\u00f3n y\/o motivaci\u00f3n para el trabajo de tem\u00e1ticas ambientales en el aula o en casa, para ni\u00f1os y ni\u00f1as de 4 a 7 a\u00f1os.<br \/>\nPara lograr este objetivo, es aconsejable no introducir todos los conceptos en una primera lectura, si no ir a\u00f1adi\u00e9ndolos poco a poco desde los m\u00e1s sencillos hasta los m\u00e1s complicados.<br \/>\nIncluye una gu\u00eda de experimentos para el desarrollo de la observaci\u00f3n, la investigaci\u00f3n aut\u00f3noma, el trabajo cooperativo y creatividad.<\/p>\n","protected":false},"featured_media":216,"comment_status":"open","ping_status":"closed","template":"","meta":{"_et_pb_use_builder":"","_et_pb_old_content":"","_et_gb_content_width":""},"product_brand":[],"product_cat":[35,19],"product_tag":[25],"class_list":{"0":"post-186","1":"product","2":"type-product","3":"status-publish","4":"has-post-thumbnail","6":"product_cat-cuentos-sobre-emociones-derechos-diversidad","7":"product_cat-editorial-octaedro","8":"product_tag-edicion-impresa","10":"first","11":"instock","12":"shipping-taxable","13":"product-type-external"},"_links":{"self":[{"href":"https:\/\/octaedro.com\/octaedro-infantil\/wp-json\/wp\/v2\/product\/186","targetHints":{"allow":["GET"]}}],"collection":[{"href":"https:\/\/octaedro.com\/octaedro-infantil\/wp-json\/wp\/v2\/product"}],"about":[{"href":"https:\/\/octaedro.com\/octaedro-infantil\/wp-json\/wp\/v2\/types\/product"}],"replies":[{"embeddable":true,"href":"https:\/\/octaedro.com\/octaedro-infantil\/wp-json\/wp\/v2\/comments?post=186"}],"wp:featuredmedia":[{"embeddable":true,"href":"https:\/\/octaedro.com\/octaedro-infantil\/wp-json\/wp\/v2\/media\/216"}],"wp:attachment":[{"href":"https:\/\/octaedro.com\/octaedro-infantil\/wp-json\/wp\/v2\/media?parent=186"}],"wp:term":[{"taxonomy":"product_brand","embeddable":true,"href":"https:\/\/octaedro.com\/octaedro-infantil\/wp-json\/wp\/v2\/product_brand?post=186"},{"taxonomy":"product_cat","embeddable":true,"href":"https:\/\/octaedro.com\/octaedro-infantil\/wp-json\/wp\/v2\/product_cat?post=186"},{"taxonomy":"product_tag","embeddable":true,"href":"https:\/\/octaedro.com\/octaedro-infantil\/wp-json\/wp\/v2\/product_tag?post=186"}],"curies":[{"name":"wp","href":"https:\/\/api.w.org\/{rel}","templated":true}]}}