{"id":185,"date":"2020-06-02T09:37:05","date_gmt":"2020-06-02T07:37:05","guid":{"rendered":"https:\/\/octaedro.com\/octaedro-infantil\/producto\/import-placeholder-for-18933\/"},"modified":"2020-06-02T11:38:38","modified_gmt":"2020-06-02T09:38:38","slug":"viaje-bajo-la-tierra","status":"publish","type":"product","link":"https:\/\/octaedro.com\/octaedro-infantil\/producto\/viaje-bajo-la-tierra\/","title":{"rendered":"Viaje bajo la tierra"},"content":{"rendered":"<p>Daniela es una ni\u00f1a curiosa y muy observadora que descubre la existencia de un desconocido mundo bajo tierra completamente lleno de vida.<br \/>\n\u201cViaje bajo la tierra\u201d pretende acercar a los ni\u00f1os y ni\u00f1as la idea b\u00e1sica de que la tierra est\u00e1 llena de vida y diversidad. Existe una gran variedad de tipos de tierra con or\u00edgenes muy diferentes, as\u00ed como una enorme cantidad de seres vivos que habitan bajo la tierra. Descubrir este mundo subterr\u00e1neo a ni\u00f1os y ni\u00f1as es el objetivo primordial del libro.<br \/>\nLos contenidos que trataremos versar\u00e1n sobre:<br \/>\n&#8211; Usos tradicionales de la tierra: cultivo, cer\u00e1mica, elaboraci\u00f3n de pigmentos\u2026<br \/>\n&#8211; Elementos del suelo: roca, nutrientes, agua, aire y seres vivos (biodiversidad).<br \/>\n&#8211; El cuidado del medio ambiente: plantar y cuidar una planta, respetar la vida de todos los animales, comprender el funcionamiento de los ecosistemas.<br \/>\nLectura de introducci\u00f3n y\/o motivaci\u00f3n para el trabajo de tem\u00e1ticas ambientales en el aula o en casa, para ni\u00f1os y ni\u00f1as de 4 a 7 a\u00f1os.<br \/>\nPara lograr este objetivo, es aconsejable no introducir todos los conceptos en una primera lectura, si no ir a\u00f1adi\u00e9ndolos poco a poco desde los m\u00e1s sencillos hasta los m\u00e1s complicados.<br \/>\nIncluye una gu\u00eda de experimentos para el desarrollo de la observaci\u00f3n, la investigaci\u00f3n aut\u00f3noma, el trabajo cooperativo y creatividad.<\/p>\n","protected":false},"excerpt":{"rendered":"<p>Daniela es una ni\u00f1a curiosa y muy observadora que descubre la existencia de un desconocido mundo bajo tierra completamente lleno de vida.<br \/>\n\u201cViaje bajo la tierra\u201d pretende acercar a los ni\u00f1os y ni\u00f1as la idea b\u00e1sica de que la tierra est\u00e1 llena de vida y diversidad. Existe una gran variedad de tipos de tierra con or\u00edgenes muy diferentes, as\u00ed como una enorme cantidad de seres vivos que habitan bajo la tierra. Descubrir este mundo subterr\u00e1neo a ni\u00f1os y ni\u00f1as es el objetivo primordial del libro.<br \/>\nLos contenidos que trataremos versar\u00e1n sobre:<br \/>\n&#8211; Usos tradicionales de la tierra: cultivo, cer\u00e1mica, elaboraci\u00f3n de pigmentos\u2026<br \/>\n&#8211; Elementos del suelo: roca, nutrientes, agua, aire y seres vivos (biodiversidad).<br \/>\n&#8211; El cuidado del medio ambiente: plantar y cuidar una planta, respetar la vida de todos los animales, comprender el funcionamiento de los ecosistemas.<br \/>\nLectura de introducci\u00f3n y\/o motivaci\u00f3n para el trabajo de tem\u00e1ticas ambientales en el aula o en casa, para ni\u00f1os y ni\u00f1as de 4 a 7 a\u00f1os.<br \/>\nPara lograr este objetivo, es aconsejable no introducir todos los conceptos en una primera lectura, si no ir a\u00f1adi\u00e9ndolos poco a poco desde los m\u00e1s sencillos hasta los m\u00e1s complicados.<br \/>\nIncluye una gu\u00eda de experimentos para el desarrollo de la observaci\u00f3n, la investigaci\u00f3n aut\u00f3noma, el trabajo cooperativo y creatividad.<\/p>\n","protected":false},"featured_media":215,"comment_status":"open","ping_status":"closed","template":"","meta":{"_et_pb_use_builder":"","_et_pb_old_content":"","_et_gb_content_width":""},"product_brand":[],"product_cat":[35,19],"product_tag":[25],"class_list":{"0":"post-185","1":"product","2":"type-product","3":"status-publish","4":"has-post-thumbnail","6":"product_cat-cuentos-sobre-emociones-derechos-diversidad","7":"product_cat-editorial-octaedro","8":"product_tag-edicion-impresa","10":"first","11":"instock","12":"shipping-taxable","13":"product-type-external"},"_links":{"self":[{"href":"https:\/\/octaedro.com\/octaedro-infantil\/wp-json\/wp\/v2\/product\/185","targetHints":{"allow":["GET"]}}],"collection":[{"href":"https:\/\/octaedro.com\/octaedro-infantil\/wp-json\/wp\/v2\/product"}],"about":[{"href":"https:\/\/octaedro.com\/octaedro-infantil\/wp-json\/wp\/v2\/types\/product"}],"replies":[{"embeddable":true,"href":"https:\/\/octaedro.com\/octaedro-infantil\/wp-json\/wp\/v2\/comments?post=185"}],"wp:featuredmedia":[{"embeddable":true,"href":"https:\/\/octaedro.com\/octaedro-infantil\/wp-json\/wp\/v2\/media\/215"}],"wp:attachment":[{"href":"https:\/\/octaedro.com\/octaedro-infantil\/wp-json\/wp\/v2\/media?parent=185"}],"wp:term":[{"taxonomy":"product_brand","embeddable":true,"href":"https:\/\/octaedro.com\/octaedro-infantil\/wp-json\/wp\/v2\/product_brand?post=185"},{"taxonomy":"product_cat","embeddable":true,"href":"https:\/\/octaedro.com\/octaedro-infantil\/wp-json\/wp\/v2\/product_cat?post=185"},{"taxonomy":"product_tag","embeddable":true,"href":"https:\/\/octaedro.com\/octaedro-infantil\/wp-json\/wp\/v2\/product_tag?post=185"}],"curies":[{"name":"wp","href":"https:\/\/api.w.org\/{rel}","templated":true}]}}