{"id":184,"date":"2020-06-02T09:37:05","date_gmt":"2020-06-02T07:37:05","guid":{"rendered":"https:\/\/octaedro.com\/octaedro-infantil\/producto\/import-placeholder-for-18931\/"},"modified":"2020-06-02T11:38:38","modified_gmt":"2020-06-02T09:38:38","slug":"aba-el-agua-que-viajaba","status":"publish","type":"product","link":"https:\/\/octaedro.com\/octaedro-infantil\/producto\/aba-el-agua-que-viajaba\/","title":{"rendered":"Aba, el agua que viajaba"},"content":{"rendered":"<p>Aba es una gota de agua que viaja, se transforma, vuela y conoce a muchos ni\u00f1os y ni\u00f1as durante su viaje.<br \/>\n\u201cAba, el agua que viajaba\u201d pretende acercar a los ni\u00f1os y ni\u00f1as las siguientes ideas sobre el agua:<br \/>\n&#8211; El agua sigue un ciclo natural durante el cual se mueve y se transforma.<br \/>\n&#8211; Las propiedades del agua: transparencia, efecto lente, transformaciones, flotabilidad&#8230;<br \/>\n&#8211; C\u00f3mo las personas utilizamos el agua: bebida, riego, energ\u00eda renovable.<br \/>\nLectura de introducci\u00f3n y\/o motivaci\u00f3n para el trabajo de tem\u00e1ticas ambientales en el aula o en casa, para ni\u00f1os y ni\u00f1as de 4 a 7 a\u00f1os.<br \/>\nPara lograr este objetivo, es aconsejable no introducir todos los conceptos en una primera lectura, si no ir a\u00f1adi\u00e9ndolos poco a poco desde los m\u00e1s sencillos hasta los m\u00e1s complicados.<br \/>\nIncluye una gu\u00eda de experimentos para el desarrollo de la observaci\u00f3n, la investigaci\u00f3n aut\u00f3noma, el trabajo cooperativo y creatividad.<\/p>\n","protected":false},"excerpt":{"rendered":"<p>Aba es una gota de agua que viaja, se transforma, vuela y conoce a muchos ni\u00f1os y ni\u00f1as durante su viaje.<br \/>\n\u201cAba, el agua que viajaba\u201d pretende acercar a los ni\u00f1os y ni\u00f1as las siguientes ideas sobre el agua:<br \/>\n&#8211; El agua sigue un ciclo natural durante el cual se mueve y se transforma.<br \/>\n&#8211; Las propiedades del agua: transparencia, efecto lente, transformaciones, flotabilidad&#8230;<br \/>\n&#8211; C\u00f3mo las personas utilizamos el agua: bebida, riego, energ\u00eda renovable.<br \/>\nLectura de introducci\u00f3n y\/o motivaci\u00f3n para el trabajo de tem\u00e1ticas ambientales en el aula o en casa, para ni\u00f1os y ni\u00f1as de 4 a 7 a\u00f1os.<br \/>\nPara lograr este objetivo, es aconsejable no introducir todos los conceptos en una primera lectura, si no ir a\u00f1adi\u00e9ndolos poco a poco desde los m\u00e1s sencillos hasta los m\u00e1s complicados.<br \/>\nIncluye una gu\u00eda de experimentos para el desarrollo de la observaci\u00f3n, la investigaci\u00f3n aut\u00f3noma, el trabajo cooperativo y creatividad.<\/p>\n","protected":false},"featured_media":214,"comment_status":"open","ping_status":"closed","template":"","meta":{"_et_pb_use_builder":"","_et_pb_old_content":"","_et_gb_content_width":""},"product_brand":[],"product_cat":[35,19],"product_tag":[25],"class_list":{"0":"post-184","1":"product","2":"type-product","3":"status-publish","4":"has-post-thumbnail","6":"product_cat-cuentos-sobre-emociones-derechos-diversidad","7":"product_cat-editorial-octaedro","8":"product_tag-edicion-impresa","10":"first","11":"instock","12":"featured","13":"shipping-taxable","14":"product-type-external"},"_links":{"self":[{"href":"https:\/\/octaedro.com\/octaedro-infantil\/wp-json\/wp\/v2\/product\/184","targetHints":{"allow":["GET"]}}],"collection":[{"href":"https:\/\/octaedro.com\/octaedro-infantil\/wp-json\/wp\/v2\/product"}],"about":[{"href":"https:\/\/octaedro.com\/octaedro-infantil\/wp-json\/wp\/v2\/types\/product"}],"replies":[{"embeddable":true,"href":"https:\/\/octaedro.com\/octaedro-infantil\/wp-json\/wp\/v2\/comments?post=184"}],"wp:featuredmedia":[{"embeddable":true,"href":"https:\/\/octaedro.com\/octaedro-infantil\/wp-json\/wp\/v2\/media\/214"}],"wp:attachment":[{"href":"https:\/\/octaedro.com\/octaedro-infantil\/wp-json\/wp\/v2\/media?parent=184"}],"wp:term":[{"taxonomy":"product_brand","embeddable":true,"href":"https:\/\/octaedro.com\/octaedro-infantil\/wp-json\/wp\/v2\/product_brand?post=184"},{"taxonomy":"product_cat","embeddable":true,"href":"https:\/\/octaedro.com\/octaedro-infantil\/wp-json\/wp\/v2\/product_cat?post=184"},{"taxonomy":"product_tag","embeddable":true,"href":"https:\/\/octaedro.com\/octaedro-infantil\/wp-json\/wp\/v2\/product_tag?post=184"}],"curies":[{"name":"wp","href":"https:\/\/api.w.org\/{rel}","templated":true}]}}