{"id":183,"date":"2020-06-02T09:37:05","date_gmt":"2020-06-02T07:37:05","guid":{"rendered":"https:\/\/octaedro.com\/octaedro-infantil\/producto\/import-placeholder-for-17508\/"},"modified":"2020-06-02T11:38:39","modified_gmt":"2020-06-02T09:38:39","slug":"veo-veo-te-escucho-y-leo","status":"publish","type":"product","link":"https:\/\/octaedro.com\/octaedro-infantil\/producto\/veo-veo-te-escucho-y-leo\/","title":{"rendered":"Veo veo, te escucho y leo"},"content":{"rendered":"<p>Este libro se dirige a ni\u00f1os y ni\u00f1as de Educaci\u00f3n Infantil y primer ciclo de Ense\u00f1anza Primaria que comienzan a aprender a leer. Es, asimismo, un material de lectura de inter\u00e9s did\u00e1ctico y recreativo. Est\u00e1 compuesto de di\u00e1logos sencillos que configuran breves relatos ilustrados. Tambi\u00e9n aparecen poemas, juegos de palabras y adivinanzas. Todos los textos han sido seleccionados gradualmente atendiendo a las dificultades de aprendizaje de la lectura. Cada tema o cap\u00edtulo incluye un motivo formal \u2013sonido o letra\u2013 y desarrolla una peque\u00f1a historia cuyos protagonistas son animales que hablan. Alg\u00fan que otro payaso o bruja tambi\u00e9n se esconde entre sus p\u00e1ginas.<\/p>\n<p>De esta forma pretendemos que la lectura sea una experiencia comunicativa y l\u00fadica desde la primera letra. Las ilustraciones no solo aportan el contexto descriptivo, sino que son motivo de conversaci\u00f3n entre quien se inicia en la lectura y quien sirve de gu\u00eda, ya sea docente, padre o madre, en su papel de cuentacuentos. El lector novel f\u00e1cilmente se puede identificar con los personajes de las historias y participar de sus aventuras y descubrimientos a la vez que aprende.<\/p>\n<p>La variedad idiom\u00e1tica que se maneja permite que pueda ser de utilidad para la ense\u00f1anza del espa\u00f1ol lengua extranjera. Tambi\u00e9n, como vocabulario b\u00e1sico, tiene inter\u00e9s en la ense\u00f1anza de la escritura y, en particular, de la ortograf\u00eda elemental. Con estos recursos, el docente puede incluir actividades por iniciativa propia e incrementar el valor metodol\u00f3gico de su propio dise\u00f1o curricular. Junto a las lecturas infantiles se incluye una breve gu\u00eda did\u00e1ctica, id\u00f3nea para la puesta en pr\u00e1ctica.<\/p>\n","protected":false},"excerpt":{"rendered":"<p>Este libro se dirige a ni\u00f1os y ni\u00f1as de Educaci\u00f3n Infantil y primer ciclo de Ense\u00f1anza Primaria que comienzan a aprender a leer. Es, asimismo, un material de lectura de inter\u00e9s did\u00e1ctico y recreativo. Est\u00e1 compuesto de di\u00e1logos sencillos que configuran breves relatos ilustrados. Tambi\u00e9n aparecen poemas, juegos de palabras y adivinanzas. Todos los textos han sido seleccionados gradualmente atendiendo a las dificultades de aprendizaje de la lectura. Cada tema o cap\u00edtulo incluye un motivo formal \u2013sonido o letra\u2013 y desarrolla una peque\u00f1a historia cuyos protagonistas son animales que hablan. Alg\u00fan que otro payaso o bruja tambi\u00e9n se esconde entre sus p\u00e1ginas.<\/p>\n<p>De esta forma pretendemos que la lectura sea una experiencia comunicativa y l\u00fadica desde la primera letra. Las ilustraciones no solo aportan el contexto descriptivo, sino que son motivo de conversaci\u00f3n entre quien se inicia en la lectura y quien sirve de gu\u00eda, ya sea docente, padre o madre, en su papel de cuentacuentos. El lector novel f\u00e1cilmente se puede identificar con los personajes de las historias y participar de sus aventuras y descubrimientos a la vez que aprende.<\/p>\n<p>La variedad idiom\u00e1tica que se maneja permite que pueda ser de utilidad para la ense\u00f1anza del espa\u00f1ol lengua extranjera. Tambi\u00e9n, como vocabulario b\u00e1sico, tiene inter\u00e9s en la ense\u00f1anza de la escritura y, en particular, de la ortograf\u00eda elemental. Con estos recursos, el docente puede incluir actividades por iniciativa propia e incrementar el valor metodol\u00f3gico de su propio dise\u00f1o curricular. Junto a las lecturas infantiles se incluye una breve gu\u00eda did\u00e1ctica, id\u00f3nea para la puesta en pr\u00e1ctica.<\/p>\n","protected":false},"featured_media":213,"comment_status":"open","ping_status":"closed","template":"","meta":{"_et_pb_use_builder":"","_et_pb_old_content":"","_et_gb_content_width":""},"product_brand":[],"product_cat":[19,32],"product_tag":[25],"class_list":{"0":"post-183","1":"product","2":"type-product","3":"status-publish","4":"has-post-thumbnail","6":"product_cat-editorial-octaedro","7":"product_cat-temas-de-infancia","8":"product_tag-edicion-impresa","10":"first","11":"instock","12":"shipping-taxable","13":"product-type-external"},"_links":{"self":[{"href":"https:\/\/octaedro.com\/octaedro-infantil\/wp-json\/wp\/v2\/product\/183","targetHints":{"allow":["GET"]}}],"collection":[{"href":"https:\/\/octaedro.com\/octaedro-infantil\/wp-json\/wp\/v2\/product"}],"about":[{"href":"https:\/\/octaedro.com\/octaedro-infantil\/wp-json\/wp\/v2\/types\/product"}],"replies":[{"embeddable":true,"href":"https:\/\/octaedro.com\/octaedro-infantil\/wp-json\/wp\/v2\/comments?post=183"}],"wp:featuredmedia":[{"embeddable":true,"href":"https:\/\/octaedro.com\/octaedro-infantil\/wp-json\/wp\/v2\/media\/213"}],"wp:attachment":[{"href":"https:\/\/octaedro.com\/octaedro-infantil\/wp-json\/wp\/v2\/media?parent=183"}],"wp:term":[{"taxonomy":"product_brand","embeddable":true,"href":"https:\/\/octaedro.com\/octaedro-infantil\/wp-json\/wp\/v2\/product_brand?post=183"},{"taxonomy":"product_cat","embeddable":true,"href":"https:\/\/octaedro.com\/octaedro-infantil\/wp-json\/wp\/v2\/product_cat?post=183"},{"taxonomy":"product_tag","embeddable":true,"href":"https:\/\/octaedro.com\/octaedro-infantil\/wp-json\/wp\/v2\/product_tag?post=183"}],"curies":[{"name":"wp","href":"https:\/\/api.w.org\/{rel}","templated":true}]}}