{"id":180,"date":"2020-06-02T09:37:05","date_gmt":"2020-06-02T07:37:05","guid":{"rendered":"https:\/\/octaedro.com\/octaedro-infantil\/producto\/import-placeholder-for-17433\/"},"modified":"2020-06-02T11:38:41","modified_gmt":"2020-06-02T09:38:41","slug":"letras","status":"publish","type":"product","link":"https:\/\/octaedro.com\/octaedro-infantil\/producto\/letras\/","title":{"rendered":"Letras"},"content":{"rendered":"<p>Los trabajos de las ni\u00f1as y los ni\u00f1os del Carrau Blau nos muestran lo que podr\u00edamos denominar transformaci\u00f3n creativa de los grafismos y de las letras. Es como si buscasen el sentido perdido de estos signos o quiz\u00e1 como si repasaran la historia de la escritura. All\u00ed donde nosotros s\u00f3lo vemos una a, una m o una p, los ni\u00f1os giran estas letras, les dan la vuelta, las transforman, las reinventan, ponen un polvillo de emoci\u00f3n e imaginaci\u00f3n y, con descaro, buscan nuevos significados. De esta alquimia y de esta metamorfosis surgen, exactamente como por arte de magia y para maravilla de todo el mundo, poemas visuales. Es un proceso comparable a la invenci\u00f3n de los jerogl\u00edficos con los que nuestros antepasados iniciaron la comunicaci\u00f3n escrita.<\/p>\n","protected":false},"excerpt":{"rendered":"<p>Los trabajos de las ni\u00f1as y los ni\u00f1os del Carrau Blau nos muestran lo que podr\u00edamos denominar transformaci\u00f3n creativa de los grafismos y de las letras. Es como si buscasen el sentido perdido de estos signos o quiz\u00e1 como si repasaran la historia de la escritura. All\u00ed donde nosotros s\u00f3lo vemos una a, una m o una p, los ni\u00f1os giran estas letras, les dan la vuelta, las transforman, las reinventan, ponen un polvillo de emoci\u00f3n e imaginaci\u00f3n y, con descaro, buscan nuevos significados. De esta alquimia y de esta metamorfosis surgen, exactamente como por arte de magia y para maravilla de todo el mundo, poemas visuales. Es un proceso comparable a la invenci\u00f3n de los jerogl\u00edficos con los que nuestros antepasados iniciaron la comunicaci\u00f3n escrita.<\/p>\n","protected":false},"featured_media":210,"comment_status":"open","ping_status":"closed","template":"","meta":{"_et_pb_use_builder":"","_et_pb_old_content":"","_et_gb_content_width":""},"product_brand":[],"product_cat":[19,32],"product_tag":[25],"class_list":{"0":"post-180","1":"product","2":"type-product","3":"status-publish","4":"has-post-thumbnail","6":"product_cat-editorial-octaedro","7":"product_cat-temas-de-infancia","8":"product_tag-edicion-impresa","10":"first","11":"instock","12":"shipping-taxable","13":"product-type-external"},"_links":{"self":[{"href":"https:\/\/octaedro.com\/octaedro-infantil\/wp-json\/wp\/v2\/product\/180","targetHints":{"allow":["GET"]}}],"collection":[{"href":"https:\/\/octaedro.com\/octaedro-infantil\/wp-json\/wp\/v2\/product"}],"about":[{"href":"https:\/\/octaedro.com\/octaedro-infantil\/wp-json\/wp\/v2\/types\/product"}],"replies":[{"embeddable":true,"href":"https:\/\/octaedro.com\/octaedro-infantil\/wp-json\/wp\/v2\/comments?post=180"}],"wp:featuredmedia":[{"embeddable":true,"href":"https:\/\/octaedro.com\/octaedro-infantil\/wp-json\/wp\/v2\/media\/210"}],"wp:attachment":[{"href":"https:\/\/octaedro.com\/octaedro-infantil\/wp-json\/wp\/v2\/media?parent=180"}],"wp:term":[{"taxonomy":"product_brand","embeddable":true,"href":"https:\/\/octaedro.com\/octaedro-infantil\/wp-json\/wp\/v2\/product_brand?post=180"},{"taxonomy":"product_cat","embeddable":true,"href":"https:\/\/octaedro.com\/octaedro-infantil\/wp-json\/wp\/v2\/product_cat?post=180"},{"taxonomy":"product_tag","embeddable":true,"href":"https:\/\/octaedro.com\/octaedro-infantil\/wp-json\/wp\/v2\/product_tag?post=180"}],"curies":[{"name":"wp","href":"https:\/\/api.w.org\/{rel}","templated":true}]}}