{"id":173,"date":"2020-06-02T09:37:05","date_gmt":"2020-06-02T07:37:05","guid":{"rendered":"https:\/\/octaedro.com\/octaedro-infantil\/producto\/import-placeholder-for-17405\/"},"modified":"2020-06-02T11:38:45","modified_gmt":"2020-06-02T09:38:45","slug":"las-fuentes","status":"publish","type":"product","link":"https:\/\/octaedro.com\/octaedro-infantil\/producto\/las-fuentes\/","title":{"rendered":"Las fuentes"},"content":{"rendered":"<p>Las fuentes es el sexto libro de esta colecci\u00f3n que ahora concluye; cabe pensar que temporalmente. Su contenido constituye un recorrido apasionante sobre uno de los aspectos fundamentales de la pr\u00e1ctica y de la teor\u00eda en la pedagog\u00eda de las escuelas de Reggio Emilia: Proyectar.Proyectar es un juego riguroso de aprendizaje, un juego de peque\u00f1os y adultos juntos, un juego en el que la experimentaci\u00f3n y la reflexion compartidas, el trabajo con las manos y con los pensamientos, hacen crecer colectivamente una idea inicial, un proceso de co-construcci\u00f3n de conocimientos, de aprendizajes y de desarrollo.<\/p>\n","protected":false},"excerpt":{"rendered":"<p>Las fuentes es el sexto libro de esta colecci\u00f3n que ahora concluye; cabe pensar que temporalmente. Su contenido constituye un recorrido apasionante sobre uno de los aspectos fundamentales de la pr\u00e1ctica y de la teor\u00eda en la pedagog\u00eda de las escuelas de Reggio Emilia: Proyectar.Proyectar es un juego riguroso de aprendizaje, un juego de peque\u00f1os y adultos juntos, un juego en el que la experimentaci\u00f3n y la reflexion compartidas, el trabajo con las manos y con los pensamientos, hacen crecer colectivamente una idea inicial, un proceso de co-construcci\u00f3n de conocimientos, de aprendizajes y de desarrollo.<\/p>\n","protected":false},"featured_media":203,"comment_status":"open","ping_status":"closed","template":"","meta":{"_et_pb_use_builder":"","_et_pb_old_content":"","_et_gb_content_width":""},"product_brand":[],"product_cat":[19,32],"product_tag":[25],"class_list":{"0":"post-173","1":"product","2":"type-product","3":"status-publish","4":"has-post-thumbnail","6":"product_cat-editorial-octaedro","7":"product_cat-temas-de-infancia","8":"product_tag-edicion-impresa","10":"first","11":"instock","12":"shipping-taxable","13":"product-type-external"},"_links":{"self":[{"href":"https:\/\/octaedro.com\/octaedro-infantil\/wp-json\/wp\/v2\/product\/173","targetHints":{"allow":["GET"]}}],"collection":[{"href":"https:\/\/octaedro.com\/octaedro-infantil\/wp-json\/wp\/v2\/product"}],"about":[{"href":"https:\/\/octaedro.com\/octaedro-infantil\/wp-json\/wp\/v2\/types\/product"}],"replies":[{"embeddable":true,"href":"https:\/\/octaedro.com\/octaedro-infantil\/wp-json\/wp\/v2\/comments?post=173"}],"wp:featuredmedia":[{"embeddable":true,"href":"https:\/\/octaedro.com\/octaedro-infantil\/wp-json\/wp\/v2\/media\/203"}],"wp:attachment":[{"href":"https:\/\/octaedro.com\/octaedro-infantil\/wp-json\/wp\/v2\/media?parent=173"}],"wp:term":[{"taxonomy":"product_brand","embeddable":true,"href":"https:\/\/octaedro.com\/octaedro-infantil\/wp-json\/wp\/v2\/product_brand?post=173"},{"taxonomy":"product_cat","embeddable":true,"href":"https:\/\/octaedro.com\/octaedro-infantil\/wp-json\/wp\/v2\/product_cat?post=173"},{"taxonomy":"product_tag","embeddable":true,"href":"https:\/\/octaedro.com\/octaedro-infantil\/wp-json\/wp\/v2\/product_tag?post=173"}],"curies":[{"name":"wp","href":"https:\/\/api.w.org\/{rel}","templated":true}]}}