{"id":172,"date":"2020-06-02T09:37:05","date_gmt":"2020-06-02T07:37:05","guid":{"rendered":"https:\/\/octaedro.com\/octaedro-infantil\/producto\/import-placeholder-for-17404\/"},"modified":"2020-06-02T11:38:46","modified_gmt":"2020-06-02T09:38:46","slug":"ternura","status":"publish","type":"product","link":"https:\/\/octaedro.com\/octaedro-infantil\/producto\/ternura\/","title":{"rendered":"Ternura"},"content":{"rendered":"<p>Ternura. Una historia de Laura y Daniele muestra el ni\u00f1o real, el ni\u00f1o de carne y hueso, y de sentimientos, de emociones, de pasiones, de sensaciones, el ni\u00f1o poli\u00e9drico, completo como persona. \u00c9ste es el hilo conductor de la colecci\u00f3n La escucha que no se da, la escucha atenta del adulto, ese adulto acompa\u00f1ante que exige la pedagog\u00eda malaguzziana. Un ni\u00f1o complejo, que cuestiona y se cuestiona, que argumenta y contraargumenta, que se pone en el lugar del otro, que co-construye el futuro. Laura y Daniele han aprendido de la vida m\u00e1s all\u00e1 de la escuela, pero el La Villetta, su escuela, han encontrado las condiciones para compartir lo que iban descubriendo de la vida, un ambiente positivo para vivir felizmente la infancia.<\/p>\n","protected":false},"excerpt":{"rendered":"<p>Ternura. Una historia de Laura y Daniele muestra el ni\u00f1o real, el ni\u00f1o de carne y hueso, y de sentimientos, de emociones, de pasiones, de sensaciones, el ni\u00f1o poli\u00e9drico, completo como persona. \u00c9ste es el hilo conductor de la colecci\u00f3n La escucha que no se da, la escucha atenta del adulto, ese adulto acompa\u00f1ante que exige la pedagog\u00eda malaguzziana. Un ni\u00f1o complejo, que cuestiona y se cuestiona, que argumenta y contraargumenta, que se pone en el lugar del otro, que co-construye el futuro. Laura y Daniele han aprendido de la vida m\u00e1s all\u00e1 de la escuela, pero el La Villetta, su escuela, han encontrado las condiciones para compartir lo que iban descubriendo de la vida, un ambiente positivo para vivir felizmente la infancia.<\/p>\n","protected":false},"featured_media":202,"comment_status":"open","ping_status":"closed","template":"","meta":{"_et_pb_use_builder":"","_et_pb_old_content":"","_et_gb_content_width":""},"product_brand":[],"product_cat":[19,32],"product_tag":[25],"class_list":{"0":"post-172","1":"product","2":"type-product","3":"status-publish","4":"has-post-thumbnail","6":"product_cat-editorial-octaedro","7":"product_cat-temas-de-infancia","8":"product_tag-edicion-impresa","10":"first","11":"instock","12":"shipping-taxable","13":"product-type-external"},"_links":{"self":[{"href":"https:\/\/octaedro.com\/octaedro-infantil\/wp-json\/wp\/v2\/product\/172","targetHints":{"allow":["GET"]}}],"collection":[{"href":"https:\/\/octaedro.com\/octaedro-infantil\/wp-json\/wp\/v2\/product"}],"about":[{"href":"https:\/\/octaedro.com\/octaedro-infantil\/wp-json\/wp\/v2\/types\/product"}],"replies":[{"embeddable":true,"href":"https:\/\/octaedro.com\/octaedro-infantil\/wp-json\/wp\/v2\/comments?post=172"}],"wp:featuredmedia":[{"embeddable":true,"href":"https:\/\/octaedro.com\/octaedro-infantil\/wp-json\/wp\/v2\/media\/202"}],"wp:attachment":[{"href":"https:\/\/octaedro.com\/octaedro-infantil\/wp-json\/wp\/v2\/media?parent=172"}],"wp:term":[{"taxonomy":"product_brand","embeddable":true,"href":"https:\/\/octaedro.com\/octaedro-infantil\/wp-json\/wp\/v2\/product_brand?post=172"},{"taxonomy":"product_cat","embeddable":true,"href":"https:\/\/octaedro.com\/octaedro-infantil\/wp-json\/wp\/v2\/product_cat?post=172"},{"taxonomy":"product_tag","embeddable":true,"href":"https:\/\/octaedro.com\/octaedro-infantil\/wp-json\/wp\/v2\/product_tag?post=172"}],"curies":[{"name":"wp","href":"https:\/\/api.w.org\/{rel}","templated":true}]}}