{"id":168,"date":"2020-06-02T09:37:05","date_gmt":"2020-06-02T07:37:05","guid":{"rendered":"https:\/\/octaedro.com\/octaedro-infantil\/producto\/import-placeholder-for-17400\/"},"modified":"2020-06-02T11:38:49","modified_gmt":"2020-06-02T09:38:49","slug":"los-pequenos-del-cine-mudo","status":"publish","type":"product","link":"https:\/\/octaedro.com\/octaedro-infantil\/producto\/los-pequenos-del-cine-mudo\/","title":{"rendered":"Los peque\u00f1os del cine mudo"},"content":{"rendered":"<p>Con el libro Los peque\u00f1os del cine mudo, la revista Infacia inicia la nueva colecci\u00f3n La escucha que no se da. Se trata de una colecci\u00f3n sobre la experiencia pedag\u00f3gica de la ciudad italiana de Reggio Emilia, la referencia m\u00e1s relevante para la educaci\u00f3n de los m\u00e1s peque\u00f1os en este inicio de siglo.Esta colecci\u00f3n se propone rendir homenaje a Loris Malaguzzi, el creador de este laboratorio de pedagog\u00eda que constituyen las escuelas infantiles municipales de Reggio. Precisamente en este a\u00f1o 2004, en que tantos lugares del mundo celebran su existencia. En Los peque\u00f1os del cine mudo hay que prestar esmerada atenci\u00f3n. La forma y el fondo se funden en un todo de una coherencia excepcional entre el pensamiento pedag\u00f3gico que sustenta la obra y la narraci\u00f3n de la acci\u00f3n de los ni\u00f1os, que seduce y evidencia a la vez la competencia de los peque\u00f1os y la de unos adultos que conf\u00edan en las potencialidades de los ni\u00f1os. El lenguaje mudo del libro habla. Y habla porque alguien antes ha sido capaz de escuchar. Es la escucha, la manera de aproximarse al conocimiento de la infancia y la pedagog\u00eda que desarrolla situaciones favorables a la experimentaci\u00f3n, una experimentaci\u00f3n que genera conocimiento, tanto a los ni\u00f1os como a los adultos.<\/p>\n","protected":false},"excerpt":{"rendered":"<p>Con el libro Los peque\u00f1os del cine mudo, la revista Infacia inicia la nueva colecci\u00f3n La escucha que no se da. Se trata de una colecci\u00f3n sobre la experiencia pedag\u00f3gica de la ciudad italiana de Reggio Emilia, la referencia m\u00e1s relevante para la educaci\u00f3n de los m\u00e1s peque\u00f1os en este inicio de siglo.Esta colecci\u00f3n se propone rendir homenaje a Loris Malaguzzi, el creador de este laboratorio de pedagog\u00eda que constituyen las escuelas infantiles municipales de Reggio. Precisamente en este a\u00f1o 2004, en que tantos lugares del mundo celebran su existencia. En Los peque\u00f1os del cine mudo hay que prestar esmerada atenci\u00f3n. La forma y el fondo se funden en un todo de una coherencia excepcional entre el pensamiento pedag\u00f3gico que sustenta la obra y la narraci\u00f3n de la acci\u00f3n de los ni\u00f1os, que seduce y evidencia a la vez la competencia de los peque\u00f1os y la de unos adultos que conf\u00edan en las potencialidades de los ni\u00f1os. El lenguaje mudo del libro habla. Y habla porque alguien antes ha sido capaz de escuchar. Es la escucha, la manera de aproximarse al conocimiento de la infancia y la pedagog\u00eda que desarrolla situaciones favorables a la experimentaci\u00f3n, una experimentaci\u00f3n que genera conocimiento, tanto a los ni\u00f1os como a los adultos.<\/p>\n","protected":false},"featured_media":198,"comment_status":"open","ping_status":"closed","template":"","meta":{"_et_pb_use_builder":"","_et_pb_old_content":"","_et_gb_content_width":""},"product_brand":[],"product_cat":[19,32],"product_tag":[25],"class_list":{"0":"post-168","1":"product","2":"type-product","3":"status-publish","4":"has-post-thumbnail","6":"product_cat-editorial-octaedro","7":"product_cat-temas-de-infancia","8":"product_tag-edicion-impresa","10":"first","11":"instock","12":"shipping-taxable","13":"product-type-external"},"_links":{"self":[{"href":"https:\/\/octaedro.com\/octaedro-infantil\/wp-json\/wp\/v2\/product\/168","targetHints":{"allow":["GET"]}}],"collection":[{"href":"https:\/\/octaedro.com\/octaedro-infantil\/wp-json\/wp\/v2\/product"}],"about":[{"href":"https:\/\/octaedro.com\/octaedro-infantil\/wp-json\/wp\/v2\/types\/product"}],"replies":[{"embeddable":true,"href":"https:\/\/octaedro.com\/octaedro-infantil\/wp-json\/wp\/v2\/comments?post=168"}],"wp:featuredmedia":[{"embeddable":true,"href":"https:\/\/octaedro.com\/octaedro-infantil\/wp-json\/wp\/v2\/media\/198"}],"wp:attachment":[{"href":"https:\/\/octaedro.com\/octaedro-infantil\/wp-json\/wp\/v2\/media?parent=168"}],"wp:term":[{"taxonomy":"product_brand","embeddable":true,"href":"https:\/\/octaedro.com\/octaedro-infantil\/wp-json\/wp\/v2\/product_brand?post=168"},{"taxonomy":"product_cat","embeddable":true,"href":"https:\/\/octaedro.com\/octaedro-infantil\/wp-json\/wp\/v2\/product_cat?post=168"},{"taxonomy":"product_tag","embeddable":true,"href":"https:\/\/octaedro.com\/octaedro-infantil\/wp-json\/wp\/v2\/product_tag?post=168"}],"curies":[{"name":"wp","href":"https:\/\/api.w.org\/{rel}","templated":true}]}}