{"id":134,"date":"2020-06-02T09:37:01","date_gmt":"2020-06-02T07:37:01","guid":{"rendered":"https:\/\/octaedro.com\/octaedro-infantil\/producto\/import-placeholder-for-17396\/"},"modified":"2020-06-02T11:38:51","modified_gmt":"2020-06-02T09:38:51","slug":"espacios-en-armonia","status":"publish","type":"product","link":"https:\/\/octaedro.com\/octaedro-infantil\/producto\/espacios-en-armonia\/","title":{"rendered":"Espacios en armon\u00eda"},"content":{"rendered":"<p>Este libro pone de relieve la importancia de la relaci\u00f3n entre el hacer, el decir, el pensar y el sentir como maestros, de los paradigmas que sustentan nuestras pr\u00e1cticas (para lo que propone una revisi\u00f3n del hacer individual y colectivo), as\u00ed como de las creencias, las corrientes ideol\u00f3gicas y los modelos pedag\u00f3gicos que influencian nuestro d\u00eda a d\u00eda.<br \/>\nLa autora nos ofrece tanto elementos de reflexi\u00f3n como materiales de trabajo. Nos habla del concepto de infancia, de sus tiempos y momentos para el aprendizaje, de sus procesos de autonom\u00eda y de relaci\u00f3n y comunicaci\u00f3n.<br \/>\nTomando la imagen de infancia como punto de partida, la autora nos propone un conjunto de principios educativos como propuesta base para estructurar e intervenir en el espacio ambiente.<br \/>\nNos habla de la belleza, de la est\u00e9tica y de la habitabilidad del espacio, y de este como escenario que habla, que acoge y conforta, que permite, que provoca\u2026, de la escuela como lugar hermoso y amable, como espacio que invita, que da sentido y presencia a la vida cotidiana, que viste su ambiente desde la necesaria diversidad de materiales de distinta procedencia. Y nos muestra la relaci\u00f3n entre infancia y adultos como oportunidad de encuentro y de asombro para el descubrimiento y el conocimiento mutuos.<\/p>\n","protected":false},"excerpt":{"rendered":"<p>Este libro pone de relieve la importancia de la relaci\u00f3n entre el hacer, el decir, el pensar y el sentir como maestros, de los paradigmas que sustentan nuestras pr\u00e1cticas (para lo que propone una revisi\u00f3n del hacer individual y colectivo), as\u00ed como de las creencias, las corrientes ideol\u00f3gicas y los modelos pedag\u00f3gicos que influencian nuestro d\u00eda a d\u00eda.<br \/>\nLa autora nos ofrece tanto elementos de reflexi\u00f3n como materiales de trabajo. Nos habla del concepto de infancia, de sus tiempos y momentos para el aprendizaje, de sus procesos de autonom\u00eda y de relaci\u00f3n y comunicaci\u00f3n.<br \/>\nTomando la imagen de infancia como punto de partida, la autora nos propone un conjunto de principios educativos como propuesta base para estructurar e intervenir en el espacio ambiente.<br \/>\nNos habla de la belleza, de la est\u00e9tica y de la habitabilidad del espacio, y de este como escenario que habla, que acoge y conforta, que permite, que provoca\u2026, de la escuela como lugar hermoso y amable, como espacio que invita, que da sentido y presencia a la vida cotidiana, que viste su ambiente desde la necesaria diversidad de materiales de distinta procedencia. Y nos muestra la relaci\u00f3n entre infancia y adultos como oportunidad de encuentro y de asombro para el descubrimiento y el conocimiento mutuos.<\/p>\n","protected":false},"featured_media":164,"comment_status":"open","ping_status":"closed","template":"","meta":{"_et_pb_use_builder":"","_et_pb_old_content":"","_et_gb_content_width":""},"product_brand":[],"product_cat":[19,32],"product_tag":[23],"class_list":{"0":"post-134","1":"product","2":"type-product","3":"status-publish","4":"has-post-thumbnail","6":"product_cat-editorial-octaedro","7":"product_cat-temas-de-infancia","8":"product_tag-edicion-impresa-edicion-digital-epub","10":"first","11":"instock","12":"shipping-taxable","13":"product-type-external"},"_links":{"self":[{"href":"https:\/\/octaedro.com\/octaedro-infantil\/wp-json\/wp\/v2\/product\/134","targetHints":{"allow":["GET"]}}],"collection":[{"href":"https:\/\/octaedro.com\/octaedro-infantil\/wp-json\/wp\/v2\/product"}],"about":[{"href":"https:\/\/octaedro.com\/octaedro-infantil\/wp-json\/wp\/v2\/types\/product"}],"replies":[{"embeddable":true,"href":"https:\/\/octaedro.com\/octaedro-infantil\/wp-json\/wp\/v2\/comments?post=134"}],"wp:featuredmedia":[{"embeddable":true,"href":"https:\/\/octaedro.com\/octaedro-infantil\/wp-json\/wp\/v2\/media\/164"}],"wp:attachment":[{"href":"https:\/\/octaedro.com\/octaedro-infantil\/wp-json\/wp\/v2\/media?parent=134"}],"wp:term":[{"taxonomy":"product_brand","embeddable":true,"href":"https:\/\/octaedro.com\/octaedro-infantil\/wp-json\/wp\/v2\/product_brand?post=134"},{"taxonomy":"product_cat","embeddable":true,"href":"https:\/\/octaedro.com\/octaedro-infantil\/wp-json\/wp\/v2\/product_cat?post=134"},{"taxonomy":"product_tag","embeddable":true,"href":"https:\/\/octaedro.com\/octaedro-infantil\/wp-json\/wp\/v2\/product_tag?post=134"}],"curies":[{"name":"wp","href":"https:\/\/api.w.org\/{rel}","templated":true}]}}