{"id":133,"date":"2020-06-02T09:37:01","date_gmt":"2020-06-02T07:37:01","guid":{"rendered":"https:\/\/octaedro.com\/octaedro-infantil\/producto\/import-placeholder-for-17395\/"},"modified":"2020-06-02T11:38:52","modified_gmt":"2020-06-02T09:38:52","slug":"la-relacion-del-nino-con-su-entorno","status":"publish","type":"product","link":"https:\/\/octaedro.com\/octaedro-infantil\/producto\/la-relacion-del-nino-con-su-entorno\/","title":{"rendered":"La relaci\u00f3n del ni\u00f1o con su entorno"},"content":{"rendered":"<p>Este libro recopila algunos art\u00edculos del autor publicados en la revista In-fan-cia y otro in\u00e9dito, cuyo hilo conductor es la relaci\u00f3n que los ni\u00f1os y las ni\u00f1as establecen con su entorno, especialmente la relaci\u00f3n temprana de los m\u00e1s peque\u00f1os con la familia y la escuela.<br \/>\nEn primer lugar, veremos la importancia que tiene la calidad de las relaciones para construir un buen proceso evolutivo y, m\u00e1s adelante, la lectura nos permitir\u00e1 profundizar en el papel que desempe\u00f1a la escuela en el desarrollo psicosocial de los ni\u00f1os y las ni\u00f1as en las primeras edades.<br \/>\nEl autor nos ofrece asimismo algunas reflexiones para intentar comprender aquellos comportamientos menos habituales que a menudo crean desasosiego en la familia y en la escuela, indagando sobre algunas de sus causas.<br \/>\nEn otra parte del libro el autor trata con suma delicadeza el tema de la ruptura familiar y lo que supone esta experiencia para los distintos miembros de la familia.<br \/>\nPor \u00faltimo, el libro abre una reflexi\u00f3n sobre la responsabilidad compartida entre familia y escuela en relaci\u00f3n a la educaci\u00f3n de los ni\u00f1os y las ni\u00f1as y sobre la necesidad de complementarse con respeto, confianza mutua y buena comunicaci\u00f3n.<\/p>\n","protected":false},"excerpt":{"rendered":"<p>Este libro recopila algunos art\u00edculos del autor publicados en la revista In-fan-cia y otro in\u00e9dito, cuyo hilo conductor es la relaci\u00f3n que los ni\u00f1os y las ni\u00f1as establecen con su entorno, especialmente la relaci\u00f3n temprana de los m\u00e1s peque\u00f1os con la familia y la escuela.<br \/>\nEn primer lugar, veremos la importancia que tiene la calidad de las relaciones para construir un buen proceso evolutivo y, m\u00e1s adelante, la lectura nos permitir\u00e1 profundizar en el papel que desempe\u00f1a la escuela en el desarrollo psicosocial de los ni\u00f1os y las ni\u00f1as en las primeras edades.<br \/>\nEl autor nos ofrece asimismo algunas reflexiones para intentar comprender aquellos comportamientos menos habituales que a menudo crean desasosiego en la familia y en la escuela, indagando sobre algunas de sus causas.<br \/>\nEn otra parte del libro el autor trata con suma delicadeza el tema de la ruptura familiar y lo que supone esta experiencia para los distintos miembros de la familia.<br \/>\nPor \u00faltimo, el libro abre una reflexi\u00f3n sobre la responsabilidad compartida entre familia y escuela en relaci\u00f3n a la educaci\u00f3n de los ni\u00f1os y las ni\u00f1as y sobre la necesidad de complementarse con respeto, confianza mutua y buena comunicaci\u00f3n.<\/p>\n","protected":false},"featured_media":163,"comment_status":"open","ping_status":"closed","template":"","meta":{"_et_pb_use_builder":"","_et_pb_old_content":"","_et_gb_content_width":""},"product_brand":[],"product_cat":[19,32],"product_tag":[25],"class_list":{"0":"post-133","1":"product","2":"type-product","3":"status-publish","4":"has-post-thumbnail","6":"product_cat-editorial-octaedro","7":"product_cat-temas-de-infancia","8":"product_tag-edicion-impresa","10":"first","11":"instock","12":"shipping-taxable","13":"product-type-external"},"_links":{"self":[{"href":"https:\/\/octaedro.com\/octaedro-infantil\/wp-json\/wp\/v2\/product\/133","targetHints":{"allow":["GET"]}}],"collection":[{"href":"https:\/\/octaedro.com\/octaedro-infantil\/wp-json\/wp\/v2\/product"}],"about":[{"href":"https:\/\/octaedro.com\/octaedro-infantil\/wp-json\/wp\/v2\/types\/product"}],"replies":[{"embeddable":true,"href":"https:\/\/octaedro.com\/octaedro-infantil\/wp-json\/wp\/v2\/comments?post=133"}],"wp:featuredmedia":[{"embeddable":true,"href":"https:\/\/octaedro.com\/octaedro-infantil\/wp-json\/wp\/v2\/media\/163"}],"wp:attachment":[{"href":"https:\/\/octaedro.com\/octaedro-infantil\/wp-json\/wp\/v2\/media?parent=133"}],"wp:term":[{"taxonomy":"product_brand","embeddable":true,"href":"https:\/\/octaedro.com\/octaedro-infantil\/wp-json\/wp\/v2\/product_brand?post=133"},{"taxonomy":"product_cat","embeddable":true,"href":"https:\/\/octaedro.com\/octaedro-infantil\/wp-json\/wp\/v2\/product_cat?post=133"},{"taxonomy":"product_tag","embeddable":true,"href":"https:\/\/octaedro.com\/octaedro-infantil\/wp-json\/wp\/v2\/product_tag?post=133"}],"curies":[{"name":"wp","href":"https:\/\/api.w.org\/{rel}","templated":true}]}}